{"id":4303,"date":"2025-09-17T10:55:53","date_gmt":"2025-09-17T08:55:53","guid":{"rendered":"https:\/\/boreait.com\/hu\/?post_type=product&#038;p=4303"},"modified":"2025-09-17T10:56:46","modified_gmt":"2025-09-17T08:56:46","slug":"lenovo-thinkcentre-cpu-ventilator-hutoborda-00kt156-00kt155-hatekony-hutesi-megoldas","status":"publish","type":"product","link":"https:\/\/boreait.com\/hu\/termek\/lenovo-thinkcentre-cpu-ventilator-hutoborda-00kt156-00kt155-hatekony-hutesi-megoldas\/","title":{"rendered":"Lenovo Thinkcentre CPU ventil\u00e1tor h\u0171t\u0151borda 00KT156 00KT155 &#8211; Hat\u00e9kony h\u0171t\u00e9si megold\u00e1s!"},"content":{"rendered":"<p>A Lenovo Thinkcentre CPU Fan Heatsink 00KT156 00KT155 a t\u00f6k\u00e9letes h\u0171t\u00e9si megold\u00e1s annak biztos\u00edt\u00e1s\u00e1ra, hogy Lenovo Thinkcentre CPU-ja ide\u00e1lis m\u0171k\u00f6d\u00e9si h\u0151m\u00e9rs\u00e9kleten maradjon.<\/p>\n<p>F\u0151bb jellemz\u0151k:<\/p>\n<ul>\n<li>Alkatr\u00e9szsz\u00e1m: 00KT156 00KT155<\/li>\n<li>A Lenovo Thinkcentre sz\u00e1m\u00e1ra k\u00e9sz\u00fclt<\/li>\n<li>Hat\u00e9kony h\u0171t\u00e9si teljes\u00edtm\u00e9ny<\/li>\n<\/ul>\n<p>Ezt a ventil\u00e1tor h\u0171t\u0151bord\u00e1t a hat\u00e9konys\u00e1g \u00e9s a megb\u00edzhat\u00f3s\u00e1g szem el\u0151tt tart\u00e1s\u00e1val tervezt\u00e9k. Ez egy eredeti Lenovo komponens, amely garant\u00e1lja a kompatibilit\u00e1st \u00e9s a teljes\u00edtm\u00e9nyt. A t\u00falmeleged\u00e9s cs\u00f6kkenti a rendszer teljes\u00edtm\u00e9ny\u00e9t \u00e9s k\u00e1ros\u00edthatja a l\u00e9tfontoss\u00e1g\u00fa alkatr\u00e9szeket. A Lenovo Thinkcentre CPU Fan Heatsink seg\u00edts\u00e9g\u00e9vel biztos lehet benne, hogy rendszere z\u00f6kken\u0151mentesen fog m\u0171k\u00f6dni.<\/p>\n<p>K\u00e9rj\u00fck, vegye figyelembe, hogy ez a lista val\u00f3s f\u00e9nyk\u00e9peket tartalmaz a Lenovo Thinkcentre CPU ventil\u00e1tor h\u0171t\u0151bord\u00e1j\u00e1r\u00f3l 00KT156 00KT155, \u00e9s nem tartalmaz telep\u00edt\u00e9si utas\u00edt\u00e1st. Ha b\u00e1rmilyen k\u00e9rd\u00e9se van, vagy tov\u00e1bbi inform\u00e1ci\u00f3ra van sz\u00fcks\u00e9ge, forduljon hozz\u00e1nk bizalommal. Ezzel a hat\u00e9kony h\u0171t\u00e9si megold\u00e1ssal a Lenovo Thinkcentre a lehet\u0151 legjobban m\u0171k\u00f6dhet.<\/p>\n","protected":false},"excerpt":{"rendered":"<p>Friss\u00edtse Lenovo Thinkcentre h\u0171t\u0151rendszer\u00e9t a Lenovo Thinkcentre CPU ventil\u00e1tor h\u0171t\u0151bord\u00e1val 00KT156 00KT155. Ezt a megb\u00edzhat\u00f3 \u00e9s hat\u00e9kony ventil\u00e1tor h\u0171t\u0151bord\u00e1t \u00fagy tervezt\u00e9k, hogy a CPU h\u0171v\u00f6s maradjon, \u00e9s fenntartsa az optim\u00e1lis teljes\u00edtm\u00e9nyt. Ne hagyja, hogy a t\u00falmeleged\u00e9s lelass\u00edtsa; fektessen be ebbe a h\u0171t\u00e9si megold\u00e1sba m\u00e9g ma!<\/p>\n","protected":false},"featured_media":4350,"template":"","meta":[],"product_brand":[],"product_cat":[33],"product_tag":[26],"class_list":{"0":"post-4303","1":"product","2":"type-product","3":"status-publish","4":"has-post-thumbnail","6":"product_cat-cpu-fans-heatsinks","7":"product_tag-lenovo","9":"first","10":"instock","11":"taxable","12":"shipping-taxable","13":"purchasable","14":"product-type-simple"},"_links":{"self":[{"href":"https:\/\/boreait.com\/hu\/wp-json\/wp\/v2\/product\/4303","targetHints":{"allow":["GET"]}}],"collection":[{"href":"https:\/\/boreait.com\/hu\/wp-json\/wp\/v2\/product"}],"about":[{"href":"https:\/\/boreait.com\/hu\/wp-json\/wp\/v2\/types\/product"}],"wp:featuredmedia":[{"embeddable":true,"href":"https:\/\/boreait.com\/hu\/wp-json\/wp\/v2\/media\/4350"}],"wp:attachment":[{"href":"https:\/\/boreait.com\/hu\/wp-json\/wp\/v2\/media?parent=4303"}],"wp:term":[{"taxonomy":"product_brand","embeddable":true,"href":"https:\/\/boreait.com\/hu\/wp-json\/wp\/v2\/product_brand?post=4303"},{"taxonomy":"product_cat","embeddable":true,"href":"https:\/\/boreait.com\/hu\/wp-json\/wp\/v2\/product_cat?post=4303"},{"taxonomy":"product_tag","embeddable":true,"href":"https:\/\/boreait.com\/hu\/wp-json\/wp\/v2\/product_tag?post=4303"}],"curies":[{"name":"wp","href":"https:\/\/api.w.org\/{rel}","templated":true}]}}