{"id":4293,"date":"2025-09-17T10:55:27","date_gmt":"2025-09-17T08:55:27","guid":{"rendered":"https:\/\/boreait.com\/hu\/?post_type=product&#038;p=4293"},"modified":"2025-09-17T10:56:36","modified_gmt":"2025-09-17T08:56:36","slug":"intel-e97379-003-cpu-processzor-hutoventilator-115011551156-oem-4-tus-foglalathoz","status":"publish","type":"product","link":"https:\/\/boreait.com\/hu\/termek\/intel-e97379-003-cpu-processzor-hutoventilator-115011551156-oem-4-tus-foglalathoz\/","title":{"rendered":"Intel E97379-003 CPU processzor h\u0171t\u0151ventil\u00e1tor 115011551156 OEM 4 t\u0171s foglalathoz"},"content":{"rendered":"<p>Az Intel E97379-003 CPU processzorh\u0171t\u0151 ventil\u00e1tor a legjobb megold\u00e1s a CPU optim\u00e1lis m\u0171k\u00f6d\u00e9si h\u0151m\u00e9rs\u00e9klet\u00e9nek fenntart\u00e1s\u00e1hoz. Legyen sz\u00f3 PC-rajong\u00f3r\u00f3l vagy profir\u00f3l, ezt az OEM h\u0171t\u0151ventil\u00e1tort \u00fagy tervezt\u00e9k, hogy a Socket 1150, 1155 vagy 1156 alaplaphoz sz\u00fcks\u00e9ges h\u0171t\u00e9si teljes\u00edtm\u00e9nyt ny\u00fajtsa.<\/p>\n<p>F\u0151bb jellemz\u0151k:<\/p>\n<ul>\n<li>Socket kompatibilit\u00e1s: 1150, 1155, 1156<\/li>\n<li>4 t\u0171s csatlakoz\u00f3 a hat\u00e9kony h\u0171t\u00e9shez<\/li>\n<li>OEM (Eredeti Equipment Manufacturer) term\u00e9k<\/li>\n<li>Megb\u00edzhat\u00f3 h\u0171t\u00e9si megold\u00e1s<\/li>\n<\/ul>\n<p>Ez a h\u0171t\u0151ventil\u00e1tor biztos\u00edtja, hogy a CPU biztons\u00e1gos h\u0151m\u00e9rs\u00e9kleti tartom\u00e1nyban m\u0171k\u00f6dj\u00f6n, megel\u0151zve a t\u00falmeleged\u00e9st \u00e9s az esetleges k\u00e1rosod\u00e1st. A 4 t\u0171s csatlakoz\u00f3 biztos\u00edtja az optim\u00e1lis h\u0171t\u00e9si teljes\u00edtm\u00e9nyt, \u00edgy kiv\u00e1l\u00f3 v\u00e1laszt\u00e1s azok sz\u00e1m\u00e1ra, akik rendszer\u00fck hat\u00e9kony h\u0171t\u00e9s\u00e9re v\u00e1gynak.<\/p>\n<p><strong>Megjegyz\u00e9s:<\/strong> Ez a lista val\u00f3di f\u00e9nyk\u00e9peket tartalmaz az Intel E97379-003 processzorh\u0171t\u0151 ventil\u00e1torr\u00f3l. Ez egy OEM term\u00e9k, \u00e9s nem tartalmaz telep\u00edt\u00e9si utas\u00edt\u00e1st. Ha b\u00e1rmilyen k\u00e9rd\u00e9se van, vagy tov\u00e1bbi inform\u00e1ci\u00f3ra van sz\u00fcks\u00e9ge, forduljon hozz\u00e1nk bizalommal. Ezzel a megb\u00edzhat\u00f3 Intel h\u0171t\u0151ventil\u00e1torral h\u0171v\u00f6sen tarthatja CPU-j\u00e1t, \u00e9s z\u00f6kken\u0151mentesen m\u0171k\u00f6dhet rendszere.<\/p>\n","protected":false},"excerpt":{"rendered":"<p>Fokozza sz\u00e1m\u00edt\u00f3g\u00e9pe h\u0171t\u00e9s\u00e9t az Intel E97379-003 processzorh\u0171t\u0151 ventil\u00e1torral. Az 1150-es, 1155-\u00f6s \u00e9s 1156-os aljzatokhoz tervezett OEM h\u0171t\u00e9si megold\u00e1s 4 t\u0171s csatlakoz\u00f3val rendelkezik a hat\u00e9kony \u00e9s megb\u00edzhat\u00f3 h\u0171t\u00e9s \u00e9rdek\u00e9ben. Tartsa CPU-j\u00e1t a megfelel\u0151 h\u0151m\u00e9rs\u00e9kleten az optim\u00e1lis teljes\u00edtm\u00e9ny \u00e9rdek\u00e9ben.<\/p>\n","protected":false},"featured_media":4332,"template":"","meta":[],"product_brand":[],"product_cat":[33],"product_tag":[],"class_list":{"0":"post-4293","1":"product","2":"type-product","3":"status-publish","4":"has-post-thumbnail","6":"product_cat-cpu-fans-heatsinks","8":"first","9":"instock","10":"taxable","11":"shipping-taxable","12":"purchasable","13":"product-type-simple"},"_links":{"self":[{"href":"https:\/\/boreait.com\/hu\/wp-json\/wp\/v2\/product\/4293","targetHints":{"allow":["GET"]}}],"collection":[{"href":"https:\/\/boreait.com\/hu\/wp-json\/wp\/v2\/product"}],"about":[{"href":"https:\/\/boreait.com\/hu\/wp-json\/wp\/v2\/types\/product"}],"wp:featuredmedia":[{"embeddable":true,"href":"https:\/\/boreait.com\/hu\/wp-json\/wp\/v2\/media\/4332"}],"wp:attachment":[{"href":"https:\/\/boreait.com\/hu\/wp-json\/wp\/v2\/media?parent=4293"}],"wp:term":[{"taxonomy":"product_brand","embeddable":true,"href":"https:\/\/boreait.com\/hu\/wp-json\/wp\/v2\/product_brand?post=4293"},{"taxonomy":"product_cat","embeddable":true,"href":"https:\/\/boreait.com\/hu\/wp-json\/wp\/v2\/product_cat?post=4293"},{"taxonomy":"product_tag","embeddable":true,"href":"https:\/\/boreait.com\/hu\/wp-json\/wp\/v2\/product_tag?post=4293"}],"curies":[{"name":"wp","href":"https:\/\/api.w.org\/{rel}","templated":true}]}}