{"id":4291,"date":"2025-09-17T10:55:25","date_gmt":"2025-09-17T08:55:25","guid":{"rendered":"https:\/\/boreait.com\/hu\/?post_type=product&#038;p=4291"},"modified":"2026-01-12T10:23:57","modified_gmt":"2026-01-12T09:23:57","slug":"hp-compaq-aub0912vh-dc-kefe-nelkuli-ventilator-dc12v-060-a-hatekony-hutes-a-rendszer-szamara","status":"publish","type":"product","link":"https:\/\/boreait.com\/hu\/termek\/hp-compaq-aub0912vh-dc-kefe-nelkuli-ventilator-dc12v-060-a-hatekony-hutes-a-rendszer-szamara\/","title":{"rendered":"HP Compaq AUB0912VH DC kefe n\u00e9lk\u00fcli ventil\u00e1tor DC12V 0,60 A \u2013 Hat\u00e9kony h\u0171t\u00e9s a rendszer sz\u00e1m\u00e1ra"},"content":{"rendered":"<p>A HP Compaq AUB0912VH DC kefe n\u00e9lk\u00fcli ventil\u00e1tor t\u00f6k\u00e9letes megold\u00e1s a rendszer ide\u00e1lis m\u0171k\u00f6d\u00e9si h\u0151m\u00e9rs\u00e9klet\u00e9nek fenntart\u00e1s\u00e1hoz. A 0,60 A DC12V n\u00e9vleges teljes\u00edtm\u00e9ny\u0171 ventil\u00e1tor hat\u00e9kony \u00e9s egyenletes h\u0171t\u00e9st biztos\u00edt a t\u00falmeleged\u00e9s \u00e9s a rendszer lelassul\u00e1s\u00e1nak elker\u00fcl\u00e9se \u00e9rdek\u00e9ben.<\/p>\n<p>F\u0151bb jellemz\u0151k:<\/p>\n<ul>\n<li>Ventil\u00e1tor t\u00edpusa: DC kefe n\u00e9lk\u00fcli ventil\u00e1tor<\/li>\n<li>Fesz\u00fclts\u00e9g: 12V<\/li>\n<li>Amper: 0,60 A<\/li>\n<li>El\u0151seg\u00edti az optim\u00e1lis l\u00e9g\u00e1raml\u00e1st \u00e9s h\u0171t\u00e9st<\/li>\n<li>Jav\u00edtja a rendszer teljes\u00edtm\u00e9ny\u00e9t \u00e9s \u00e9lettartam\u00e1t<\/li>\n<\/ul>\n<p>Ez a HP Compaq ventil\u00e1tor megb\u00edzhat\u00f3 v\u00e1laszt\u00e1s rendszere h\u0171t\u00e9si megold\u00e1s\u00e1nak cser\u00e9j\u00e9hez vagy friss\u00edt\u00e9s\u00e9hez. Ak\u00e1r \u00faj rendszert \u00e9p\u00edt, ak\u00e1r elhaszn\u00e1l\u00f3dott ventil\u00e1tort cser\u00e9l, b\u00edzhat ebben a ventil\u00e1torban, hogy hardver\u00e9t h\u0171v\u00f6sen tartja a neh\u00e9z k\u00f6r\u00fclm\u00e9nyek k\u00f6z\u00f6tt is.<\/p>\n<p>K\u00e9rj\u00fck, vegye figyelembe, hogy ez a lista a HP Compaq AUB0912VH DC kefe n\u00e9lk\u00fcli ventil\u00e1tor t\u00e9nyleges term\u00e9kfot\u00f3it tartalmazza, \u00e9s nem ad hozz\u00e1 telep\u00edt\u00e9si \u00fatmutat\u00f3t. Ha b\u00e1rmilyen k\u00e9rd\u00e9se van, vagy tov\u00e1bbi inform\u00e1ci\u00f3ra van sz\u00fcks\u00e9ge, k\u00e9rj\u00fck, forduljon hozz\u00e1nk bizalommal. Jav\u00edtsa rendszere h\u0171t\u00e9si k\u00e9pess\u00e9geit \u00e9s biztos\u00edtsa a hat\u00e9kony teljes\u00edtm\u00e9nyt ezzel a HP Compaq ventil\u00e1torral.<\/p>\n","protected":false},"excerpt":{"rendered":"<p>N\u00f6velje rendszere h\u0171t\u00e9si hat\u00e9konys\u00e1g\u00e1t a HP Compaq AUB0912VH DC kefe n\u00e9lk\u00fcli ventil\u00e1torral. Ezt a kiv\u00e1l\u00f3 min\u0151s\u00e9g\u0171, 0,60 A DC12V-os ventil\u00e1tort \u00fagy tervezt\u00e9k, hogy rendszere optim\u00e1lis h\u0151m\u00e9rs\u00e9kleten m\u0171k\u00f6dj\u00f6n, megb\u00edzhat\u00f3 teljes\u00edtm\u00e9nyt biztos\u00edtva. Tartsa hidegen hardver\u00e9t, \u00e9s hosszabb\u00edtsa meg \u00e9lettartam\u00e1t ezzel a HP Compaq ventil\u00e1torral.<\/p>\n","protected":false},"featured_media":4330,"template":"","meta":[],"product_brand":[],"product_cat":[33],"product_tag":[],"class_list":{"0":"post-4291","1":"product","2":"type-product","3":"status-publish","4":"has-post-thumbnail","6":"product_cat-cpu-fans-heatsinks","8":"first","9":"instock","10":"taxable","11":"shipping-taxable","12":"purchasable","13":"product-type-simple"},"_links":{"self":[{"href":"https:\/\/boreait.com\/hu\/wp-json\/wp\/v2\/product\/4291","targetHints":{"allow":["GET"]}}],"collection":[{"href":"https:\/\/boreait.com\/hu\/wp-json\/wp\/v2\/product"}],"about":[{"href":"https:\/\/boreait.com\/hu\/wp-json\/wp\/v2\/types\/product"}],"wp:featuredmedia":[{"embeddable":true,"href":"https:\/\/boreait.com\/hu\/wp-json\/wp\/v2\/media\/4330"}],"wp:attachment":[{"href":"https:\/\/boreait.com\/hu\/wp-json\/wp\/v2\/media?parent=4291"}],"wp:term":[{"taxonomy":"product_brand","embeddable":true,"href":"https:\/\/boreait.com\/hu\/wp-json\/wp\/v2\/product_brand?post=4291"},{"taxonomy":"product_cat","embeddable":true,"href":"https:\/\/boreait.com\/hu\/wp-json\/wp\/v2\/product_cat?post=4291"},{"taxonomy":"product_tag","embeddable":true,"href":"https:\/\/boreait.com\/hu\/wp-json\/wp\/v2\/product_tag?post=4291"}],"curies":[{"name":"wp","href":"https:\/\/api.w.org\/{rel}","templated":true}]}}