{"id":4275,"date":"2025-09-17T10:54:21","date_gmt":"2025-09-17T08:54:21","guid":{"rendered":"https:\/\/boreait.com\/hu\/?post_type=product&#038;p=4275"},"modified":"2025-09-17T10:56:24","modified_gmt":"2025-09-17T08:56:24","slug":"dell-latitude-14-7404-xfr-sarok-gumi-lokharito-bal-felso-rxxg2-01-laptop-alkatreszek","status":"publish","type":"product","link":"https:\/\/boreait.com\/hu\/termek\/dell-latitude-14-7404-xfr-sarok-gumi-lokharito-bal-felso-rxxg2-01-laptop-alkatreszek\/","title":{"rendered":"DELL LATITUDE 14 7404 XFR sarok gumi l\u00f6kh\u00e1r\u00edt\u00f3 bal fels\u0151 RXXG2 (01) &#8211; Laptop alkatr\u00e9szek"},"content":{"rendered":"<p>Gondoskodjon DELL LATITUDE 14 7404 XFR laptopj\u00e1nak biztons\u00e1g\u00e1r\u00f3l \u00e9s m\u0171k\u00f6d\u0151k\u00e9pess\u00e9g\u00e9r\u0151l az eredeti RXXG2 (01) sarokgumi l\u00f6kh\u00e1r\u00edt\u00f3 (bal fels\u0151) cserealkatr\u00e9sz\u00fcnkkel. Amikor a kop\u00e1s megteszi a hat\u00e1s\u00e1t, ez az alkatr\u00e9sz t\u00f6k\u00e9letes megold\u00e1st ny\u00fajt.<\/p>\n<p>**A term\u00e9k jellemz\u0151i:**<\/p>\n<p>&#8211; **Kompatibilit\u00e1s:** Kifejezetten a DELL LATITUDE 14 7404 XFR laptopokhoz tervezt\u00e9k.<\/p>\n<p>&#8211; **Min\u0151s\u00e9gbiztos\u00edt\u00e1s:** Cserealkatr\u00e9szeink a legjobb min\u0151s\u00e9g\u0171ek, biztos\u00edtva a pontos illeszked\u00e9st \u00e9s a hossz\u00fa \u00e9lettartamot.<\/p>\n<p>&#8211; **Egyszer\u0171 telep\u00edt\u00e9s:** K\u00f6nnyed\u00e9n kicser\u00e9lheti a s\u00e9r\u00fclt l\u00f6kh\u00e1r\u00edt\u00f3t, utas\u00edt\u00e1sok n\u00e9lk\u00fcl, de forduljon hozz\u00e1nk bizalommal \u00fatmutat\u00e1s\u00e9rt.<\/p>\n<p>&#8211; **Glob\u00e1lis sz\u00e1ll\u00edt\u00e1s:** Vil\u00e1gszerte k\u00edn\u00e1lunk sz\u00e1ll\u00edt\u00e1st, hogy b\u00e1rhol is el\u00e9rje \u00fcgyfeleit.<\/p>\n<p>K\u00e9rj\u00fck, vegye figyelembe, hogy ez a term\u00e9k csak a sarokgumi l\u00f6kh\u00e1r\u00edt\u00f3t (bal fent) tartalmazza. Telep\u00edt\u00e9si utas\u00edt\u00e1sokat nem adunk, de csapatunk k\u00e9szs\u00e9ggel \u00e1ll rendelkez\u00e9s\u00e9re b\u00e1rmilyen k\u00e9rd\u00e9sben. Gondoskodjon laptopja v\u00e9delm\u00e9r\u0151l \u00e9s tart\u00f3ss\u00e1g\u00e1r\u00f3l \u2013 rendelje meg a cserealkatr\u00e9szt most.<\/p>\n","protected":false},"excerpt":{"rendered":"<p>Cser\u00e9lje ki DELL LATITUDE 14 7404 XFR s\u00e9r\u00fclt sarokgumi l\u00f6kh\u00e1r\u00edt\u00f3j\u00e1t (balra fent) erre az eredeti RXXG2 (01) cserealkatr\u00e9szre. Kiv\u00e1l\u00f3 min\u0151s\u00e9g\u0171 \u00e9s kompatibilis a laptopj\u00e1val, vissza\u00e1ll\u00edtja a v\u00e9delmet \u00e9s a tart\u00f3ss\u00e1got. Vil\u00e1gszerte el\u00e9rhet\u0151 sz\u00e1ll\u00edt\u00e1s.<\/p>\n","protected":false},"featured_media":4323,"template":"","meta":[],"product_brand":[],"product_cat":[16],"product_tag":[17],"class_list":{"0":"post-4275","1":"product","2":"type-product","3":"status-publish","4":"has-post-thumbnail","6":"product_cat-laptop-housing","7":"product_tag-dell","9":"first","10":"instock","11":"taxable","12":"shipping-taxable","13":"purchasable","14":"product-type-simple"},"_links":{"self":[{"href":"https:\/\/boreait.com\/hu\/wp-json\/wp\/v2\/product\/4275","targetHints":{"allow":["GET"]}}],"collection":[{"href":"https:\/\/boreait.com\/hu\/wp-json\/wp\/v2\/product"}],"about":[{"href":"https:\/\/boreait.com\/hu\/wp-json\/wp\/v2\/types\/product"}],"wp:featuredmedia":[{"embeddable":true,"href":"https:\/\/boreait.com\/hu\/wp-json\/wp\/v2\/media\/4323"}],"wp:attachment":[{"href":"https:\/\/boreait.com\/hu\/wp-json\/wp\/v2\/media?parent=4275"}],"wp:term":[{"taxonomy":"product_brand","embeddable":true,"href":"https:\/\/boreait.com\/hu\/wp-json\/wp\/v2\/product_brand?post=4275"},{"taxonomy":"product_cat","embeddable":true,"href":"https:\/\/boreait.com\/hu\/wp-json\/wp\/v2\/product_cat?post=4275"},{"taxonomy":"product_tag","embeddable":true,"href":"https:\/\/boreait.com\/hu\/wp-json\/wp\/v2\/product_tag?post=4275"}],"curies":[{"name":"wp","href":"https:\/\/api.w.org\/{rel}","templated":true}]}}