{"id":4254,"date":"2025-09-17T10:53:25","date_gmt":"2025-09-17T08:53:25","guid":{"rendered":"https:\/\/boreait.com\/hu\/?post_type=product&#038;p=4254"},"modified":"2025-09-17T10:55:59","modified_gmt":"2025-09-17T08:55:59","slug":"eredeti-dell-latitude-7404-robusztus-dokkolo-csatlakozokartya-kabelekkel-0800-0g04b00","status":"publish","type":"product","link":"https:\/\/boreait.com\/hu\/termek\/eredeti-dell-latitude-7404-robusztus-dokkolo-csatlakozokartya-kabelekkel-0800-0g04b00\/","title":{"rendered":"Eredeti Dell Latitude 7404 robusztus dokkol\u00f3 csatlakoz\u00f3k\u00e1rtya k\u00e1belekkel &#8211; 0800-0G04B00"},"content":{"rendered":"<p>B\u0151v\u00edtse Dell Latitude 7404 Rugged laptopja dokkol\u00e1si k\u00e9pess\u00e9geit ezzel az autentikus dokkol\u00f3 csatlakoz\u00f3k\u00e1rty\u00e1val \u00e9s k\u00e1belekkel. Ezt a prec\u00edzi\u00f3s tervez\u00e9s\u0171 laptop alkatr\u00e9szt \u00fagy tervezt\u00e9k, hogy t\u00f6k\u00e9letesen illeszkedjen az eszk\u00f6zh\u00f6z, megb\u00edzhat\u00f3 kapcsolatot k\u00edn\u00e1lva a dokkol\u00f3 feladatokhoz.<\/p>\n<p>**F\u0151bb jellemz\u0151k:**<\/p>\n<p>&#8211; Kompatibilit\u00e1s: A Dell Latitude 7404 Rugged laptophoz igaz\u00edtva, biztons\u00e1gos \u00e9s megb\u00edzhat\u00f3 dokkol\u00e1si \u00e9lm\u00e9nyt biztos\u00edtva.<\/p>\n<p>&#8211; Eredeti min\u0151s\u00e9g: Ez a dokkol\u00f3-csatlakoz\u00f3k\u00e1rtya \u00e9s -k\u00e1belek eredeti Dell-alkatr\u00e9szek, amelyek kiv\u00e1l\u00f3 min\u0151s\u00e9get, tart\u00f3ss\u00e1got \u00e9s kompatibilit\u00e1st garant\u00e1lnak.<\/p>\n<p>&#8211; Tov\u00e1bbfejlesztett csatlakoztathat\u00f3s\u00e1g: N\u00f6velje robusztus laptopja csatlakoz\u00e1si lehet\u0151s\u00e9geit, \u00edgy sokoldal\u00fabb\u00e1 \u00e9s hat\u00e9konyabb\u00e1 teheti a k\u00fcl\u00f6nf\u00e9le feladatokat.<\/p>\n<p>Magabiztosan friss\u00edtse Dell Latitude 7404 robusztus laptopj\u00e1t, tudva, hogy eredeti Dell Latitude laptop alkatr\u00e9szeket haszn\u00e1l. Tapasztalja meg a jobb csatlakoztathat\u00f3s\u00e1got, \u00e9s tegye sokoldal\u00fabb\u00e1 laptopj\u00e1t sz\u00e1mos feladat elv\u00e9gz\u00e9s\u00e9re. Optimaliz\u00e1lja dokkol\u00e1si \u00e9lm\u00e9ny\u00e9t ezzel a Dell Latitude 7404 robusztus dokkol\u00f3 csatlakoz\u00f3k\u00e1rty\u00e1val \u00e9s k\u00e1belekkel.<\/p>\n<p>K\u00e9rj\u00fck, vegye figyelembe, hogy a list\u00e1nkon szerepl\u0151 term\u00e9kk\u00e9pek val\u00f3di fot\u00f3k a t\u00e9nylegesen beszerzett alkatr\u00e9szekr\u0151l, ezzel biztos\u00edtva az \u00e1tl\u00e1that\u00f3s\u00e1got \u00e9s a bizalmat \u00fcgyfeleink sz\u00e1m\u00e1ra. Ha k\u00e9rd\u00e9se van, vagy seg\u00edts\u00e9gre van sz\u00fcks\u00e9ge a telep\u00edt\u00e9shez, forduljon hozz\u00e1nk bizalommal. Az\u00e9rt vagyunk itt, hogy seg\u00edts\u00fcnk.<\/p>\n","protected":false},"excerpt":{"rendered":"<p>Fokozza Dell Latitude 7404 Rugged laptopja csatlakoztathat\u00f3s\u00e1g\u00e1t ezzel az eredeti dokkol\u00f3 csatlakoz\u00f3k\u00e1rty\u00e1val \u00e9s k\u00e1belekkel. \u00dagy tervezt\u00e9k, hogy z\u00f6kken\u0151mentesen illeszkedjen, ez a kiv\u00e1l\u00f3 min\u0151s\u00e9g\u0171 alkatr\u00e9sz biztons\u00e1gos csatlakoz\u00e1st biztos\u00edt a dokkol\u00e1shoz. B\u0151v\u00edtse robusztus laptopja k\u00e9pess\u00e9geit k\u00f6nnyed\u00e9n. Rendeljen most, hogy optimaliz\u00e1lja Latitude 7404 Rugged laptopja dokkol\u00e1si \u00e9lm\u00e9ny\u00e9t.<\/p>\n","protected":false},"featured_media":4307,"template":"","meta":[],"product_brand":[],"product_cat":[27],"product_tag":[17],"class_list":{"0":"post-4254","1":"product","2":"type-product","3":"status-publish","4":"has-post-thumbnail","6":"product_cat-motherboards-board-parts","7":"product_tag-dell","9":"first","10":"instock","11":"taxable","12":"shipping-taxable","13":"purchasable","14":"product-type-simple"},"_links":{"self":[{"href":"https:\/\/boreait.com\/hu\/wp-json\/wp\/v2\/product\/4254","targetHints":{"allow":["GET"]}}],"collection":[{"href":"https:\/\/boreait.com\/hu\/wp-json\/wp\/v2\/product"}],"about":[{"href":"https:\/\/boreait.com\/hu\/wp-json\/wp\/v2\/types\/product"}],"wp:featuredmedia":[{"embeddable":true,"href":"https:\/\/boreait.com\/hu\/wp-json\/wp\/v2\/media\/4307"}],"wp:attachment":[{"href":"https:\/\/boreait.com\/hu\/wp-json\/wp\/v2\/media?parent=4254"}],"wp:term":[{"taxonomy":"product_brand","embeddable":true,"href":"https:\/\/boreait.com\/hu\/wp-json\/wp\/v2\/product_brand?post=4254"},{"taxonomy":"product_cat","embeddable":true,"href":"https:\/\/boreait.com\/hu\/wp-json\/wp\/v2\/product_cat?post=4254"},{"taxonomy":"product_tag","embeddable":true,"href":"https:\/\/boreait.com\/hu\/wp-json\/wp\/v2\/product_tag?post=4254"}],"curies":[{"name":"wp","href":"https:\/\/api.w.org\/{rel}","templated":true}]}}