{"id":4244,"date":"2025-09-17T10:52:57","date_gmt":"2025-09-17T08:52:57","guid":{"rendered":"https:\/\/boreait.com\/hu\/?post_type=product&#038;p=4244"},"modified":"2026-01-14T09:38:43","modified_gmt":"2026-01-14T08:38:43","slug":"dell-latitude-5404-7404-strapabiro-express-kartyaolvaso-fn7t6-0fn7t6-eredeti-laptop-alkatreszek","status":"publish","type":"product","link":"https:\/\/boreait.com\/hu\/termek\/dell-latitude-5404-7404-strapabiro-express-kartyaolvaso-fn7t6-0fn7t6-eredeti-laptop-alkatreszek\/","title":{"rendered":"Dell Latitude 5404 7404 strapab\u00edr\u00f3 Express k\u00e1rtyaolvas\u00f3 FN7T6 0FN7T6 \u2013 Eredeti laptop-alkatr\u00e9szek"},"content":{"rendered":"<p>Fokozza Dell Latitude 5404 vagy 7404 Rugged laptopja funkcionalit\u00e1s\u00e1t az eredeti Express k\u00e1rtyaolvas\u00f3 FN7T6 0FN7T6 cser\u00e9j\u00e9vel. Ezt a kiv\u00e1l\u00f3 min\u0151s\u00e9g\u0171 k\u00e1rtyaolvas\u00f3t \u00fagy tervezt\u00e9k, hogy t\u00f6k\u00e9letesen illeszkedjen a robusztus laptophoz, \u00e9s probl\u00e9mamentes telep\u00edt\u00e9st \u00e9s z\u00f6kken\u0151mentes friss\u00edt\u00e9si folyamatot biztos\u00edt. Ak\u00e1r jelenlegi k\u00e1rtyaolvas\u00f3ja hib\u00e1san m\u0171k\u00f6dik, ak\u00e1r laptopja k\u00e9pess\u00e9geit szeretn\u00e9 b\u0151v\u00edteni, ez a komponens a t\u00f6k\u00e9letes megold\u00e1s.<\/p>\n<p>**F\u0151bb jellemz\u0151k:**<\/p>\n<p>&#8211; Kompatibilit\u00e1s: a Dell Latitude 5404 \u00e9s 7404 robusztus laptopokhoz igaz\u00edtva, garant\u00e1lva a biztons\u00e1gos \u00e9s pontos illeszked\u00e9st.<\/p>\n<p>&#8211; Val\u00f3di min\u0151s\u00e9g: Kiv\u00e1l\u00f3 min\u0151s\u00e9g\u0171 anyagokb\u00f3l k\u00e9sz\u00fclt a tart\u00f3ss\u00e1g, a hossz\u00fa \u00e9lettartam \u00e9s a megb\u00edzhat\u00f3 adat\u00e1tvitel \u00e9rdek\u00e9ben.<\/p>\n<p>&#8211; B\u0151v\u00edtse lehet\u0151s\u00e9geit: Az Express k\u00e1rtyaolvas\u00f3val k\u00f6nnyed\u00e9n hozz\u00e1adhat \u00faj funkci\u00f3kat massz\u00edv laptopj\u00e1hoz, \u00edgy m\u00e9g sokoldal\u00fabb\u00e1 teszi.<\/p>\n<p>&#8211; Tartsa m\u0171k\u00f6d\u0151k\u00e9pes laptopj\u00e1t: Eredeti laptop-alkatr\u00e9szekkel val\u00f3 friss\u00edt\u00e9ssel gondoskodjon arr\u00f3l, hogy Dell Latitude Rugged laptopja tov\u00e1bbra is a legjobb teljes\u00edtm\u00e9nyt ny\u00fajtsa.<\/p>\n<p>Amikor t\u0151l\u00fcnk rendel, b\u00edzhat abban, hogy a list\u00e1nkon szerepl\u0151 term\u00e9kk\u00e9pek az \u00d6n \u00e1ltal megkapott alkatr\u00e9szek val\u00f3di f\u00e9nyk\u00e9pei. El\u0151nyben r\u00e9szes\u00edtj\u00fck az \u00e1tl\u00e1that\u00f3s\u00e1got \u00e9s az \u00fcgyfelek el\u00e9gedetts\u00e9g\u00e9t. Ha b\u00e1rmilyen k\u00e9rd\u00e9se van, vagy seg\u00edts\u00e9gre van sz\u00fcks\u00e9ge a telep\u00edt\u00e9ssel kapcsolatban, k\u00e9rj\u00fck, forduljon hozz\u00e1nk bizalommal. Az\u00e9rt vagyunk itt, hogy seg\u00edts\u00fcnk.<\/p>\n","protected":false},"excerpt":{"rendered":"<p>Friss\u00edtse vagy cser\u00e9lje ki Dell Latitude 5404 vagy 7404 Rugged laptopja Express k\u00e1rtyaolvas\u00f3j\u00e1t ezzel az eredeti laptop alkatr\u00e9szrel. \u00c9lvezze a tov\u00e1bbfejlesztett adat\u00e1tvitelt \u00e9s b\u0151v\u00edtse laptopja k\u00e9pess\u00e9geit. Ez a kiv\u00e1l\u00f3 min\u0151s\u00e9g\u0171 k\u00e1rtyaolvas\u00f3 k\u00f6nnyen telep\u00edthet\u0151, \u00e9s z\u00f6kken\u0151mentes friss\u00edt\u00e9st tesz lehet\u0151v\u00e9. Rendeljen most, hogy robusztus laptopja a lehet\u0151 legjobban m\u0171k\u00f6dj\u00f6n.<\/p>\n","protected":false},"featured_media":4298,"template":"","meta":[],"product_brand":[],"product_cat":[27],"product_tag":[17],"class_list":{"0":"post-4244","1":"product","2":"type-product","3":"status-publish","4":"has-post-thumbnail","6":"product_cat-motherboards-board-parts","7":"product_tag-dell","9":"first","10":"instock","11":"taxable","12":"shipping-taxable","13":"purchasable","14":"product-type-simple"},"_links":{"self":[{"href":"https:\/\/boreait.com\/hu\/wp-json\/wp\/v2\/product\/4244","targetHints":{"allow":["GET"]}}],"collection":[{"href":"https:\/\/boreait.com\/hu\/wp-json\/wp\/v2\/product"}],"about":[{"href":"https:\/\/boreait.com\/hu\/wp-json\/wp\/v2\/types\/product"}],"wp:featuredmedia":[{"embeddable":true,"href":"https:\/\/boreait.com\/hu\/wp-json\/wp\/v2\/media\/4298"}],"wp:attachment":[{"href":"https:\/\/boreait.com\/hu\/wp-json\/wp\/v2\/media?parent=4244"}],"wp:term":[{"taxonomy":"product_brand","embeddable":true,"href":"https:\/\/boreait.com\/hu\/wp-json\/wp\/v2\/product_brand?post=4244"},{"taxonomy":"product_cat","embeddable":true,"href":"https:\/\/boreait.com\/hu\/wp-json\/wp\/v2\/product_cat?post=4244"},{"taxonomy":"product_tag","embeddable":true,"href":"https:\/\/boreait.com\/hu\/wp-json\/wp\/v2\/product_tag?post=4244"}],"curies":[{"name":"wp","href":"https:\/\/api.w.org\/{rel}","templated":true}]}}