{"id":4238,"date":"2025-09-17T10:52:55","date_gmt":"2025-09-17T08:52:55","guid":{"rendered":"https:\/\/boreait.com\/hu\/?post_type=product&#038;p=4238"},"modified":"2025-09-17T10:55:02","modified_gmt":"2025-09-17T08:55:02","slug":"retina-13-huvelykes-2014-kozepe-a1502-usb-hdmi-sdxc-kartya-bovitse-kapcsolatait","status":"publish","type":"product","link":"https:\/\/boreait.com\/hu\/termek\/retina-13-huvelykes-2014-kozepe-a1502-usb-hdmi-sdxc-kartya-bovitse-kapcsolatait\/","title":{"rendered":"Retina, 13 h\u00fcvelykes, 2014 k\u00f6zepe A1502 USB HDMI SDXC k\u00e1rtya \u2013 B\u0151v\u00edtse kapcsolatait"},"content":{"rendered":"<p>Fedezze fel a tov\u00e1bbfejlesztett csatlakoz\u00e1si lehet\u0151s\u00e9geket, \u00e9s b\u0151v\u00edtse ki MacBook Pro k\u00e9pess\u00e9geit a 2014 k\u00f6zep\u00e9n k\u00e9sz\u00fclt MacBook Pro Retina 13 A1502 USB HDMI SDXC k\u00e1rty\u00e1val. Ezt a kompakt \u00e9s sokoldal\u00fa tartoz\u00e9kot \u00fagy tervezt\u00e9k, hogy z\u00f6kken\u0151mentesen integr\u00e1l\u00f3djon a laptopj\u00e1ba, \u00e9s tov\u00e1bbi portokat \u00e9s funkci\u00f3kat biztos\u00edt, amelyek m\u00e9g k\u00e9nyelmesebb\u00e9 \u00e9s hat\u00e9konyabb\u00e1 teszik a sz\u00e1m\u00edt\u00e1stechnikai \u00e9lm\u00e9nyt. ALKATR\u00c9SZSZ\u00c1MOK: NYKS NM19 01ST 94V-0 04B CO250252005HFCTD16 PGN IQ\/BASSY<\/p>\n<p>F\u0151bb jellemz\u0151k:<\/p>\n<p>&#8211; Kompatibilit\u00e1s: Kifejezetten a 2014 k\u00f6zep\u00e9n megjelent MacBook Pro Retina 13 A1502-hez tervezt\u00e9k, t\u00f6k\u00e9letes illeszked\u00e9st biztos\u00edtva.<\/p>\n<p>&#8211; T\u00f6bbportos b\u0151v\u00edt\u00e9s: Ez a k\u00e1rtya USB, HDMI \u00e9s SDXC k\u00e1rtyaolvas\u00f3 portokat k\u00edn\u00e1l, amelyek lehet\u0151v\u00e9 teszik az eszk\u00f6z\u00f6k \u00e9s perif\u00e9ri\u00e1k sz\u00e9les sk\u00e1l\u00e1j\u00e1nak csatlakoztat\u00e1s\u00e1t.<\/p>\n<p>&#8211; Fokozott termel\u00e9kenys\u00e9g: K\u00f6nnyen csatlakoztathat k\u00fcls\u0151 kijelz\u0151ket, \u00e1tvihet adatokat, vagy probl\u00e9ma n\u00e9lk\u00fcl hozz\u00e1f\u00e9rhet SDXC-k\u00e1rty\u00e1ihoz.<\/p>\n<p>&#8211; Plug-and-Play: A telep\u00edt\u00e9s gyerekj\u00e1t\u00e9k \u2013 egyszer\u0171en helyezze be a k\u00e1rty\u00e1t a MacBook Pro ny\u00edl\u00e1s\u00e1ba, \u00e9s m\u00e1r indulhat is.<\/p>\n<p>&#8211; Kompakt \u00e9s hordozhat\u00f3: A k\u00e1rtya kompakt kialak\u00edt\u00e1sa azt jelenti, hogy b\u00e1rhov\u00e1 mag\u00e1val viheti, \u00edgy mindig rendelkez\u00e9sre \u00e1ll a sz\u00fcks\u00e9ges csatlakoz\u00e1s.<\/p>\n<p>Friss\u00edtse 2014-es MacBook Pro Retina 13 A1502-j\u00e9t, \u00e9s \u00e9lvezze a hozz\u00e1adott portok \u00e9s funkci\u00f3k ny\u00fajtotta k\u00e9nyelmet. Legyen sz\u00f3 k\u00fcls\u0151 kijelz\u0151k csatlakoztat\u00e1s\u00e1r\u00f3l, adat\u00e1tvitelr\u0151l vagy SDXC k\u00e1rty\u00e1k el\u00e9r\u00e9s\u00e9r\u0151l, ez az USB HDMI SDXC k\u00e1rtya a t\u00f6k\u00e9letes megold\u00e1s.<\/p>\n<p>K\u00e9rj\u00fck, vegye figyelembe, hogy a list\u00e1nkon szerepl\u0151 term\u00e9kk\u00e9pek val\u00f3di fot\u00f3k a t\u00e9nyleges term\u00e9kr\u0151l, amelyet \u00d6n kap, ezzel biztos\u00edtva az \u00e1tl\u00e1that\u00f3s\u00e1got \u00e9s a bizalmat \u00fcgyfeleink sz\u00e1m\u00e1ra. Ha b\u00e1rmilyen k\u00e9rd\u00e9se van, vagy seg\u00edts\u00e9gre van sz\u00fcks\u00e9ge a telep\u00edt\u00e9ssel kapcsolatban, forduljon hozz\u00e1nk bizalommal, \u00e9s sz\u00edvesen seg\u00edt\u00fcnk.<\/p>\n","protected":false},"excerpt":{"rendered":"<p>Fejlessze 2014 k\u00f6zep\u00e9n MacBook Pro Retina 13 A1502-j\u00e9t ezzel az USB HDMI SDXC k\u00e1rty\u00e1val. \u00c9lvezze a tov\u00e1bbfejlesztett csatlakoztathat\u00f3s\u00e1got \u00e9s sokoldal\u00fas\u00e1got ezzel az alapvet\u0151 laptoptartoz\u00e9kkal. Az egyszer\u0171 telep\u00edt\u00e9s azt jelenti, hogy pillanatok alatt \u00fczembe helyezheti. Friss\u00edtse MacBook Pro-j\u00e1t most!<\/p>\n","protected":false},"featured_media":4286,"template":"","meta":[],"product_brand":[],"product_cat":[27],"product_tag":[63],"class_list":{"0":"post-4238","1":"product","2":"type-product","3":"status-publish","4":"has-post-thumbnail","6":"product_cat-motherboards-board-parts","7":"product_tag-apple","9":"first","10":"instock","11":"taxable","12":"shipping-taxable","13":"purchasable","14":"product-type-simple"},"_links":{"self":[{"href":"https:\/\/boreait.com\/hu\/wp-json\/wp\/v2\/product\/4238","targetHints":{"allow":["GET"]}}],"collection":[{"href":"https:\/\/boreait.com\/hu\/wp-json\/wp\/v2\/product"}],"about":[{"href":"https:\/\/boreait.com\/hu\/wp-json\/wp\/v2\/types\/product"}],"wp:featuredmedia":[{"embeddable":true,"href":"https:\/\/boreait.com\/hu\/wp-json\/wp\/v2\/media\/4286"}],"wp:attachment":[{"href":"https:\/\/boreait.com\/hu\/wp-json\/wp\/v2\/media?parent=4238"}],"wp:term":[{"taxonomy":"product_brand","embeddable":true,"href":"https:\/\/boreait.com\/hu\/wp-json\/wp\/v2\/product_brand?post=4238"},{"taxonomy":"product_cat","embeddable":true,"href":"https:\/\/boreait.com\/hu\/wp-json\/wp\/v2\/product_cat?post=4238"},{"taxonomy":"product_tag","embeddable":true,"href":"https:\/\/boreait.com\/hu\/wp-json\/wp\/v2\/product_tag?post=4238"}],"curies":[{"name":"wp","href":"https:\/\/api.w.org\/{rel}","templated":true}]}}