{"id":423,"date":"2025-09-17T09:26:56","date_gmt":"2025-09-17T07:26:56","guid":{"rendered":"https:\/\/boreait.com\/hu\/?post_type=product&#038;p=423"},"modified":"2025-09-17T09:27:16","modified_gmt":"2025-09-17T07:27:16","slug":"dell-latitude-e5550-hdd-kabelcsatlakozo-interposer-kgm7g","status":"publish","type":"product","link":"https:\/\/boreait.com\/hu\/termek\/dell-latitude-e5550-hdd-kabelcsatlakozo-interposer-kgm7g\/","title":{"rendered":"Dell Latitude E5550 HDD k\u00e1belcsatlakoz\u00f3 interposer KGM7G"},"content":{"rendered":"<p>Ez az interposer k\u00e1bel d\u00f6nt\u0151 fontoss\u00e1g\u00fa a Dell Latitude E5550 laptop HDD-j\u00e9nek b\u0151v\u00edt\u00e9sekor vagy cser\u00e9jekor. K\u00f6zvet\u00edt\u0151k\u00e9nt m\u0171k\u00f6dik az alaplap SATA interf\u00e9sze \u00e9s maga a HDD k\u00f6z\u00f6tt, biztos\u00edtva a biztons\u00e1gos \u00e9s stabil kapcsolatot.<\/p>\n<p>A KGM7G interposer k\u00e1bel egyed\u00fcl\u00e1ll\u00f3 a Dell Latitude E5550 modellben, \u00e9s el\u0151fordulhat, hogy nem kompatibilis m\u00e1s laptopmodellekkel vagy m\u00e1rk\u00e1kkal. \u00dagy tervezt\u00e9k, hogy t\u00f6k\u00e9letesen illeszkedjen a laptop bels\u0151 alkatr\u00e9szei k\u00f6z\u00e9, \u00e9s fenntartsa a megfelel\u0151 m\u0171k\u00f6d\u00e9st.<\/p>\n<p>A merevlemez Dell Latitude E5550 laptopba val\u00f3 beszerel\u00e9sekor vagy cser\u00e9jekor fontos a megfelel\u0151 interposer k\u00e1bel, p\u00e9ld\u00e1ul a KGM7G haszn\u00e1lata a kompatibilit\u00e1s \u00e9s a megb\u00edzhat\u00f3 m\u0171k\u00f6d\u00e9s \u00e9rdek\u00e9ben.<\/p>\n","protected":false},"excerpt":{"rendered":"<p>A Dell Latitude E5550 HDD k\u00e1belcsatlakoz\u00f3 interposer KGM7G egy speci\u00e1lis alkatr\u00e9sz, amelyet a Dell Latitude E5550 laptopmodellhez terveztek. Csatlakoz\u00f3k\u00e9nt vagy adapterk\u00e9nt szolg\u00e1l, amely lehet\u0151v\u00e9 teszi a kapcsolatot a laptop merevlemez-meghajt\u00f3ja (HDD) \u00e9s az alaplap k\u00f6z\u00f6tt.<\/p>\n<p>&nbsp;<\/p>\n","protected":false},"featured_media":466,"template":"","meta":[],"product_brand":[],"product_cat":[20],"product_tag":[17],"class_list":{"0":"post-423","1":"product","2":"type-product","3":"status-publish","4":"has-post-thumbnail","6":"product_cat-cables","7":"product_tag-dell","9":"first","10":"instock","11":"taxable","12":"shipping-taxable","13":"purchasable","14":"product-type-simple"},"_links":{"self":[{"href":"https:\/\/boreait.com\/hu\/wp-json\/wp\/v2\/product\/423","targetHints":{"allow":["GET"]}}],"collection":[{"href":"https:\/\/boreait.com\/hu\/wp-json\/wp\/v2\/product"}],"about":[{"href":"https:\/\/boreait.com\/hu\/wp-json\/wp\/v2\/types\/product"}],"wp:featuredmedia":[{"embeddable":true,"href":"https:\/\/boreait.com\/hu\/wp-json\/wp\/v2\/media\/466"}],"wp:attachment":[{"href":"https:\/\/boreait.com\/hu\/wp-json\/wp\/v2\/media?parent=423"}],"wp:term":[{"taxonomy":"product_brand","embeddable":true,"href":"https:\/\/boreait.com\/hu\/wp-json\/wp\/v2\/product_brand?post=423"},{"taxonomy":"product_cat","embeddable":true,"href":"https:\/\/boreait.com\/hu\/wp-json\/wp\/v2\/product_cat?post=423"},{"taxonomy":"product_tag","embeddable":true,"href":"https:\/\/boreait.com\/hu\/wp-json\/wp\/v2\/product_tag?post=423"}],"curies":[{"name":"wp","href":"https:\/\/api.w.org\/{rel}","templated":true}]}}