{"id":4221,"date":"2025-09-17T10:52:34","date_gmt":"2025-09-17T08:52:34","guid":{"rendered":"https:\/\/boreait.com\/hu\/?post_type=product&#038;p=4221"},"modified":"2025-09-17T10:54:32","modified_gmt":"2025-09-17T08:54:32","slug":"hp-15-r099sm-alaplap-764104-501","status":"publish","type":"product","link":"https:\/\/boreait.com\/hu\/termek\/hp-15-r099sm-alaplap-764104-501\/","title":{"rendered":"HP 15-r099sm alaplap 764104-501"},"content":{"rendered":"<p>Friss\u00edtse HP 15-r099sm laptopj\u00e1t a HP 15-r099sm alaplap 764104-501 Intel Celeron N2830 seg\u00edts\u00e9g\u00e9vel. A nagyobb teljes\u00edtm\u00e9nyre \u00e9s megb\u00edzhat\u00f3s\u00e1gra tervezett eredeti alaplap z\u00f6kken\u0151mentes integr\u00e1ci\u00f3t \u00e9s optimaliz\u00e1lt funkcionalit\u00e1st biztos\u00edt laptopja sz\u00e1m\u00e1ra.<\/p>\n<p>A HP \u00e1ltal megalkotott, megb\u00edzhat\u00f3 n\u00e9v a sz\u00e1m\u00edt\u00e1stechnik\u00e1ban, a HP 15-r099sm alaplap 764104-501 t\u00f6k\u00e9letesen illeszkedik laptopj\u00e1hoz. A rendszer alapvet\u0151 elemek\u00e9nt ez az alaplap kulcsfontoss\u00e1g\u00fa szerepet j\u00e1tszik a stabil teljes\u00edtm\u00e9ny \u00e9s a laptop \u00f6sszetev\u0151ivel val\u00f3 kompatibilit\u00e1s biztos\u00edt\u00e1s\u00e1ban.<\/p>\n<p>Ak\u00e1r megb\u00edzhat\u00f3 sz\u00e1m\u00edt\u00e1stechnikai megold\u00e1st ig\u00e9nyl\u0151 szakember, ak\u00e1r olyan felhaszn\u00e1l\u00f3, aki \u00e9rt\u00e9keli az \u00e9rz\u00e9keny \u00e9s hat\u00e9kony laptopot, ez az alaplap biztos\u00edtja a sz\u00fcks\u00e9ges alapvet\u0151 t\u00e1mogat\u00e1st. Kifejezetten arra tervezt\u00e9k, hogy hib\u00e1tlanul m\u0171k\u00f6dj\u00f6n HP 15-r099sm laptopj\u00e1val, \u00edgy minden feladat z\u00f6kken\u0151mentesen fut, a munk\u00e1t\u00f3l a sz\u00f3rakoz\u00e1sig.<\/p>\n<p>A telep\u00edt\u00e9s egyszer\u0171, k\u00f6sz\u00f6nhet\u0151en az OEM-kialak\u00edt\u00e1snak, amely illeszkedik a laptop eredeti alkatr\u00e9szeihez. Az eredeti HP alkatr\u00e9szek kiv\u00e1laszt\u00e1s\u00e1val laptopja hossz\u00fa \u00e9lettartam\u00e1ba \u00e9s megb\u00edzhat\u00f3s\u00e1g\u00e1ba fektet be.<\/p>\n<p>N\u00f6velje laptopja teljes\u00edtm\u00e9ny\u00e9t \u00e9s megb\u00edzhat\u00f3s\u00e1g\u00e1t a HP 15-r099sm 764104-501 alaplappal. \u00c9lvezze a tov\u00e1bbfejlesztett funkcionalit\u00e1st, az \u00e9rz\u00e9keny sz\u00e1m\u00edt\u00e1stechnik\u00e1t \u00e9s az optimaliz\u00e1lt kompatibilit\u00e1st ezzel a megb\u00edzhat\u00f3 \u00e9s hat\u00e9kony alaplappal.<\/p>\n<p>V\u00e1s\u00e1rl\u00e1s el\u0151tt ellen\u0151rizze, hogy kompatibilis-e az adott laptopmodellj\u00e9vel.<\/p>\n","protected":false},"excerpt":{"rendered":"<p>N\u00f6velje HP 15-r099sm laptopja teljes\u00edtm\u00e9ny\u00e9t a HP 15-r099sm 764104-501 alaplappal. \u00c9lvezze a sz\u00e1m\u00edt\u00e1stechnikai ig\u00e9nyeinek megfelel\u0151 optimaliz\u00e1lt funkcionalit\u00e1st \u00e9s megb\u00edzhat\u00f3s\u00e1got.<\/p>\n","protected":false},"featured_media":4277,"template":"","meta":[],"product_brand":[],"product_cat":[27],"product_tag":[25],"class_list":{"0":"post-4221","1":"product","2":"type-product","3":"status-publish","4":"has-post-thumbnail","6":"product_cat-motherboards-board-parts","7":"product_tag-hp","9":"first","10":"instock","11":"taxable","12":"shipping-taxable","13":"purchasable","14":"product-type-simple"},"_links":{"self":[{"href":"https:\/\/boreait.com\/hu\/wp-json\/wp\/v2\/product\/4221","targetHints":{"allow":["GET"]}}],"collection":[{"href":"https:\/\/boreait.com\/hu\/wp-json\/wp\/v2\/product"}],"about":[{"href":"https:\/\/boreait.com\/hu\/wp-json\/wp\/v2\/types\/product"}],"wp:featuredmedia":[{"embeddable":true,"href":"https:\/\/boreait.com\/hu\/wp-json\/wp\/v2\/media\/4277"}],"wp:attachment":[{"href":"https:\/\/boreait.com\/hu\/wp-json\/wp\/v2\/media?parent=4221"}],"wp:term":[{"taxonomy":"product_brand","embeddable":true,"href":"https:\/\/boreait.com\/hu\/wp-json\/wp\/v2\/product_brand?post=4221"},{"taxonomy":"product_cat","embeddable":true,"href":"https:\/\/boreait.com\/hu\/wp-json\/wp\/v2\/product_cat?post=4221"},{"taxonomy":"product_tag","embeddable":true,"href":"https:\/\/boreait.com\/hu\/wp-json\/wp\/v2\/product_tag?post=4221"}],"curies":[{"name":"wp","href":"https:\/\/api.w.org\/{rel}","templated":true}]}}