{"id":4219,"date":"2025-09-17T10:52:33","date_gmt":"2025-09-17T08:52:33","guid":{"rendered":"https:\/\/boreait.com\/hu\/?post_type=product&#038;p=4219"},"modified":"2025-09-17T10:54:15","modified_gmt":"2025-09-17T08:54:15","slug":"fujitsu-siemens-amilo-pro-v2030d-cpu-huto-hutobende","status":"publish","type":"product","link":"https:\/\/boreait.com\/hu\/termek\/fujitsu-siemens-amilo-pro-v2030d-cpu-huto-hutobende\/","title":{"rendered":"Fujitsu Siemens AMILO Pro V2030D CPU H\u0170T\u0150 H\u0170T\u0150BENDE"},"content":{"rendered":"<p>Friss\u00edtse Fujitsu Siemens AMILO Pro V2030D laptopja h\u0171t\u0151rendszer\u00e9t a Fujitsu Siemens AMILO Pro V2030D CPU h\u0171t\u0151 h\u0171t\u0151bord\u00e1val. A laptop h\u0151teljes\u00edtm\u00e9ny\u00e9nek optimaliz\u00e1l\u00e1s\u00e1ra tervezett eredeti h\u0171t\u0151borda hat\u00e9kony h\u0151elvezet\u00e9st \u00e9s z\u00f6kken\u0151mentes integr\u00e1ci\u00f3t biztos\u00edt a jobb sz\u00e1m\u00edt\u00e1si \u00e9lm\u00e9ny \u00e9rdek\u00e9ben.<\/p>\n<p>A Fujitsu Siemens \u2013 a sz\u00e1m\u00edt\u00e1stechnika egyik megb\u00edzhat\u00f3 neve \u2013 \u00e1ltal gy\u00e1rtott AMILO Pro V2030D CPU h\u0171t\u0151 h\u0171t\u0151bord\u00e1t \u00fagy tervezt\u00e9k, hogy megb\u00edzhat\u00f3 h\u0171t\u00e9st biztos\u00edtson laptopja k\u00f6zponti feldolgoz\u00f3 egys\u00e9ge (CPU) sz\u00e1m\u00e1ra. Ez a h\u0171t\u0151borda a laptop h\u0151kezel\u00e9si rendszer\u00e9nek kulcsfontoss\u00e1g\u00fa elemek\u00e9nt kulcsszerepet j\u00e1tszik az optim\u00e1lis m\u0171k\u00f6d\u00e9si h\u0151m\u00e9rs\u00e9klet fenntart\u00e1s\u00e1ban, a t\u00falmeleged\u00e9s megel\u0151z\u00e9s\u00e9ben \u00e9s a z\u00f6kken\u0151mentes teljes\u00edtm\u00e9ny biztos\u00edt\u00e1s\u00e1ban.<\/p>\n<p>Ak\u00e1r professzion\u00e1lis, aki er\u0151forr\u00e1s-ig\u00e9nyes alkalmaz\u00e1sokat haszn\u00e1l, vagy h\u00e9tk\u00f6znapi felhaszn\u00e1l\u00f3, aki h\u0171v\u00f6sebb \u00e9s csendesebb laptopot szeretne, ez a CPU-h\u0171t\u0151borda az \u00d6n \u00e1ltal elv\u00e1rt hat\u00e9konys\u00e1got k\u00edn\u00e1lja. \u00dagy tervezt\u00e9k, hogy hat\u00e9konyan vezesse el a m\u0171k\u00f6d\u00e9s k\u00f6zben keletkez\u0151 h\u0151t, \u00edgy laptopja hat\u00e9konyabban tud m\u0171k\u00f6dni, \u00e9s meghosszabb\u00edtja \u00e9lettartam\u00e1t.<\/p>\n<p>A telep\u00edt\u00e9s egyszer\u0171 az OEM-kialak\u00edt\u00e1snak k\u00f6sz\u00f6nhet\u0151en, amely illeszkedik a laptop eredeti alkatr\u00e9szeihez. Ha eredeti Fujitsu Siemens alkatr\u00e9szeket v\u00e1laszt, \u00d6n a laptop h\u0151kezel\u00e9s\u00e9nek min\u0151s\u00e9g\u00e9be \u00e9s megb\u00edzhat\u00f3s\u00e1g\u00e1ba fektet be.<\/p>\n<p>Friss\u00edtse laptopja h\u0171t\u0151rendszer\u00e9t a Fujitsu Siemens AMILO Pro V2030D processzorh\u0171t\u0151 h\u0171t\u0151bord\u00e1val. \u00c9lvezze a jobb h\u0151teljes\u00edtm\u00e9nyt, a h\u0151vel kapcsolatos probl\u00e9m\u00e1k cs\u00f6kkent\u00e9s\u00e9t \u00e9s a csendesebb sz\u00e1m\u00edt\u00e1si \u00e9lm\u00e9nyt AMILO Pro V2030D k\u00e9sz\u00fcl\u00e9k\u00e9n. N\u00f6velje sz\u00e1m\u00edt\u00e1stechnikai \u00e9lm\u00e9ny\u00e9t ezzel a megb\u00edzhat\u00f3 \u00e9s hat\u00e9kony h\u0171t\u0151bord\u00e1val.<\/p>\n<p>V\u00e1s\u00e1rl\u00e1s el\u0151tt ellen\u0151rizze, hogy kompatibilis-e az adott laptopmodellj\u00e9vel.<\/p>\n","protected":false},"excerpt":{"rendered":"<p>Friss\u00edtse Fujitsu Siemens AMILO Pro V2030D laptopja h\u0171t\u0151rendszer\u00e9t a Fujitsu Siemens AMILO Pro V2030D CPU h\u0171t\u0151 h\u0171t\u0151bord\u00e1val. \u00c9lvezze a jobb h\u0151teljes\u00edtm\u00e9nyt, \u00e9s v\u00e9dje meg a t\u00falmeleged\u00e9st a csendesebb sz\u00e1m\u00edt\u00e1si \u00e9lm\u00e9ny \u00e9rdek\u00e9ben.<\/p>\n","protected":false},"featured_media":4271,"template":"","meta":[],"product_brand":[],"product_cat":[33],"product_tag":[28],"class_list":{"0":"post-4219","1":"product","2":"type-product","3":"status-publish","4":"has-post-thumbnail","6":"product_cat-cpu-fans-heatsinks","7":"product_tag-fujitsu","9":"first","10":"instock","11":"taxable","12":"shipping-taxable","13":"purchasable","14":"product-type-simple"},"_links":{"self":[{"href":"https:\/\/boreait.com\/hu\/wp-json\/wp\/v2\/product\/4219","targetHints":{"allow":["GET"]}}],"collection":[{"href":"https:\/\/boreait.com\/hu\/wp-json\/wp\/v2\/product"}],"about":[{"href":"https:\/\/boreait.com\/hu\/wp-json\/wp\/v2\/types\/product"}],"wp:featuredmedia":[{"embeddable":true,"href":"https:\/\/boreait.com\/hu\/wp-json\/wp\/v2\/media\/4271"}],"wp:attachment":[{"href":"https:\/\/boreait.com\/hu\/wp-json\/wp\/v2\/media?parent=4219"}],"wp:term":[{"taxonomy":"product_brand","embeddable":true,"href":"https:\/\/boreait.com\/hu\/wp-json\/wp\/v2\/product_brand?post=4219"},{"taxonomy":"product_cat","embeddable":true,"href":"https:\/\/boreait.com\/hu\/wp-json\/wp\/v2\/product_cat?post=4219"},{"taxonomy":"product_tag","embeddable":true,"href":"https:\/\/boreait.com\/hu\/wp-json\/wp\/v2\/product_tag?post=4219"}],"curies":[{"name":"wp","href":"https:\/\/api.w.org\/{rel}","templated":true}]}}