{"id":4217,"date":"2025-09-17T10:52:33","date_gmt":"2025-09-17T08:52:33","guid":{"rendered":"https:\/\/boreait.com\/hu\/?post_type=product&#038;p=4217"},"modified":"2026-01-14T09:37:52","modified_gmt":"2026-01-14T08:37:52","slug":"hp-compaq-6820s-cpu-ventilator-443917-001-huto-hutoborda-456606-001-6043b0034701-kombinalt-tovabbfejlesztett-hokezeles","status":"publish","type":"product","link":"https:\/\/boreait.com\/hu\/termek\/hp-compaq-6820s-cpu-ventilator-443917-001-huto-hutoborda-456606-001-6043b0034701-kombinalt-tovabbfejlesztett-hokezeles\/","title":{"rendered":"HP Compaq 6820s CPU ventil\u00e1tor 443917-001 + h\u0171t\u0151 h\u0171t\u0151borda 456606-001 6043B0034701 kombin\u00e1lt \u2013 tov\u00e1bbfejlesztett h\u0151kezel\u00e9s"},"content":{"rendered":"<p><strong>HP Compaq 6820s Cooling Combo \u2013 a teljes h\u0151kezel\u00e9si rendszer<\/strong>:<\/p>\n<p>T\u00falmelegszik a HP Compaq 6820s, vagy zajos a ventil\u00e1tora? Friss\u00edtsen ezzel az eredeti CPU ventil\u00e1tor \u00e9s h\u0171t\u0151 h\u0171t\u0151borda kombin\u00e1ci\u00f3val, hogy rendszere h\u0171v\u00f6s maradjon \u00e9s optim\u00e1lisan m\u0171k\u00f6dj\u00f6n.<\/p>\n<p><strong>F\u0151bb jellemz\u0151k<\/strong>:<\/p>\n<ol>\n<li><strong>Eredeti HP alkatr\u00e9szek<\/strong>: Kiv\u00e1l\u00f3 teljes\u00edtm\u00e9ny \u00e9s t\u00f6k\u00e9letes illeszked\u00e9s biztos\u00edt\u00e1sa az eredeti HP alkatr\u00e9szekkel, amelyek a 443917-001 cikksz\u00e1mot a CPU ventil\u00e1torhoz \u00e9s a 456606-001 6043B0034701 a h\u0171t\u0151bord\u00e1t tartalmazz\u00e1k.<\/li>\n<li><strong>Kett\u0151s h\u0171t\u00e9s<\/strong>: A dedik\u00e1lt CPU-ventil\u00e1tor \u00e9s a h\u0171t\u0151 h\u0171t\u0151borda r\u00e9v\u00e9n laptopja \u00e1tfog\u00f3 h\u0151elvezet\u00e9st \u00e9s hat\u00e9kony h\u0171t\u00e9st k\u00edn\u00e1l.<\/li>\n<li><strong>Prec\u00edzi\u00f3s kialak\u00edt\u00e1s<\/strong>: A kifejezetten a HP Compaq 6820s sorozathoz tervezett alkatr\u00e9szek garant\u00e1lj\u00e1k a szoros illeszked\u00e9st \u00e9s az egyszer\u0171 telep\u00edt\u00e9st.<\/li>\n<li><strong>Csendes &amp; Hat\u00e9kony<\/strong>: Mondjon b\u00facs\u00fat a zavar\u00f3 ventil\u00e1torzajoknak. Ez a ventil\u00e1tor csendesen m\u0171k\u00f6dik, \u00edgy a munkater\u00fclete nyugodt marad, mik\u00f6zben kiv\u00e1l\u00f3 h\u0171t\u00e9st biztos\u00edt.<\/li>\n<li><strong>Min\u0151s\u00e9gi fel\u00e9p\u00edt\u00e9s<\/strong>: Ez a kiv\u00e1l\u00f3 min\u0151s\u00e9g\u0171 anyagokb\u00f3l k\u00e9sz\u00fclt h\u0171t\u00e9si kombin\u00e1ci\u00f3 hossz\u00fa \u00e9lettartamot, tart\u00f3ss\u00e1got \u00e9s egyenletes h\u0171t\u00e9st \u00edg\u00e9r laptopja CPU-ja \u00e9s GPU-ja sz\u00e1m\u00e1ra.<\/li>\n<\/ol>\n<p><strong>Tov\u00e1bbi el\u0151ny\u00f6k<\/strong>:<\/p>\n<ul>\n<li><strong>Fokozott teljes\u00edtm\u00e9ny<\/strong>: A h\u0171v\u00f6sebb rendszer egyenletes \u00e9s jobb teljes\u00edtm\u00e9nyt jelent, minim\u00e1lisra cs\u00f6kkentve a CPU h\u0151 miatti le\u00e1ll\u00e1s\u00e1nak kock\u00e1zat\u00e1t.<\/li>\n<li><strong>Rendszer\u00e9nek biztons\u00e1ga<\/strong>: \u00f3vja meg laptopj\u00e1t az esetleges t\u00falmeleged\u00e9si k\u00e1rokt\u00f3l, v\u00e9dve a hardvert \u00e9s az adatokat egyar\u00e1nt.<\/li>\n<li><strong>Megn\u00f6velt \u00e9lettartam<\/strong>: A hat\u00e9kony h\u0171t\u00e9s meghosszabb\u00edthatja laptopja \u00e9s alkatr\u00e9szeinek \u00e9lettartam\u00e1t, \u00e9s z\u00f6kken\u0151mentes m\u0171k\u00f6d\u00e9st biztos\u00edt az elk\u00f6vetkez\u0151 \u00e9vekben.<\/li>\n<\/ul>\n<p>Felszerelje HP Compaq 6820s k\u00e9sz\u00fcl\u00e9k\u00e9t ezzel az eredeti CPU ventil\u00e1tor \u00e9s h\u0171t\u0151 h\u0171t\u0151borda kombin\u00e1ci\u00f3val. \u00dagy tervezt\u00e9k, hogy cs\u00facsmin\u0151s\u00e9g\u0171 h\u0171t\u00e9st biztos\u00edtson, \u00e9s biztos\u00edtja, hogy laptopja h\u0171v\u00f6s, csendes maradjon, \u00e9s a legjobb teljes\u00edtm\u00e9nyt ny\u00fajtsa. Ne k\u00f6ss\u00f6n kompromisszumot laptopja eg\u00e9szs\u00e9ge \u00e9s teljes\u00edtm\u00e9nye ter\u00e9n \u2013 friss\u00edtsen h\u0171v\u00f6sebb \u00e9s hat\u00e9konyabb sz\u00e1m\u00edt\u00e1stechnikai \u00e9lm\u00e9nyre most!<\/p>\n","protected":false},"excerpt":{"rendered":"<p>Fedezze fel az optim\u00e1lis teljes\u00edtm\u00e9nyt ezzel az eredeti HP Compaq 6820s CPU ventil\u00e1tor \u00e9s h\u0171t\u0151borda kombin\u00e1ci\u00f3val. A 443917-001 (ventil\u00e1tor) \u00e9s 456606-001 6043B0034701 (h\u0171t\u0151borda) cikksz\u00e1mokkal ez a t\u00f6k\u00e9letes h\u0171t\u00e9si friss\u00edt\u00e9s laptopja sz\u00e1m\u00e1ra.<\/p>\n","protected":false},"featured_media":4262,"template":"","meta":[],"product_brand":[],"product_cat":[33],"product_tag":[25],"class_list":{"0":"post-4217","1":"product","2":"type-product","3":"status-publish","4":"has-post-thumbnail","6":"product_cat-cpu-fans-heatsinks","7":"product_tag-hp","9":"first","10":"instock","11":"taxable","12":"shipping-taxable","13":"purchasable","14":"product-type-simple"},"_links":{"self":[{"href":"https:\/\/boreait.com\/hu\/wp-json\/wp\/v2\/product\/4217","targetHints":{"allow":["GET"]}}],"collection":[{"href":"https:\/\/boreait.com\/hu\/wp-json\/wp\/v2\/product"}],"about":[{"href":"https:\/\/boreait.com\/hu\/wp-json\/wp\/v2\/types\/product"}],"wp:featuredmedia":[{"embeddable":true,"href":"https:\/\/boreait.com\/hu\/wp-json\/wp\/v2\/media\/4262"}],"wp:attachment":[{"href":"https:\/\/boreait.com\/hu\/wp-json\/wp\/v2\/media?parent=4217"}],"wp:term":[{"taxonomy":"product_brand","embeddable":true,"href":"https:\/\/boreait.com\/hu\/wp-json\/wp\/v2\/product_brand?post=4217"},{"taxonomy":"product_cat","embeddable":true,"href":"https:\/\/boreait.com\/hu\/wp-json\/wp\/v2\/product_cat?post=4217"},{"taxonomy":"product_tag","embeddable":true,"href":"https:\/\/boreait.com\/hu\/wp-json\/wp\/v2\/product_tag?post=4217"}],"curies":[{"name":"wp","href":"https:\/\/api.w.org\/{rel}","templated":true}]}}