{"id":4216,"date":"2025-09-17T10:52:33","date_gmt":"2025-09-17T08:52:33","guid":{"rendered":"https:\/\/boreait.com\/hu\/?post_type=product&#038;p=4216"},"modified":"2026-01-12T10:22:18","modified_gmt":"2026-01-12T09:22:18","slug":"fujitsu-siemens-amilo-pro-v2030d-broadcom-bcm4318kfbg-wireless-g-minipci-adapter","status":"publish","type":"product","link":"https:\/\/boreait.com\/hu\/termek\/fujitsu-siemens-amilo-pro-v2030d-broadcom-bcm4318kfbg-wireless-g-minipci-adapter\/","title":{"rendered":"Fujitsu Siemens AMILO Pro V2030D Broadcom BCM4318KFBG Wireless-G MiniPCI adapter"},"content":{"rendered":"<p>N\u00f6velje Fujitsu Siemens AMILO Pro V2030D laptopja vezet\u00e9k n\u00e9lk\u00fcli kapcsolat\u00e1t a Broadcom BCM4318KFBG Wireless-G MiniPCI Adapterrel. A laptop vezet\u00e9k n\u00e9lk\u00fcli k\u00e9pess\u00e9geinek jav\u00edt\u00e1s\u00e1ra tervezett eredeti MiniPCI adapter megb\u00edzhat\u00f3 \u00e9s nagy sebess\u00e9g\u0171 vezet\u00e9k n\u00e9lk\u00fcli kapcsolatot biztos\u00edt az optimaliz\u00e1lt sz\u00e1m\u00edt\u00e1stechnikai \u00e9lm\u00e9ny \u00e9rdek\u00e9ben.<\/p>\n<p>A vezet\u00e9k n\u00e9lk\u00fcli technol\u00f3gia egyik ismert neve, a Broadcom \u00e1ltal gy\u00e1rtott BCM4318KFBG MiniPCI Adapter z\u00f6kken\u0151mentes integr\u00e1ci\u00f3t k\u00edn\u00e1l AMILO Pro V2030D laptopj\u00e1val. A laptop bels\u0151 rendszereinek alapvet\u0151 elemek\u00e9nt ez az adapter kulcsszerepet j\u00e1tszik a vezet\u00e9k n\u00e9lk\u00fcli h\u00e1l\u00f3zati lehet\u0151s\u00e9gek b\u0151v\u00edt\u00e9s\u00e9ben.<\/p>\n<p>Ak\u00e1r Wi-Fi-h\u00e1l\u00f3zatokhoz kell csatlakoznia, ak\u00e1r internetkapcsolatra van sz\u00fcks\u00e9ge, ak\u00e1r vezet\u00e9k n\u00e9lk\u00fcl kell adatokat megosztania, ez a MiniPCI-adapter a k\u00edv\u00e1nt k\u00e9nyelmet \u00e9s hat\u00e9konys\u00e1got biztos\u00edtja. \u00c9lvezze a gyorsabb adat\u00e1tviteli sebess\u00e9get, a cs\u00f6kkentett k\u00e9sleltet\u00e9st az online tev\u00e9kenys\u00e9gek sor\u00e1n, \u00e9s az \u00f6sszess\u00e9g\u00e9ben sim\u00e1bb vezet\u00e9k n\u00e9lk\u00fcli \u00e9lm\u00e9nyt.<\/p>\n<p>A telep\u00edt\u00e9s egyszer\u0171 a MiniPCI form\u00e1tumnak \u00e9s a laptop eredeti alkatr\u00e9szeihez igazod\u00f3 kialak\u00edt\u00e1snak k\u00f6sz\u00f6nhet\u0151en.\u00a0 Az eredeti Broadcom alkatr\u00e9szek kiv\u00e1laszt\u00e1s\u00e1val laptopja vezet\u00e9k n\u00e9lk\u00fcli kapcsolat\u00e1nak min\u0151s\u00e9g\u00e9be \u00e9s megb\u00edzhat\u00f3s\u00e1g\u00e1ba fektet be.<\/p>\n<p>Friss\u00edtse laptopja vezet\u00e9k n\u00e9lk\u00fcli k\u00e9pess\u00e9geit a Broadcom BCM4318KFBG Wireless-G MiniPCI Adapterrel. \u00c9lvezze a gyorsabb \u00e9s megb\u00edzhat\u00f3bb vezet\u00e9k n\u00e9lk\u00fcli kapcsolatokat, az egyszer\u0171bb online tev\u00e9kenys\u00e9geket \u00e9s a hat\u00e9kony adatmegoszt\u00e1st Fujitsu Siemens AMILO Pro V2030D k\u00e9sz\u00fcl\u00e9k\u00e9n. N\u00f6velje sz\u00e1m\u00edt\u00e1stechnikai \u00e9lm\u00e9ny\u00e9t ezzel a megb\u00edzhat\u00f3 \u00e9s hat\u00e9kony MiniPCI adapterrel.<\/p>\n<p>V\u00e1s\u00e1rl\u00e1s el\u0151tt ellen\u0151rizze, hogy kompatibilis-e az adott laptopmodellj\u00e9vel.<\/p>\n","protected":false},"excerpt":{"rendered":"<p>Fokozza Fujitsu Siemens AMILO Pro V2030D laptopja vezet\u00e9k n\u00e9lk\u00fcli kapcsolat\u00e1t a Broadcom BCM4318KFBG Wireless-G MiniPCI Adapterrel. \u00c9lvezze a gyorsabb \u00e9s megb\u00edzhat\u00f3bb vezet\u00e9k n\u00e9lk\u00fcli kapcsolatokat az optimaliz\u00e1lt sz\u00e1m\u00edt\u00e1stechnikai \u00e9lm\u00e9ny \u00e9rdek\u00e9ben.<\/p>\n","protected":false},"featured_media":4261,"template":"","meta":[],"product_brand":[],"product_cat":[27],"product_tag":[28],"class_list":{"0":"post-4216","1":"product","2":"type-product","3":"status-publish","4":"has-post-thumbnail","6":"product_cat-motherboards-board-parts","7":"product_tag-fujitsu","9":"first","10":"instock","11":"taxable","12":"shipping-taxable","13":"purchasable","14":"product-type-simple"},"_links":{"self":[{"href":"https:\/\/boreait.com\/hu\/wp-json\/wp\/v2\/product\/4216","targetHints":{"allow":["GET"]}}],"collection":[{"href":"https:\/\/boreait.com\/hu\/wp-json\/wp\/v2\/product"}],"about":[{"href":"https:\/\/boreait.com\/hu\/wp-json\/wp\/v2\/types\/product"}],"wp:featuredmedia":[{"embeddable":true,"href":"https:\/\/boreait.com\/hu\/wp-json\/wp\/v2\/media\/4261"}],"wp:attachment":[{"href":"https:\/\/boreait.com\/hu\/wp-json\/wp\/v2\/media?parent=4216"}],"wp:term":[{"taxonomy":"product_brand","embeddable":true,"href":"https:\/\/boreait.com\/hu\/wp-json\/wp\/v2\/product_brand?post=4216"},{"taxonomy":"product_cat","embeddable":true,"href":"https:\/\/boreait.com\/hu\/wp-json\/wp\/v2\/product_cat?post=4216"},{"taxonomy":"product_tag","embeddable":true,"href":"https:\/\/boreait.com\/hu\/wp-json\/wp\/v2\/product_tag?post=4216"}],"curies":[{"name":"wp","href":"https:\/\/api.w.org\/{rel}","templated":true}]}}