{"id":4215,"date":"2025-09-17T10:52:33","date_gmt":"2025-09-17T08:52:33","guid":{"rendered":"https:\/\/boreait.com\/hu\/?post_type=product&#038;p=4215"},"modified":"2025-09-17T10:53:38","modified_gmt":"2025-09-17T08:53:38","slug":"fujitsu-siemens-amilo-pro-v2030d-usb-port-35-mm-es-jack-lm7rab","status":"publish","type":"product","link":"https:\/\/boreait.com\/hu\/termek\/fujitsu-siemens-amilo-pro-v2030d-usb-port-35-mm-es-jack-lm7rab\/","title":{"rendered":"Fujitsu Siemens AMILO Pro V2030D USB port, 3,5 mm-es jack LM7RAB"},"content":{"rendered":"<p>N\u00f6velje Fujitsu Siemens AMILO Pro V2030D laptopja csatlakoztathat\u00f3s\u00e1g\u00e1t az USB-porttal \u00e9s a 3,5 mm-es Jack LM7RAB cseremodullal. A laptop funkcionalit\u00e1s\u00e1nak optimaliz\u00e1l\u00e1s\u00e1ra tervezett eredeti cseremodul z\u00f6kken\u0151mentes integr\u00e1ci\u00f3t \u00e9s jobb haszn\u00e1lhat\u00f3s\u00e1got biztos\u00edt a jobb sz\u00e1m\u00edt\u00e1stechnikai \u00e9lm\u00e9ny \u00e9rdek\u00e9ben.<\/p>\n<p>A Fujitsu Siemens sz\u00e1m\u00e1ra k\u00e9sz\u00fclt, a sz\u00e1m\u00edt\u00e1stechnika egyik megb\u00edzhat\u00f3 neve, az USB-portot \u00e9s a 3,5 mm-es Jack-cseremodult \u00fagy tervezt\u00e9k, hogy megb\u00edzhat\u00f3 csatlakoz\u00e1si lehet\u0151s\u00e9geket biztos\u00edtson. A laptop interf\u00e9sz\u00e9nek alapvet\u0151 elemek\u00e9nt ez a modul kulcsfontoss\u00e1g\u00fa szerepet j\u00e1tszik a csatlakoz\u00e1si lehet\u0151s\u00e9gek b\u0151v\u00edt\u00e9s\u00e9ben.<\/p>\n<p>Ak\u00e1r k\u00fcls\u0151 eszk\u00f6z\u00f6ket kell csatlakoztatnia, adatokat kell tov\u00e1bb\u00edtania, ak\u00e1r audio-perif\u00e9ri\u00e1kat kell haszn\u00e1lnia, ez a cseremodul biztos\u00edtja a sz\u00fcks\u00e9ges k\u00e9nyelmet \u00e9s hat\u00e9konys\u00e1got. A hozz\u00e1adott USB-porttal egyszer\u0171en csatlakoztathat USB-eszk\u00f6z\u00f6ket, p\u00e9ld\u00e1ul flash meghajt\u00f3kat, k\u00fcls\u0151 merevlemezeket stb. A 3,5 mm-es jack csatlakoz\u00f3 lehet\u0151v\u00e9 teszi fejhallgat\u00f3, hangsz\u00f3r\u00f3 vagy mikrofon csatlakoztat\u00e1s\u00e1t, ami jav\u00edtja a hang\u00e9lm\u00e9nyt.<\/p>\n<p>A telep\u00edt\u00e9s egyszer\u0171 a laptop eredeti alkatr\u00e9szeihez igazod\u00f3 kialak\u00edt\u00e1snak k\u00f6sz\u00f6nhet\u0151en. Az eredeti Fujitsu Siemens alkatr\u00e9szek kiv\u00e1laszt\u00e1s\u00e1val laptopja csatlakoz\u00e1s\u00e1nak min\u0151s\u00e9g\u00e9be \u00e9s megb\u00edzhat\u00f3s\u00e1g\u00e1ba fektet be.<\/p>\n<p>Friss\u00edtse laptopja csatlakoztathat\u00f3s\u00e1g\u00e1t az USB-porttal \u00e9s a Fujitsu Siemens AMILO Pro V2030D 3,5 mm-es Jack cseremodulj\u00e1val. \u00c9lvezze a b\u0151v\u00edtett csatlakoz\u00e1si lehet\u0151s\u00e9geket, az egyszer\u0171s\u00edtett adat\u00e1tvitelt \u00e9s a tov\u00e1bbfejlesztett audiok\u00e9pess\u00e9geket. N\u00f6velje sz\u00e1m\u00edt\u00e1stechnikai \u00e9lm\u00e9ny\u00e9t ezzel a megb\u00edzhat\u00f3 \u00e9s hat\u00e9kony cseremodullal.<\/p>\n<p>V\u00e1s\u00e1rl\u00e1s el\u0151tt ellen\u0151rizze, hogy kompatibilis-e az adott laptopmodellj\u00e9vel.<\/p>\n","protected":false},"excerpt":{"rendered":"<p>Fokozza a Fujitsu Siemens AMILO Pro V2030D laptop csatlakoztathat\u00f3s\u00e1g\u00e1t az USB-porttal \u00e9s a 3,5 mm-es Jack-cseremodullal. \u00c9lvezze a b\u0151v\u00edtett csatlakoz\u00e1si lehet\u0151s\u00e9geket \u00e9s a tov\u00e1bbfejlesztett audiok\u00e9pess\u00e9geket.<\/p>\n","protected":false},"featured_media":4259,"template":"","meta":[],"product_brand":[],"product_cat":[27],"product_tag":[28],"class_list":{"0":"post-4215","1":"product","2":"type-product","3":"status-publish","4":"has-post-thumbnail","6":"product_cat-motherboards-board-parts","7":"product_tag-fujitsu","9":"first","10":"instock","11":"taxable","12":"shipping-taxable","13":"purchasable","14":"product-type-simple"},"_links":{"self":[{"href":"https:\/\/boreait.com\/hu\/wp-json\/wp\/v2\/product\/4215","targetHints":{"allow":["GET"]}}],"collection":[{"href":"https:\/\/boreait.com\/hu\/wp-json\/wp\/v2\/product"}],"about":[{"href":"https:\/\/boreait.com\/hu\/wp-json\/wp\/v2\/types\/product"}],"wp:featuredmedia":[{"embeddable":true,"href":"https:\/\/boreait.com\/hu\/wp-json\/wp\/v2\/media\/4259"}],"wp:attachment":[{"href":"https:\/\/boreait.com\/hu\/wp-json\/wp\/v2\/media?parent=4215"}],"wp:term":[{"taxonomy":"product_brand","embeddable":true,"href":"https:\/\/boreait.com\/hu\/wp-json\/wp\/v2\/product_brand?post=4215"},{"taxonomy":"product_cat","embeddable":true,"href":"https:\/\/boreait.com\/hu\/wp-json\/wp\/v2\/product_cat?post=4215"},{"taxonomy":"product_tag","embeddable":true,"href":"https:\/\/boreait.com\/hu\/wp-json\/wp\/v2\/product_tag?post=4215"}],"curies":[{"name":"wp","href":"https:\/\/api.w.org\/{rel}","templated":true}]}}