{"id":4197,"date":"2025-09-17T10:52:12","date_gmt":"2025-09-17T08:52:12","guid":{"rendered":"https:\/\/boreait.com\/hu\/?post_type=product&#038;p=4197"},"modified":"2025-09-17T10:53:20","modified_gmt":"2025-09-17T08:53:20","slug":"fujitsu-amilo-pro-v2055-olasz-billentyuzetkiosztas-k022429b1-xx","status":"publish","type":"product","link":"https:\/\/boreait.com\/hu\/termek\/fujitsu-amilo-pro-v2055-olasz-billentyuzetkiosztas-k022429b1-xx\/","title":{"rendered":"Fujitsu Amilo Pro V2055 olasz billenty\u0171zetkioszt\u00e1s K022429B1-XX"},"content":{"rendered":"<p>N\u00f6velje g\u00e9pel\u00e9si \u00e9lm\u00e9ny\u00e9t a Fujitsu Amilo Pro V2055 billenty\u0171zettel, amely olasz (IT) elrendez\u00e9ssel rendelkezik (cikksz\u00e1m: K022429B1-XX). A sz\u00e1m\u00edt\u00e1stechnika k\u00e9nyelm\u00e9nek \u00e9s termel\u00e9kenys\u00e9g\u00e9nek fokoz\u00e1s\u00e1ra tervezett, eredeti billenty\u0171zet z\u00f6kken\u0151mentes g\u00e9pel\u00e9si \u00e9lm\u00e9nyt k\u00edn\u00e1l ergonomikus kialak\u00edt\u00e1s\u00e1val \u00e9s megb\u00edzhat\u00f3 teljes\u00edtm\u00e9ny\u00e9vel. Ugyanaz a billenty\u0171zet, mint a list\u00e1n szerepl\u0151 k\u00e9pen!<\/p>\n<p>A Fujitsu, a sz\u00e1m\u00edt\u00e1stechnika egy megb\u00edzhat\u00f3 neve \u00e1ltal gy\u00e1rtott, brit elrendez\u00e9s\u0171 billenty\u0171zetet \u00fagy tervezt\u00e9k, hogy z\u00f6kken\u0151mentesen integr\u00e1lhat\u00f3 legyen Amilo Pro V2055 laptopj\u00e1val. \u00dagy tervezt\u00e9k, hogy megfeleljen a Fujitsu szigor\u00fa min\u0151s\u00e9gi el\u0151\u00edr\u00e1sainak, biztos\u00edtva a tart\u00f3ss\u00e1got \u00e9s a tart\u00f3s teljes\u00edtm\u00e9nyt.<\/p>\n<p>A telep\u00edt\u00e9s egyszer\u0171, k\u00f6sz\u00f6nhet\u0151en a plug-and-play kialak\u00edt\u00e1snak, amely t\u00f6k\u00e9letesen illeszkedik a laptop eredeti alkatr\u00e9szeihez. Az eredeti Fujitsu alkatr\u00e9szek kiv\u00e1laszt\u00e1s\u00e1val laptopja billenty\u0171zet\u00e9nek min\u0151s\u00e9g\u00e9be \u00e9s megb\u00edzhat\u00f3s\u00e1g\u00e1ba fektet be.<\/p>\n<p>Friss\u00edtse g\u00e9pel\u00e9si \u00e9lm\u00e9ny\u00e9t a Fujitsu Amilo Pro V2055 billenty\u0171zettel, UK Layout (cikksz\u00e1m: K022429B1-XX). \u00c9lvezze a k\u00e9nyelmes \u00e9s hat\u00e9kony g\u00e9pel\u00e9st az \u00d6n preferenci\u00e1ira szabva Amilo Pro V2055 laptopj\u00e1n. N\u00f6velje termel\u00e9kenys\u00e9g\u00e9t ezzel a megb\u00edzhat\u00f3 \u00e9s hat\u00e9kony billenty\u0171zettel.<\/p>\n<p>V\u00e1s\u00e1rl\u00e1s el\u0151tt ellen\u0151rizze, hogy kompatibilis-e az adott laptopmodellj\u00e9vel.<\/p>\n","protected":false},"excerpt":{"rendered":"<p>Fokozza a g\u00e9pel\u00e9s k\u00e9nyelm\u00e9t \u00e9s termel\u00e9kenys\u00e9g\u00e9t Amilo Pro V2055 laptopj\u00e1n az olasz kioszt\u00e1s\u00fa Fujitsu Amilo Pro V2055 billenty\u0171zettel (cikksz\u00e1m: K022429B1-XX). \u00c9lvezze az Egyes\u00fclt Kir\u00e1lys\u00e1g preferenci\u00e1ira szabott hat\u00e9kony g\u00e9pel\u00e9st.<\/p>\n","protected":false},"featured_media":4251,"template":"","meta":[],"product_brand":[],"product_cat":[35],"product_tag":[28],"class_list":{"0":"post-4197","1":"product","2":"type-product","3":"status-publish","4":"has-post-thumbnail","6":"product_cat-laptop-keyboard","7":"product_tag-fujitsu","9":"first","10":"instock","11":"taxable","12":"shipping-taxable","13":"purchasable","14":"product-type-simple"},"_links":{"self":[{"href":"https:\/\/boreait.com\/hu\/wp-json\/wp\/v2\/product\/4197","targetHints":{"allow":["GET"]}}],"collection":[{"href":"https:\/\/boreait.com\/hu\/wp-json\/wp\/v2\/product"}],"about":[{"href":"https:\/\/boreait.com\/hu\/wp-json\/wp\/v2\/types\/product"}],"wp:featuredmedia":[{"embeddable":true,"href":"https:\/\/boreait.com\/hu\/wp-json\/wp\/v2\/media\/4251"}],"wp:attachment":[{"href":"https:\/\/boreait.com\/hu\/wp-json\/wp\/v2\/media?parent=4197"}],"wp:term":[{"taxonomy":"product_brand","embeddable":true,"href":"https:\/\/boreait.com\/hu\/wp-json\/wp\/v2\/product_brand?post=4197"},{"taxonomy":"product_cat","embeddable":true,"href":"https:\/\/boreait.com\/hu\/wp-json\/wp\/v2\/product_cat?post=4197"},{"taxonomy":"product_tag","embeddable":true,"href":"https:\/\/boreait.com\/hu\/wp-json\/wp\/v2\/product_tag?post=4197"}],"curies":[{"name":"wp","href":"https:\/\/api.w.org\/{rel}","templated":true}]}}