{"id":4195,"date":"2025-09-17T10:52:12","date_gmt":"2025-09-17T08:52:12","guid":{"rendered":"https:\/\/boreait.com\/hu\/?post_type=product&#038;p=4195"},"modified":"2026-01-12T08:25:49","modified_gmt":"2026-01-12T07:25:49","slug":"fujitsu-siemens-amilo-pro-v2030d-felso-burkolat-bekapcsologombbal","status":"publish","type":"product","link":"https:\/\/boreait.com\/hu\/termek\/fujitsu-siemens-amilo-pro-v2030d-felso-burkolat-bekapcsologombbal\/","title":{"rendered":"Fujitsu Siemens AMILO Pro V2030D fels\u0151 burkolat bekapcsol\u00f3gombbal"},"content":{"rendered":"<p>N\u00f6velje Fujitsu Siemens AMILO Pro V2030D laptopja megjelen\u00e9s\u00e9t \u00e9s v\u00e9delm\u00e9t a bekapcsol\u00f3gombos Fujitsu Siemens AMILO Pro V2030D fels\u0151 bor\u00edt\u00e1ssal. Ezt az eredeti fels\u0151 burkolatot \u00fagy tervezt\u00e9k, hogy t\u00f6k\u00e9letesebb laptop\u00e9lm\u00e9nyt biztos\u00edtson, \u00e9s \u00fagy tervezt\u00e9k, hogy z\u00f6kken\u0151mentesen illeszkedjen, \u00e9s eszt\u00e9tikus megjelen\u00e9st \u00e9s tart\u00f3ss\u00e1got k\u00edn\u00e1l.<\/p>\n<p>A Fujitsu Siemens, a sz\u00e1m\u00edt\u00e1stechnika egyik megb\u00edzhat\u00f3 neve \u00e1ltal gy\u00e1rtott AMILO Pro V2030D Top Cover t\u00f6k\u00e9letes illeszked\u00e9st biztos\u00edt laptopj\u00e1hoz. Alapvet\u0151 elemk\u00e9nt ez a burkolat nem csak a laptop belsej\u00e9t v\u00e9di a port\u00f3l \u00e9s t\u00f6rmel\u00e9kt\u0151l, hanem jav\u00edtja annak l\u00e1tv\u00e1ny\u00e1t is.<\/p>\n<p>Ak\u00e1r profi, aki \u00e9rt\u00e9keli az eleg\u00e1ns \u00e9s j\u00f3l karbantartott laptop megjelen\u00e9st, ak\u00e1r olyan felhaszn\u00e1l\u00f3, aki meg akarja \u00f3vni eszk\u00f6z\u00e9t, ez a fels\u0151 bor\u00edt\u00e1s biztos\u00edtja a sz\u00fcks\u00e9ges v\u00e9delmet \u00e9s st\u00edlust. Prec\u00edzi\u00f3s kialak\u00edt\u00e1sa illeszkedik az eredeti burkolathoz, \u00edgy biztos\u00edtva a t\u00f6k\u00e9letes illeszked\u00e9st.<\/p>\n<p>A telep\u00edt\u00e9s egyszer\u0171 az OEM-kialak\u00edt\u00e1snak k\u00f6sz\u00f6nhet\u0151en, amely illeszkedik a laptop eredeti alkatr\u00e9szeihez.\u00a0 Az eredeti Fujitsu Siemens alkatr\u00e9szek kiv\u00e1laszt\u00e1s\u00e1val laptopja megjelen\u00e9s\u00e9nek \u00e9s v\u00e9delm\u00e9nek min\u0151s\u00e9g\u00e9be, eszt\u00e9tik\u00e1j\u00e1ba \u00e9s megb\u00edzhat\u00f3s\u00e1g\u00e1ba fektet be.<\/p>\n<p>Friss\u00edtse laptopja megjelen\u00e9s\u00e9t \u00e9s v\u00e9delm\u00e9t a bekapcsol\u00f3gombos Fujitsu Siemens AMILO Pro V2030D fels\u0151 burkolattal. \u00c9lvezze az eleg\u00e1ns \u00e9s j\u00f3l v\u00e9dett laptopot, mik\u00f6zben meg\u0151rzi eredeti eszt\u00e9tik\u00e1j\u00e1t. N\u00f6velje sz\u00e1m\u00edt\u00e1stechnikai \u00e9lm\u00e9ny\u00e9t ezzel a megb\u00edzhat\u00f3 \u00e9s hat\u00e9kony fels\u0151 bor\u00edt\u00e1ssal.<\/p>\n<p>V\u00e1s\u00e1rl\u00e1s el\u0151tt ellen\u0151rizze, hogy kompatibilis-e az adott laptopmodellj\u00e9vel.<\/p>\n","protected":false},"excerpt":{"rendered":"<p>Fokozza Fujitsu Siemens AMILO Pro V2030D laptopja megjelen\u00e9s\u00e9t \u00e9s v\u00e9delm\u00e9t a Fujitsu Siemens AMILO Pro V2030D bekapcsol\u00f3gombos fels\u0151 burkolattal. \u00c9lvezze eszk\u00f6ze jobb eszt\u00e9tikai megjelen\u00e9s\u00e9t \u00e9s tart\u00f3ss\u00e1g\u00e1t.<\/p>\n","protected":false},"featured_media":4248,"template":"","meta":[],"product_brand":[],"product_cat":[16],"product_tag":[28],"class_list":{"0":"post-4195","1":"product","2":"type-product","3":"status-publish","4":"has-post-thumbnail","6":"product_cat-laptop-housing","7":"product_tag-fujitsu","9":"first","10":"instock","11":"taxable","12":"shipping-taxable","13":"purchasable","14":"product-type-simple"},"_links":{"self":[{"href":"https:\/\/boreait.com\/hu\/wp-json\/wp\/v2\/product\/4195","targetHints":{"allow":["GET"]}}],"collection":[{"href":"https:\/\/boreait.com\/hu\/wp-json\/wp\/v2\/product"}],"about":[{"href":"https:\/\/boreait.com\/hu\/wp-json\/wp\/v2\/types\/product"}],"wp:featuredmedia":[{"embeddable":true,"href":"https:\/\/boreait.com\/hu\/wp-json\/wp\/v2\/media\/4248"}],"wp:attachment":[{"href":"https:\/\/boreait.com\/hu\/wp-json\/wp\/v2\/media?parent=4195"}],"wp:term":[{"taxonomy":"product_brand","embeddable":true,"href":"https:\/\/boreait.com\/hu\/wp-json\/wp\/v2\/product_brand?post=4195"},{"taxonomy":"product_cat","embeddable":true,"href":"https:\/\/boreait.com\/hu\/wp-json\/wp\/v2\/product_cat?post=4195"},{"taxonomy":"product_tag","embeddable":true,"href":"https:\/\/boreait.com\/hu\/wp-json\/wp\/v2\/product_tag?post=4195"}],"curies":[{"name":"wp","href":"https:\/\/api.w.org\/{rel}","templated":true}]}}