{"id":4193,"date":"2025-09-17T10:52:11","date_gmt":"2025-09-17T08:52:11","guid":{"rendered":"https:\/\/boreait.com\/hu\/?post_type=product&#038;p=4193"},"modified":"2026-01-12T08:25:32","modified_gmt":"2026-01-12T07:25:32","slug":"fujitsu-siemens-amilo-pro-v2030d-also-burkolat","status":"publish","type":"product","link":"https:\/\/boreait.com\/hu\/termek\/fujitsu-siemens-amilo-pro-v2030d-also-burkolat\/","title":{"rendered":"Fujitsu Siemens AMILO Pro V2030D als\u00f3 burkolat"},"content":{"rendered":"<p>N\u00f6velje Fujitsu Siemens AMILO Pro V2030D laptopja tart\u00f3ss\u00e1g\u00e1t \u00e9s v\u00e9delm\u00e9t a Fujitsu Siemens AMILO Pro V2030D als\u00f3 burkolattal. Ezt az eredeti cserealkatr\u00e9szt \u00fagy tervezt\u00e9k, hogy biztons\u00e1gos \u00e9s v\u00e9d\u0151 h\u00e1zat biztos\u00edtson laptopja alj\u00e1nak.<\/p>\n<p>A Fujitsu Siemens, a sz\u00e1m\u00edt\u00e1stechnika egyik megb\u00edzhat\u00f3 neve tervezte ezt az als\u00f3 burkolatot, hogy k\u00e9nyelmes illeszked\u00e9st \u00e9s megfelel\u0151 szell\u0151z\u00e9st biztos\u00edtson laptopja sz\u00e1m\u00e1ra. V\u00e9d\u0151g\u00e1tk\u00e9nt szolg\u00e1l, megv\u00e9di a bels\u0151 alkatr\u00e9szeket a port\u00f3l, t\u00f6rmel\u00e9kt\u0151l \u00e9s kisebb \u00fct\u00e9sekt\u0151l, mik\u00f6zben optim\u00e1lis l\u00e9g\u00e1raml\u00e1st biztos\u00edt a t\u00falmeleged\u00e9s elker\u00fcl\u00e9se \u00e9rdek\u00e9ben.<\/p>\n<p>Ak\u00e1r s\u00e9r\u00fclt vagy elhaszn\u00e1l\u00f3dott als\u00f3 burkolatot kell cser\u00e9lnie, ak\u00e1r egyszer\u0171en csak laptopja hossz\u00fa \u00e9lettartam\u00e1t szeretn\u00e9 biztos\u00edtani, ez az eredeti Fujitsu Siemens alkatr\u00e9sz azt a min\u0151s\u00e9get \u00e9s megb\u00edzhat\u00f3s\u00e1got k\u00edn\u00e1lja, amelyben megb\u00edzhat. Prec\u00edzi\u00f3s kialak\u00edt\u00e1sa t\u00f6k\u00e9letesen illeszkedik laptopja eredeti alkatr\u00e9szeihez, \u00edgy a telep\u00edt\u00e9s gyerekj\u00e1t\u00e9k.<\/p>\n<p>N\u00f6velje laptopja v\u00e9delm\u00e9t \u00e9s eszt\u00e9tik\u00e1j\u00e1t a Fujitsu Siemens AMILO Pro V2030D als\u00f3 burkolattal. \u00c9lvezze a nyugalmat, amelyet laptopja bels\u0151 alkatr\u00e9szeinek biztons\u00e1gos \u00e9s j\u00f3l szell\u0151z\u0151 h\u00e1za biztos\u00edt. N\u00f6velje Fujitsu Siemens AMILO Pro V2030D laptopja \u00e1ltal\u00e1nos tart\u00f3ss\u00e1g\u00e1t \u00e9s funkcionalit\u00e1s\u00e1t ezzel a megb\u00edzhat\u00f3 als\u00f3 bor\u00edt\u00e1ssal.<\/p>\n<p>V\u00e1s\u00e1rl\u00e1s el\u0151tt ellen\u0151rizze, hogy kompatibilis-e az adott laptopmodellj\u00e9vel.<\/p>\n","protected":false},"excerpt":{"rendered":"<p>Fokozza Fujitsu Siemens AMILO Pro V2030D laptopja v\u00e9delm\u00e9t \u00e9s tart\u00f3ss\u00e1g\u00e1t az eredeti Fujitsu Siemens AMILO Pro V2030D als\u00f3 burkolattal.<\/p>\n","protected":false},"featured_media":4236,"template":"","meta":[],"product_brand":[],"product_cat":[16],"product_tag":[28],"class_list":{"0":"post-4193","1":"product","2":"type-product","3":"status-publish","4":"has-post-thumbnail","6":"product_cat-laptop-housing","7":"product_tag-fujitsu","9":"first","10":"instock","11":"taxable","12":"shipping-taxable","13":"purchasable","14":"product-type-simple"},"_links":{"self":[{"href":"https:\/\/boreait.com\/hu\/wp-json\/wp\/v2\/product\/4193","targetHints":{"allow":["GET"]}}],"collection":[{"href":"https:\/\/boreait.com\/hu\/wp-json\/wp\/v2\/product"}],"about":[{"href":"https:\/\/boreait.com\/hu\/wp-json\/wp\/v2\/types\/product"}],"wp:featuredmedia":[{"embeddable":true,"href":"https:\/\/boreait.com\/hu\/wp-json\/wp\/v2\/media\/4236"}],"wp:attachment":[{"href":"https:\/\/boreait.com\/hu\/wp-json\/wp\/v2\/media?parent=4193"}],"wp:term":[{"taxonomy":"product_brand","embeddable":true,"href":"https:\/\/boreait.com\/hu\/wp-json\/wp\/v2\/product_brand?post=4193"},{"taxonomy":"product_cat","embeddable":true,"href":"https:\/\/boreait.com\/hu\/wp-json\/wp\/v2\/product_cat?post=4193"},{"taxonomy":"product_tag","embeddable":true,"href":"https:\/\/boreait.com\/hu\/wp-json\/wp\/v2\/product_tag?post=4193"}],"curies":[{"name":"wp","href":"https:\/\/api.w.org\/{rel}","templated":true}]}}