{"id":4192,"date":"2025-09-17T10:52:11","date_gmt":"2025-09-17T08:52:11","guid":{"rendered":"https:\/\/boreait.com\/hu\/?post_type=product&#038;p=4192"},"modified":"2025-09-17T10:52:50","modified_gmt":"2025-09-17T08:52:50","slug":"fujitsu-siemens-amilo-pro-v2030d-kepernyofedel-lcd-kabellel","status":"publish","type":"product","link":"https:\/\/boreait.com\/hu\/termek\/fujitsu-siemens-amilo-pro-v2030d-kepernyofedel-lcd-kabellel\/","title":{"rendered":"Fujitsu Siemens AMILO Pro V2030D K\u00e9perny\u0151fed\u00e9l LCD k\u00e1bellel"},"content":{"rendered":"<p>Jav\u00edtsa Fujitsu Siemens AMILO Pro V2030D laptopja megjelen\u00e9s\u00e9t \u00e9s v\u00e9delm\u00e9t a Fujitsu Siemens AMILO Pro V2030D LCD-k\u00e1bellel ell\u00e1tott k\u00e9perny\u0151v\u00e9d\u0151vel. A laptop eszt\u00e9tik\u00e1j\u00e1nak \u00e9s tart\u00f3ss\u00e1g\u00e1nak fokoz\u00e1s\u00e1ra tervezett eredeti k\u00e9perny\u0151takar\u00f3 fels\u0151 eleg\u00e1ns kialak\u00edt\u00e1st \u00e9s fokozott v\u00e9delmet k\u00edn\u00e1l eszk\u00f6z\u00e9nek.<\/p>\n<p>A sz\u00e1m\u00edt\u00e1stechnik\u00e1ban egy j\u00f3 h\u00edr\u0171 Fujitsu Siemens \u00e1ltal megalkotott AMILO Pro V2030D k\u00e9perny\u0151v\u00e9d\u0151 fels\u0151t \u00fagy tervezt\u00e9k, hogy z\u00f6kken\u0151mentesen illeszkedjen laptopj\u00e1hoz. A laptop kijelz\u0151j\u00e9t v\u00e9d\u0151 l\u00e9tfontoss\u00e1g\u00fa alkatr\u00e9szk\u00e9nt ez a fed\u0151lap nem csak egy csipetnyi eleganci\u00e1t ad, hanem meg is v\u00e9di a k\u00e9perny\u0151t a karcol\u00e1sokt\u00f3l \u00e9s kisebb \u00fct\u00e9sekt\u0151l.<\/p>\n<p>A fels\u0151 burkolatot prec\u00edzen tervezt\u00e9k, hogy k\u00e9nyelmesen \u00e9s biztons\u00e1gosan illeszkedjen, meg\u0151rizve laptopja kialak\u00edt\u00e1s\u00e1nak integrit\u00e1s\u00e1t. Eleg\u00e1ns \u00e9s professzion\u00e1lis megjelen\u00e9se jav\u00edtja laptopja \u00e1ltal\u00e1nos megjelen\u00e9s\u00e9t, \u00edgy professzion\u00e1lis \u00e9s szem\u00e9lyes haszn\u00e1latra egyar\u00e1nt ide\u00e1lis.<\/p>\n<p>A telep\u00edt\u00e9s egyszer\u0171, k\u00f6sz\u00f6nhet\u0151en az OEM-kialak\u00edt\u00e1snak, amely t\u00f6k\u00e9letesen illeszkedik a laptop eredeti alkatr\u00e9szeihez. Az eredeti Fujitsu Siemens alkatr\u00e9szek kiv\u00e1laszt\u00e1s\u00e1val laptopja min\u0151s\u00e9g\u00e9be, tart\u00f3ss\u00e1g\u00e1ba \u00e9s eszt\u00e9tik\u00e1j\u00e1ba fektet be.<\/p>\n<p>N\u00f6velje laptopja megjelen\u00e9s\u00e9t \u00e9s v\u00e9delm\u00e9t a Fujitsu Siemens AMILO Pro V2030D k\u00e9perny\u0151v\u00e9d\u0151vel. \u00c9lvezze a friss\u00edtett \u00e9s eleg\u00e1ns megjelen\u00e9st, mik\u00f6zben biztos\u00edtja, hogy laptopja kijelz\u0151je biztons\u00e1gban maradjon a mindennapi elhaszn\u00e1l\u00f3d\u00e1st\u00f3l.<\/p>\n<p>V\u00e1s\u00e1rl\u00e1s el\u0151tt ellen\u0151rizze, hogy kompatibilis-e az adott laptopmodellj\u00e9vel.<\/p>\n","protected":false},"excerpt":{"rendered":"<p>N\u00f6velje Fujitsu Siemens AMILO Pro V2030D laptopja megjelen\u00e9s\u00e9t \u00e9s v\u00e9delm\u00e9t a Fujitsu Siemens AMILO Pro V2030D k\u00e9perny\u0151v\u00e9d\u0151vel. Friss\u00edtse laptopja megjelen\u00e9s\u00e9t, \u00e9s \u00f3vja meg a kijelz\u0151j\u00e9t ezzel az eredeti bor\u00edt\u00f3lappal.<\/p>\n","protected":false},"featured_media":4234,"template":"","meta":[],"product_brand":[],"product_cat":[16],"product_tag":[28],"class_list":{"0":"post-4192","1":"product","2":"type-product","3":"status-publish","4":"has-post-thumbnail","6":"product_cat-laptop-housing","7":"product_tag-fujitsu","9":"first","10":"instock","11":"taxable","12":"shipping-taxable","13":"purchasable","14":"product-type-simple"},"_links":{"self":[{"href":"https:\/\/boreait.com\/hu\/wp-json\/wp\/v2\/product\/4192","targetHints":{"allow":["GET"]}}],"collection":[{"href":"https:\/\/boreait.com\/hu\/wp-json\/wp\/v2\/product"}],"about":[{"href":"https:\/\/boreait.com\/hu\/wp-json\/wp\/v2\/types\/product"}],"wp:featuredmedia":[{"embeddable":true,"href":"https:\/\/boreait.com\/hu\/wp-json\/wp\/v2\/media\/4234"}],"wp:attachment":[{"href":"https:\/\/boreait.com\/hu\/wp-json\/wp\/v2\/media?parent=4192"}],"wp:term":[{"taxonomy":"product_brand","embeddable":true,"href":"https:\/\/boreait.com\/hu\/wp-json\/wp\/v2\/product_brand?post=4192"},{"taxonomy":"product_cat","embeddable":true,"href":"https:\/\/boreait.com\/hu\/wp-json\/wp\/v2\/product_cat?post=4192"},{"taxonomy":"product_tag","embeddable":true,"href":"https:\/\/boreait.com\/hu\/wp-json\/wp\/v2\/product_tag?post=4192"}],"curies":[{"name":"wp","href":"https:\/\/api.w.org\/{rel}","templated":true}]}}