{"id":4191,"date":"2025-09-17T10:52:11","date_gmt":"2025-09-17T08:52:11","guid":{"rendered":"https:\/\/boreait.com\/hu\/?post_type=product&#038;p=4191"},"modified":"2025-09-17T10:52:47","modified_gmt":"2025-09-17T08:52:47","slug":"lenovo-g710-kepernyoelolap-burkolat-13n0-b5a0301","status":"publish","type":"product","link":"https:\/\/boreait.com\/hu\/termek\/lenovo-g710-kepernyoelolap-burkolat-13n0-b5a0301\/","title":{"rendered":"LENOVO G710 k\u00e9perny\u0151el\u0151lap burkolat 13N0-B5A0301"},"content":{"rendered":"<p>N\u00f6velje Lenovo G710 laptopja vizu\u00e1lis eszt\u00e9tik\u00e1j\u00e1t \u00e9s tart\u00f3ss\u00e1g\u00e1t a Lenovo G710 k\u00e9perny\u0151el\u0151lappal. Ez az eredeti Lenovo el\u0151lap t\u00f6k\u00e9letes illeszked\u00e9st \u00e9s jobb v\u00e9delmet k\u00edn\u00e1l a laptop kijelz\u0151j\u00e9nek megjelen\u00e9s\u00e9nek \u00e9s szerkezeti integrit\u00e1s\u00e1nak jav\u00edt\u00e1s\u00e1ra. Cikksz\u00e1m: 13N0-B5A0301<\/p>\n<p>A Lenovo, a sz\u00e1m\u00edt\u00e1stechnika megb\u00edzhat\u00f3 vezet\u0151je \u00e1ltal tervezett Lenovo G710 k\u00e9perny\u0151el\u0151lap t\u00f6k\u00e9letes illeszked\u00e9st biztos\u00edt laptopja form\u00e1j\u00e1hoz \u00e9s funkci\u00f3ihoz. A laptop fel\u00e9p\u00edt\u00e9s\u00e9nek alapvet\u0151 elemek\u00e9nt ez az el\u0151lap nemcsak a megjelen\u00e9s\u00e9t jav\u00edtja, hanem tov\u00e1bbi v\u00e9delmet is ny\u00fajt a k\u00e9perny\u0151 \u00e9rz\u00e9keny sz\u00e9lei sz\u00e1m\u00e1ra.<\/p>\n<p>Ak\u00e1r egy profi, aki \u00e9rt\u00e9keli az eleg\u00e1ns \u00e9s kifinomult laptop-bemutat\u00f3t, ak\u00e1r egy h\u00e9tk\u00f6znapi felhaszn\u00e1l\u00f3, aki meg akarja \u00f3vni befektet\u00e9s\u00e9t, ez az el\u0151lap mindk\u00e9t c\u00e9lt szolg\u00e1lja. Kieg\u00e9sz\u00edti laptopja kialak\u00edt\u00e1s\u00e1t, mik\u00f6zben egy r\u00e9teg v\u00e9delmet ad a k\u00e9perny\u0151 esetleges s\u00e9r\u00fcl\u00e9sei ellen.<\/p>\n<p>A telep\u00edt\u00e9s egyszer\u0171 a prec\u00edzi\u00f3s tervez\u00e9snek k\u00f6sz\u00f6nhet\u0151en, amely illeszkedik a laptop eredeti alkatr\u00e9szeihez. Az eredeti Lenovo alkatr\u00e9szek kiv\u00e1laszt\u00e1s\u00e1val laptopja megjelen\u00e9s\u00e9nek \u00e9s v\u00e9delm\u00e9nek min\u0151s\u00e9g\u00e9be \u00e9s megb\u00edzhat\u00f3s\u00e1g\u00e1ba fektet be.<\/p>\n<p>Friss\u00edtse laptopja eszt\u00e9tik\u00e1j\u00e1t \u00e9s k\u00e9perny\u0151v\u00e9delm\u00e9t a Lenovo G710 k\u00e9perny\u0151el\u0151lappal. \u00c9lvezze Lenovo G710 kifinomult \u00e9s csiszolt megjelen\u00e9s\u00e9t, mik\u00f6zben tov\u00e1bbi tart\u00f3ss\u00e1got biztos\u00edt laptopja kijelz\u0151j\u00e9nek \u00e9lei sz\u00e1m\u00e1ra.<\/p>\n<p>V\u00e1s\u00e1rl\u00e1s el\u0151tt ellen\u0151rizze, hogy kompatibilis-e az adott laptopmodellj\u00e9vel.<\/p>\n","protected":false},"excerpt":{"rendered":"<p>Fokozza Lenovo G710 laptopja megjelen\u00e9s\u00e9t \u00e9s a k\u00e9perny\u0151 v\u00e9delm\u00e9t a Lenovo G710 k\u00e9perny\u0151el\u0151lappal. \u00c9lvezze az eleg\u00e1ns \u00e9s csiszolt megjelen\u00e9st, mik\u00f6zben \u00f3vja a k\u00e9perny\u0151 sz\u00e9leit.<\/p>\n","protected":false},"featured_media":4232,"template":"","meta":[],"product_brand":[],"product_cat":[16],"product_tag":[26],"class_list":{"0":"post-4191","1":"product","2":"type-product","3":"status-publish","4":"has-post-thumbnail","6":"product_cat-laptop-housing","7":"product_tag-lenovo","9":"first","10":"instock","11":"taxable","12":"shipping-taxable","13":"purchasable","14":"product-type-simple"},"_links":{"self":[{"href":"https:\/\/boreait.com\/hu\/wp-json\/wp\/v2\/product\/4191","targetHints":{"allow":["GET"]}}],"collection":[{"href":"https:\/\/boreait.com\/hu\/wp-json\/wp\/v2\/product"}],"about":[{"href":"https:\/\/boreait.com\/hu\/wp-json\/wp\/v2\/types\/product"}],"wp:featuredmedia":[{"embeddable":true,"href":"https:\/\/boreait.com\/hu\/wp-json\/wp\/v2\/media\/4232"}],"wp:attachment":[{"href":"https:\/\/boreait.com\/hu\/wp-json\/wp\/v2\/media?parent=4191"}],"wp:term":[{"taxonomy":"product_brand","embeddable":true,"href":"https:\/\/boreait.com\/hu\/wp-json\/wp\/v2\/product_brand?post=4191"},{"taxonomy":"product_cat","embeddable":true,"href":"https:\/\/boreait.com\/hu\/wp-json\/wp\/v2\/product_cat?post=4191"},{"taxonomy":"product_tag","embeddable":true,"href":"https:\/\/boreait.com\/hu\/wp-json\/wp\/v2\/product_tag?post=4191"}],"curies":[{"name":"wp","href":"https:\/\/api.w.org\/{rel}","templated":true}]}}