{"id":4189,"date":"2025-09-17T10:52:11","date_gmt":"2025-09-17T08:52:11","guid":{"rendered":"https:\/\/boreait.com\/hu\/?post_type=product&#038;p=4189"},"modified":"2025-09-17T10:52:43","modified_gmt":"2025-09-17T08:52:43","slug":"lenovo-g710-csuklotamasz-erintopaddal-13n0-b5a0411","status":"publish","type":"product","link":"https:\/\/boreait.com\/hu\/termek\/lenovo-g710-csuklotamasz-erintopaddal-13n0-b5a0411\/","title":{"rendered":"LENOVO G710 csukl\u00f3t\u00e1masz \u00e9rint\u0151paddal &#8211; 13n0-B5A0411"},"content":{"rendered":"<p>Friss\u00edtse Lenovo G710 laptopja funkcionalit\u00e1s\u00e1t \u00e9s eszt\u00e9tik\u00e1j\u00e1t a LENOVO G710 csukl\u00f3t\u00e1masz \u00e9rint\u0151paddal. A jobb haszn\u00e1lhat\u00f3s\u00e1g \u00e9s a felfriss\u00edtett megjelen\u00e9s \u00e9rdek\u00e9ben kialak\u00edtott, eredeti Lenovo csukl\u00f3t\u00e1masz integr\u00e1lt \u00e9rint\u0151paddal z\u00f6kken\u0151mentes sz\u00e1m\u00edt\u00e1stechnikai \u00e9lm\u00e9nyt k\u00edn\u00e1l. Cikksz\u00e1m: 13n0-B5A0411<\/p>\n<p>A Lenovo \u00e1ltal tervezett \u2013 a sz\u00e1m\u00edt\u00e1stechnik\u00e1ban egy j\u00f3 h\u00edr\u0171 n\u00e9v \u2013 az \u00e9rint\u0151paddal ell\u00e1tott LENOVO G710 csukl\u00f3t\u00e1masz megb\u00edzhat\u00f3 integr\u00e1ci\u00f3t biztos\u00edt G710 laptopj\u00e1val. Alapvet\u0151 elemk\u00e9nt ez az \u00e9rint\u0151paddal ell\u00e1tott csukl\u00f3t\u00e1masz jav\u00edtja a laptop haszn\u00e1lhat\u00f3s\u00e1g\u00e1t, k\u00e9nyelmes csukl\u00f3t\u00e1maszt \u00e9s prec\u00edz \u00e9rint\u0151pad-vez\u00e9rl\u00e9st biztos\u00edt.<\/p>\n<p>Az \u00e9rint\u0151padot a pontoss\u00e1gra tervezt\u00e9k, \u00edgy a navig\u00e1ci\u00f3 \u00e9s a kurzorvez\u00e9rl\u00e9s gyerekj\u00e1t\u00e9k. Ak\u00e1r az interneten b\u00f6ng\u00e9szik, ak\u00e1r dokumentumokon dolgozik, ak\u00e1r t\u00f6bb feladatot v\u00e9gez, ez az \u00e9rint\u0151pad z\u00f6kken\u0151mentes \u00e9s \u00e9rz\u00e9keny teljes\u00edtm\u00e9nyt ny\u00fajt. Maga a csukl\u00f3t\u00e1masz n\u00f6veli a laptop k\u00e9nyelm\u00e9t az\u00e1ltal, hogy pihen\u0151helyet biztos\u00edt a kez\u00e9nek a hossz\u00fa sz\u00e1m\u00edt\u00e1stechnikai munkamenetek sor\u00e1n.<\/p>\n<p>A telep\u00edt\u00e9s egyszer\u0171 az OEM-kialak\u00edt\u00e1snak k\u00f6sz\u00f6nhet\u0151en, amely t\u00f6k\u00e9letesen illeszkedik a laptop eredeti alkatr\u00e9szeihez. Az eredeti Lenovo alkatr\u00e9szek kiv\u00e1laszt\u00e1s\u00e1val a laptop alkatr\u00e9szeinek min\u0151s\u00e9g\u00e9be, tart\u00f3ss\u00e1g\u00e1ba \u00e9s kompatibilit\u00e1s\u00e1ba fektet be.<\/p>\n<p>Friss\u00edtse laptopja haszn\u00e1lhat\u00f3s\u00e1g\u00e1t \u00e9s megjelen\u00e9s\u00e9t az \u00e9rint\u0151paddal ell\u00e1tott LENOVO G710 csukl\u00f3t\u00e1masz seg\u00edts\u00e9g\u00e9vel. \u00c9lvezze a k\u00e9nyelmes teny\u00e9rt\u00e1maszt \u00e9s a pontos \u00e9rint\u0151pad vez\u00e9rl\u00e9st Lenovo G710 k\u00e9sz\u00fcl\u00e9k\u00e9n. N\u00f6velje sz\u00e1m\u00edt\u00e1stechnikai \u00e9lm\u00e9ny\u00e9t ezzel a megb\u00edzhat\u00f3 \u00e9s hat\u00e9kony csukl\u00f3t\u00e1masz- \u00e9s \u00e9rint\u0151pad-k\u00e9szlettel.<\/p>\n","protected":false},"excerpt":{"rendered":"<p>Fejlessze Lenovo G710 laptopj\u00e1t az \u00e9rint\u0151pados LENOVO G710 csukl\u00f3t\u00e1masz seg\u00edts\u00e9g\u00e9vel. Ez az eredeti csukl\u00f3t\u00e1masz k\u00e9nyelmet ny\u00fajt, az integr\u00e1lt \u00e9rint\u0151pad pedig prec\u00edz vez\u00e9rl\u00e9st biztos\u00edt a jobb haszn\u00e1lhat\u00f3s\u00e1g \u00e9rdek\u00e9ben.<\/p>\n","protected":false},"featured_media":4229,"template":"","meta":[],"product_brand":[],"product_cat":[16],"product_tag":[26],"class_list":{"0":"post-4189","1":"product","2":"type-product","3":"status-publish","4":"has-post-thumbnail","6":"product_cat-laptop-housing","7":"product_tag-lenovo","9":"first","10":"instock","11":"taxable","12":"shipping-taxable","13":"purchasable","14":"product-type-simple"},"_links":{"self":[{"href":"https:\/\/boreait.com\/hu\/wp-json\/wp\/v2\/product\/4189","targetHints":{"allow":["GET"]}}],"collection":[{"href":"https:\/\/boreait.com\/hu\/wp-json\/wp\/v2\/product"}],"about":[{"href":"https:\/\/boreait.com\/hu\/wp-json\/wp\/v2\/types\/product"}],"wp:featuredmedia":[{"embeddable":true,"href":"https:\/\/boreait.com\/hu\/wp-json\/wp\/v2\/media\/4229"}],"wp:attachment":[{"href":"https:\/\/boreait.com\/hu\/wp-json\/wp\/v2\/media?parent=4189"}],"wp:term":[{"taxonomy":"product_brand","embeddable":true,"href":"https:\/\/boreait.com\/hu\/wp-json\/wp\/v2\/product_brand?post=4189"},{"taxonomy":"product_cat","embeddable":true,"href":"https:\/\/boreait.com\/hu\/wp-json\/wp\/v2\/product_cat?post=4189"},{"taxonomy":"product_tag","embeddable":true,"href":"https:\/\/boreait.com\/hu\/wp-json\/wp\/v2\/product_tag?post=4189"}],"curies":[{"name":"wp","href":"https:\/\/api.w.org\/{rel}","templated":true}]}}