{"id":4171,"date":"2025-09-17T10:51:47","date_gmt":"2025-09-17T08:51:47","guid":{"rendered":"https:\/\/boreait.com\/hu\/?post_type=product&#038;p=4171"},"modified":"2026-01-12T08:25:14","modified_gmt":"2026-01-12T07:25:14","slug":"mikrofon-pn-1414-08c700-kabellel-lenovo-g700-g710","status":"publish","type":"product","link":"https:\/\/boreait.com\/hu\/termek\/mikrofon-pn-1414-08c700-kabellel-lenovo-g700-g710\/","title":{"rendered":"Mikrofon PN 1414-08C700 k\u00e1bellel Lenovo G700, G710"},"content":{"rendered":"<p>B\u0151v\u00edtse Lenovo G700 vagy G710 laptopja audiok\u00e9pess\u00e9geit a mikrofonnal PN 1414-08C700 k\u00e1bellel. A laptop hangr\u00f6gz\u00edt\u00e9si \u00e9s kommunik\u00e1ci\u00f3s funkci\u00f3inak jav\u00edt\u00e1s\u00e1ra tervezett, eredeti mikrofon k\u00e1belk\u00e9szlettel tiszta \u00e9s megb\u00edzhat\u00f3 hangbemenetet biztos\u00edt a jobb sz\u00e1m\u00edt\u00e1stechnikai \u00e9lm\u00e9ny \u00e9rdek\u00e9ben.<\/p>\n<p>A Lenovo \u00e1ltal megalkotott, megb\u00edzhat\u00f3 n\u00e9v a sz\u00e1m\u00edt\u00e1stechnik\u00e1ban, a mikrofont PN 1414-08C700 k\u00e1bellel \u00fagy tervezt\u00e9k, hogy z\u00f6kken\u0151mentesen integr\u00e1lhat\u00f3 legyen Lenovo G700 vagy G710 laptopj\u00e1val. A laptop audiorendszer\u00e9nek alapvet\u0151 elemek\u00e9nt ez a mikrofon- \u00e9s k\u00e1belk\u00e9szlet d\u00f6nt\u0151 szerepet j\u00e1tszik abban, hogy \u00e9les \u00e9s zajmentes hangot biztos\u00edtson felv\u00e9teli \u00e9s kommunik\u00e1ci\u00f3s ig\u00e9nyeihez.<\/p>\n<p>Ak\u00e1r videoh\u00edv\u00e1st kezdem\u00e9nyez, hangfelv\u00e9telt k\u00e9sz\u00edt, ak\u00e1r hangfelismer\u0151 szoftvert haszn\u00e1l, ez a mikrofon biztos\u00edtja, hogy hangj\u00e1t pontosan \u00e9s minim\u00e1lis interferencia mellett r\u00f6gz\u00edtse. A mell\u00e9kelt k\u00e1bel biztons\u00e1gos \u00e9s hat\u00e9kony csatlakoz\u00e1st biztos\u00edt laptopja audiobemenet\u00e9hez.<\/p>\n<p>A telep\u00edt\u00e9s egyszer\u0171 az OEM-kialak\u00edt\u00e1snak k\u00f6sz\u00f6nhet\u0151en, amely illeszkedik a laptop eredeti alkatr\u00e9szeihez.\u00a0 Az eredeti Lenovo alkatr\u00e9szek kiv\u00e1laszt\u00e1s\u00e1val laptopja hangteljes\u00edtm\u00e9ny\u00e9nek min\u0151s\u00e9g\u00e9be \u00e9s megb\u00edzhat\u00f3s\u00e1g\u00e1ba fektet be.<\/p>\n<p>Friss\u00edtse laptopja audiok\u00e9pess\u00e9geit a PN 1414-08C700 k\u00e1bellel ell\u00e1tott mikrofonnal a Lenovo G700 \u00e9s G710 sz\u00e1m\u00e1ra. \u00c9lvezze a tiszta \u00e9s megb\u00edzhat\u00f3 hangbemenetet videoh\u00edv\u00e1sokhoz, hangr\u00f6gz\u00edt\u00e9shez \u00e9s sok m\u00e1shoz. N\u00f6velje kommunik\u00e1ci\u00f3s \u00e9s felv\u00e9teli \u00e9lm\u00e9ny\u00e9t ezzel a megb\u00edzhat\u00f3 \u00e9s hat\u00e9kony mikrofon- \u00e9s k\u00e1belk\u00e9szlettel.<\/p>\n<p>V\u00e1s\u00e1rl\u00e1s el\u0151tt ellen\u0151rizze, hogy kompatibilis-e az adott laptopmodellj\u00e9vel.<\/p>\n","protected":false},"excerpt":{"rendered":"<p>Fokozza Lenovo G700 vagy G710 laptopja audiok\u00e9pess\u00e9geit a PN 1414-08C700 k\u00e1bellel ell\u00e1tott mikrofonnal. \u00c9lvezze a tiszta \u00e9s megb\u00edzhat\u00f3 hangbemenetet videoh\u00edv\u00e1sokhoz, felv\u00e9telekhez \u00e9s egyebekhez.<\/p>\n","protected":false},"featured_media":4227,"template":"","meta":[],"product_brand":[],"product_cat":[27],"product_tag":[26],"class_list":{"0":"post-4171","1":"product","2":"type-product","3":"status-publish","4":"has-post-thumbnail","6":"product_cat-motherboards-board-parts","7":"product_tag-lenovo","9":"first","10":"instock","11":"taxable","12":"shipping-taxable","13":"purchasable","14":"product-type-simple"},"_links":{"self":[{"href":"https:\/\/boreait.com\/hu\/wp-json\/wp\/v2\/product\/4171","targetHints":{"allow":["GET"]}}],"collection":[{"href":"https:\/\/boreait.com\/hu\/wp-json\/wp\/v2\/product"}],"about":[{"href":"https:\/\/boreait.com\/hu\/wp-json\/wp\/v2\/types\/product"}],"wp:featuredmedia":[{"embeddable":true,"href":"https:\/\/boreait.com\/hu\/wp-json\/wp\/v2\/media\/4227"}],"wp:attachment":[{"href":"https:\/\/boreait.com\/hu\/wp-json\/wp\/v2\/media?parent=4171"}],"wp:term":[{"taxonomy":"product_brand","embeddable":true,"href":"https:\/\/boreait.com\/hu\/wp-json\/wp\/v2\/product_brand?post=4171"},{"taxonomy":"product_cat","embeddable":true,"href":"https:\/\/boreait.com\/hu\/wp-json\/wp\/v2\/product_cat?post=4171"},{"taxonomy":"product_tag","embeddable":true,"href":"https:\/\/boreait.com\/hu\/wp-json\/wp\/v2\/product_tag?post=4171"}],"curies":[{"name":"wp","href":"https:\/\/api.w.org\/{rel}","templated":true}]}}