{"id":4170,"date":"2025-09-17T10:51:47","date_gmt":"2025-09-17T08:51:47","guid":{"rendered":"https:\/\/boreait.com\/hu\/?post_type=product&#038;p=4170"},"modified":"2025-09-17T10:52:36","modified_gmt":"2025-09-17T08:52:36","slug":"lenovo-g710-kamerakartya-haa-554602-l1q-0420-00ly0lv-143310002ac","status":"publish","type":"product","link":"https:\/\/boreait.com\/hu\/termek\/lenovo-g710-kamerakartya-haa-554602-l1q-0420-00ly0lv-143310002ac\/","title":{"rendered":"LENOVO G710 kamerak\u00e1rtya &#8211; HAA-554602-L1Q 0420-00LY0LV 143310002AC"},"content":{"rendered":"<p>B\u0151v\u00edtse Lenovo G710 laptopja multim\u00e9di\u00e1s k\u00e9pess\u00e9geit a LENOVO G710 kamerak\u00e1rty\u00e1val. A laptop funkcionalit\u00e1s\u00e1nak jav\u00edt\u00e1s\u00e1ra tervezett, eredeti kameralap seg\u00edts\u00e9g\u00e9vel k\u00f6nnyed\u00e9n r\u00e9szt vehet videokonferenci\u00e1kon, f\u00e9nyk\u00e9peket \u00e9s vide\u00f3kat r\u00f6gz\u00edthet. Cikksz\u00e1mok: HAA-554602-L1Q 0420-00LY0LV 143310002AC<\/p>\n<p>A Lenovo \u00e1ltal megalkotott, megb\u00edzhat\u00f3 n\u00e9v a sz\u00e1m\u00edt\u00e1stechnik\u00e1ban, a LENOVO G710 Camera Board z\u00f6kken\u0151mentes integr\u00e1ci\u00f3t biztos\u00edt G710 laptopj\u00e1val. A laptop bels\u0151 rendszereinek alapvet\u0151 elemek\u00e9nt ez a kamerak\u00e1rtya kulcsfontoss\u00e1g\u00fa szerepet j\u00e1tszik abban, hogy tiszta \u00e9s \u00e9les k\u00e9peket biztos\u00edtson a k\u00fcl\u00f6nb\u00f6z\u0151 alkalmaz\u00e1sokhoz.<\/p>\n<p>Ak\u00e1r otthon dolgozik, \u00e9s megb\u00edzhat\u00f3 videokonferencia-lehet\u0151s\u00e9gekre van sz\u00fcks\u00e9ge, videocseveg\u00e9sen kereszt\u00fcl tart kapcsolatot bar\u00e1taival \u00e9s csal\u00e1dj\u00e1val, vagy egyszer\u0171en csak szeretn\u00e9 felfedezni kreat\u00edv oldal\u00e1t fot\u00f3z\u00e1ssal \u00e9s vide\u00f3r\u00f6gz\u00edt\u00e9ssel, ez a kameralap biztos\u00edtja a sz\u00fcks\u00e9ges k\u00e9nyelmet \u00e9s hat\u00e9konys\u00e1got.<\/p>\n<p>A telep\u00edt\u00e9s egyszer\u0171, k\u00f6sz\u00f6nhet\u0151en az OEM-kialak\u00edt\u00e1snak, amely illeszkedik a Lenovo G710 eredeti \u00f6sszetev\u0151ihez. Az eredeti Lenovo alkatr\u00e9szek kiv\u00e1laszt\u00e1s\u00e1val laptopja multim\u00e9di\u00e1s funkci\u00f3inak min\u0151s\u00e9g\u00e9be \u00e9s megb\u00edzhat\u00f3s\u00e1g\u00e1ba fektet be.<\/p>\n<p>N\u00f6velje multim\u00e9di\u00e1s \u00e9lm\u00e9ny\u00e9t a LENOVO G710 kamerak\u00e1rty\u00e1val. \u00c9lvezze a tiszta videoh\u00edv\u00e1sokat, \u00f6r\u00f6k\u00edtse meg az \u00e9rt\u00e9kes pillanatokat, \u00e9s engedje szabadj\u00e1ra kreativit\u00e1s\u00e1t ezzel a megb\u00edzhat\u00f3 \u00e9s hat\u00e9kony kamerak\u00e1rty\u00e1val, amelyet Lenovo G710 laptopja t\u00f6k\u00e9letes\u00edt\u00e9s\u00e9re terveztek.<\/p>\n<p>V\u00e1s\u00e1rl\u00e1s el\u0151tt ellen\u0151rizze, hogy kompatibilis-e az adott laptopmodellj\u00e9vel.<\/p>\n","protected":false},"excerpt":{"rendered":"<p>Friss\u00edtse Lenovo G710 laptopj\u00e1t a LENOVO G710 kamerak\u00e1rty\u00e1val. \u00c9lvezze a tiszta videoh\u00edv\u00e1sokat, f\u00e9nyk\u00e9pez\u00e9st \u00e9s videor\u00f6gz\u00edt\u00e9st ezzel az eredeti kamerak\u00e1rty\u00e1val, amelyet az egyszer\u0171 integr\u00e1ci\u00f3ra \u00e9s a tov\u00e1bbfejlesztett multim\u00e9di\u00e1s k\u00e9pess\u00e9gekre terveztek.<\/p>\n","protected":false},"featured_media":4226,"template":"","meta":[],"product_brand":[],"product_cat":[23],"product_tag":[26],"class_list":{"0":"post-4170","1":"product","2":"type-product","3":"status-publish","4":"has-post-thumbnail","6":"product_cat-laptop-camera","7":"product_tag-lenovo","9":"first","10":"instock","11":"taxable","12":"shipping-taxable","13":"purchasable","14":"product-type-simple"},"_links":{"self":[{"href":"https:\/\/boreait.com\/hu\/wp-json\/wp\/v2\/product\/4170","targetHints":{"allow":["GET"]}}],"collection":[{"href":"https:\/\/boreait.com\/hu\/wp-json\/wp\/v2\/product"}],"about":[{"href":"https:\/\/boreait.com\/hu\/wp-json\/wp\/v2\/types\/product"}],"wp:featuredmedia":[{"embeddable":true,"href":"https:\/\/boreait.com\/hu\/wp-json\/wp\/v2\/media\/4226"}],"wp:attachment":[{"href":"https:\/\/boreait.com\/hu\/wp-json\/wp\/v2\/media?parent=4170"}],"wp:term":[{"taxonomy":"product_brand","embeddable":true,"href":"https:\/\/boreait.com\/hu\/wp-json\/wp\/v2\/product_brand?post=4170"},{"taxonomy":"product_cat","embeddable":true,"href":"https:\/\/boreait.com\/hu\/wp-json\/wp\/v2\/product_cat?post=4170"},{"taxonomy":"product_tag","embeddable":true,"href":"https:\/\/boreait.com\/hu\/wp-json\/wp\/v2\/product_tag?post=4170"}],"curies":[{"name":"wp","href":"https:\/\/api.w.org\/{rel}","templated":true}]}}