{"id":4169,"date":"2025-09-17T10:51:46","date_gmt":"2025-09-17T08:51:46","guid":{"rendered":"https:\/\/boreait.com\/hu\/?post_type=product&#038;p=4169"},"modified":"2025-09-17T10:52:35","modified_gmt":"2025-09-17T08:52:35","slug":"lenovo-g710-bekapcsologomb-panel-69n0b5g20a01","status":"publish","type":"product","link":"https:\/\/boreait.com\/hu\/termek\/lenovo-g710-bekapcsologomb-panel-69n0b5g20a01\/","title":{"rendered":"LENOVO G710 bekapcsol\u00f3gomb panel 69N0B5G20A01"},"content":{"rendered":"<p>N\u00f6velje Lenovo G710 laptopja funkcionalit\u00e1s\u00e1t a Lenovo G710 Power Button Board seg\u00edts\u00e9g\u00e9vel. A laptop energiagazd\u00e1lkod\u00e1s\u00e1nak \u00e9s egyszer\u0171bb haszn\u00e1lat\u00e1nak jav\u00edt\u00e1s\u00e1ra tervezett, eredeti bekapcsol\u00f3gomb-k\u00e1rtya megb\u00edzhat\u00f3 teljes\u00edtm\u00e9nyt \u00e9s z\u00f6kken\u0151mentes integr\u00e1ci\u00f3t biztos\u00edt a jobb sz\u00e1m\u00edt\u00e1stechnikai \u00e9lm\u00e9ny \u00e9rdek\u00e9ben. Laptop cikksz\u00e1m L 69N0B5G20A01<\/p>\n<p>A Lenovo \u00e1ltal megalkotott, megb\u00edzhat\u00f3 n\u00e9v a sz\u00e1m\u00edt\u00e1stechnik\u00e1ban, a Lenovo G710 Power Button Board k\u00e1rty\u00e1t \u00fagy tervezt\u00e9k, hogy hat\u00e9konyan vez\u00e9relje laptopja t\u00e1pell\u00e1t\u00e1si funkci\u00f3it. A laptop bels\u0151 rendszereinek kulcsfontoss\u00e1g\u00fa elemek\u00e9nt ez a gombpanel alapvet\u0151 szerepet j\u00e1tszik az energiagazd\u00e1lkod\u00e1si m\u0171veletek kezel\u00e9s\u00e9ben \u00e9s annak biztos\u00edt\u00e1s\u00e1ban, hogy laptopja megb\u00edzhat\u00f3an elinduljon \u00e9s le\u00e1lljon.<\/p>\n<p>Ak\u00e1r be kell kapcsolnia a laptopj\u00e1t, ak\u00e1r \u00fajra kell ind\u00edtania, ak\u00e1r alaphelyzetbe \u00e1ll\u00edt\u00e1st kell v\u00e9grehajtania, ez a bekapcsol\u00f3gomb-panel biztos\u00edtja a k\u00edv\u00e1nt k\u00e9nyelmet \u00e9s hat\u00e9konys\u00e1got. Prec\u00edzi\u00f3s tervez\u00e9se egyenletes teljes\u00edtm\u00e9nyt biztos\u00edt, \u00edgy k\u00f6nnyed\u00e9n szab\u00e1lyozhatja laptopja teljes\u00edtm\u00e9ny\u00e9t.<\/p>\n<p>A telep\u00edt\u00e9s egyszer\u0171 az OEM-kialak\u00edt\u00e1snak k\u00f6sz\u00f6nhet\u0151en, amely illeszkedik a laptop eredeti alkatr\u00e9szeihez.\u00a0 Az eredeti Lenovo alkatr\u00e9szek kiv\u00e1laszt\u00e1s\u00e1val laptopja energiagazd\u00e1lkod\u00e1s\u00e1nak min\u0151s\u00e9g\u00e9be \u00e9s megb\u00edzhat\u00f3s\u00e1g\u00e1ba fektet be.<\/p>\n<p>Friss\u00edtse laptopja energiagazd\u00e1lkod\u00e1s\u00e1t a Lenovo G710 Power Button Board seg\u00edts\u00e9g\u00e9vel. \u00c9lvezze a laptop t\u00e1pell\u00e1t\u00e1si funkci\u00f3inak megb\u00edzhat\u00f3 vez\u00e9rl\u00e9s\u00e9t, \u00e9s gondoskodjon a probl\u00e9mamentes ind\u00edt\u00e1sr\u00f3l \u00e9s le\u00e1ll\u00edt\u00e1sr\u00f3l. N\u00f6velje sz\u00e1m\u00edt\u00e1stechnikai \u00e9lm\u00e9ny\u00e9t ezzel a megb\u00edzhat\u00f3 \u00e9s hat\u00e9kony gombt\u00e1bl\u00e1val.<\/p>\n<p>V\u00e1s\u00e1rl\u00e1s el\u0151tt ellen\u0151rizze, hogy kompatibilis-e az adott laptopmodellj\u00e9vel.<\/p>\n","protected":false},"excerpt":{"rendered":"<p>Fokozza Lenovo G710 laptopja energiagazd\u00e1lkod\u00e1s\u00e1t a Lenovo G710 Power Button Board k\u00e1rty\u00e1val. \u00c9lvezze a laptop t\u00e1pell\u00e1t\u00e1si funkci\u00f3inak megb\u00edzhat\u00f3 vez\u00e9rl\u00e9s\u00e9t a probl\u00e9mamentes ind\u00edt\u00e1s \u00e9s le\u00e1ll\u00edt\u00e1s \u00e9rdek\u00e9ben.<\/p>\n","protected":false},"featured_media":4224,"template":"","meta":[],"product_brand":[],"product_cat":[27],"product_tag":[26],"class_list":{"0":"post-4169","1":"product","2":"type-product","3":"status-publish","4":"has-post-thumbnail","6":"product_cat-motherboards-board-parts","7":"product_tag-lenovo","9":"first","10":"instock","11":"taxable","12":"shipping-taxable","13":"purchasable","14":"product-type-simple"},"_links":{"self":[{"href":"https:\/\/boreait.com\/hu\/wp-json\/wp\/v2\/product\/4169","targetHints":{"allow":["GET"]}}],"collection":[{"href":"https:\/\/boreait.com\/hu\/wp-json\/wp\/v2\/product"}],"about":[{"href":"https:\/\/boreait.com\/hu\/wp-json\/wp\/v2\/types\/product"}],"wp:featuredmedia":[{"embeddable":true,"href":"https:\/\/boreait.com\/hu\/wp-json\/wp\/v2\/media\/4224"}],"wp:attachment":[{"href":"https:\/\/boreait.com\/hu\/wp-json\/wp\/v2\/media?parent=4169"}],"wp:term":[{"taxonomy":"product_brand","embeddable":true,"href":"https:\/\/boreait.com\/hu\/wp-json\/wp\/v2\/product_brand?post=4169"},{"taxonomy":"product_cat","embeddable":true,"href":"https:\/\/boreait.com\/hu\/wp-json\/wp\/v2\/product_cat?post=4169"},{"taxonomy":"product_tag","embeddable":true,"href":"https:\/\/boreait.com\/hu\/wp-json\/wp\/v2\/product_tag?post=4169"}],"curies":[{"name":"wp","href":"https:\/\/api.w.org\/{rel}","templated":true}]}}