{"id":4167,"date":"2025-09-17T10:51:46","date_gmt":"2025-09-17T08:51:46","guid":{"rendered":"https:\/\/boreait.com\/hu\/?post_type=product&#038;p=4167"},"modified":"2026-01-12T08:24:51","modified_gmt":"2026-01-12T07:24:51","slug":"lenovo-ideapad-s510p-wlan-kartya-wifi-kartya-wcbn612ah-l6","status":"publish","type":"product","link":"https:\/\/boreait.com\/hu\/termek\/lenovo-ideapad-s510p-wlan-kartya-wifi-kartya-wcbn612ah-l6\/","title":{"rendered":"Lenovo Ideapad S510p WLAN k\u00e1rtya Wifi k\u00e1rtya WCBN612AH-L6"},"content":{"rendered":"<p>Fokozza Lenovo Ideapad S510p laptopja vezet\u00e9k n\u00e9lk\u00fcli kapcsolat\u00e1t a Lenovo Ideapad S510p WLAN k\u00e1rtya WCBN612AH-L6 Wifi k\u00e1rty\u00e1val. A laptop vezet\u00e9k n\u00e9lk\u00fcli k\u00e9pess\u00e9geinek optimaliz\u00e1l\u00e1s\u00e1ra tervezett eredeti WiFi k\u00e1rtya megb\u00edzhat\u00f3 \u00e9s gyors vezet\u00e9k n\u00e9lk\u00fcli h\u00e1l\u00f3zatot biztos\u00edt a jobb sz\u00e1m\u00edt\u00e1stechnikai \u00e9lm\u00e9ny \u00e9rdek\u00e9ben.<\/p>\n<p>A Lenovo \u00e1ltal megalkotott, megb\u00edzhat\u00f3 n\u00e9v a sz\u00e1m\u00edt\u00e1stechnik\u00e1ban, a Lenovo Ideapad S510p WLAN WCBN612AH-L6 k\u00e1rty\u00e1t \u00fagy tervezt\u00e9k, hogy z\u00f6kken\u0151mentes integr\u00e1ci\u00f3t biztos\u00edtson Ideapad S510p k\u00e9sz\u00fcl\u00e9k\u00e9vel. A laptop bels\u0151 rendszereinek alapvet\u0151 elemek\u00e9nt ez a WiFi k\u00e1rtya d\u00f6nt\u0151 szerepet j\u00e1tszik a robusztus vezet\u00e9k n\u00e9lk\u00fcli kapcsolat biztos\u00edt\u00e1s\u00e1ban.<\/p>\n<p>Ak\u00e1r Wi-Fi-h\u00e1l\u00f3zatokhoz kell kapcsol\u00f3dnia, b\u00f6ng\u00e9szni az interneten, streamelni a m\u00e9di\u00e1t, vagy online j\u00e1tszani, ez a k\u00e1rtya az elv\u00e1rt sebess\u00e9get \u00e9s megb\u00edzhat\u00f3s\u00e1got k\u00edn\u00e1lja. Fejlett vezet\u00e9k n\u00e9lk\u00fcli technol\u00f3gi\u00e1j\u00e1val zavartalan internet-hozz\u00e1f\u00e9r\u00e9st \u00e9s gyors adat\u00e1tviteli sebess\u00e9get \u00e9lvezhet.<\/p>\n<p>A telep\u00edt\u00e9s egyszer\u0171 az OEM-kialak\u00edt\u00e1snak k\u00f6sz\u00f6nhet\u0151en, amely t\u00f6k\u00e9letesen illeszkedik a laptop eredeti alkatr\u00e9szeihez. Az eredeti Lenovo alkatr\u00e9szek kiv\u00e1laszt\u00e1s\u00e1val laptopja vezet\u00e9k n\u00e9lk\u00fcli teljes\u00edtm\u00e9ny\u00e9nek min\u0151s\u00e9g\u00e9be \u00e9s megb\u00edzhat\u00f3s\u00e1g\u00e1ba fektet be.<\/p>\n<p>Friss\u00edtse laptopja vezet\u00e9k n\u00e9lk\u00fcli k\u00e9pess\u00e9geit a Lenovo Ideapad S510p WLAN-k\u00e1rtya Wifi-k\u00e1rtya WCBN612AH-L6 seg\u00edts\u00e9g\u00e9vel. \u00c9lvezze a gyors \u00e9s megb\u00edzhat\u00f3 vezet\u00e9k n\u00e9lk\u00fcli h\u00e1l\u00f3zatot, a z\u00f6kken\u0151mentes internet-hozz\u00e1f\u00e9r\u00e9st \u00e9s a zavartalan online \u00e9lm\u00e9nyt Ideapad S510p k\u00e9sz\u00fcl\u00e9k\u00e9n. N\u00f6velje sz\u00e1m\u00edt\u00e1stechnikai \u00e9lm\u00e9ny\u00e9t ezzel a megb\u00edzhat\u00f3 \u00e9s hat\u00e9kony WiFi-k\u00e1rty\u00e1val.<\/p>\n<p>V\u00e1s\u00e1rl\u00e1s el\u0151tt ellen\u0151rizze, hogy kompatibilis-e az adott laptopmodellj\u00e9vel.<\/p>\n","protected":false},"excerpt":{"rendered":"<p>Fokozza Lenovo Ideapad S510p laptopja vezet\u00e9k n\u00e9lk\u00fcli kapcsolat\u00e1t a Lenovo Ideapad S510p WLAN k\u00e1rtya WCBN612AH-L6 Wifi k\u00e1rty\u00e1val. \u00c9lvezze a gyors \u00e9s megb\u00edzhat\u00f3 vezet\u00e9k n\u00e9lk\u00fcli h\u00e1l\u00f3zatot a jobb sz\u00e1m\u00edt\u00e1stechnikai \u00e9lm\u00e9ny \u00e9rdek\u00e9ben.<\/p>\n","protected":false},"featured_media":4212,"template":"","meta":[],"product_brand":[],"product_cat":[27],"product_tag":[26],"class_list":{"0":"post-4167","1":"product","2":"type-product","3":"status-publish","4":"has-post-thumbnail","6":"product_cat-motherboards-board-parts","7":"product_tag-lenovo","9":"first","10":"instock","11":"taxable","12":"shipping-taxable","13":"purchasable","14":"product-type-simple"},"_links":{"self":[{"href":"https:\/\/boreait.com\/hu\/wp-json\/wp\/v2\/product\/4167","targetHints":{"allow":["GET"]}}],"collection":[{"href":"https:\/\/boreait.com\/hu\/wp-json\/wp\/v2\/product"}],"about":[{"href":"https:\/\/boreait.com\/hu\/wp-json\/wp\/v2\/types\/product"}],"wp:featuredmedia":[{"embeddable":true,"href":"https:\/\/boreait.com\/hu\/wp-json\/wp\/v2\/media\/4212"}],"wp:attachment":[{"href":"https:\/\/boreait.com\/hu\/wp-json\/wp\/v2\/media?parent=4167"}],"wp:term":[{"taxonomy":"product_brand","embeddable":true,"href":"https:\/\/boreait.com\/hu\/wp-json\/wp\/v2\/product_brand?post=4167"},{"taxonomy":"product_cat","embeddable":true,"href":"https:\/\/boreait.com\/hu\/wp-json\/wp\/v2\/product_cat?post=4167"},{"taxonomy":"product_tag","embeddable":true,"href":"https:\/\/boreait.com\/hu\/wp-json\/wp\/v2\/product_tag?post=4167"}],"curies":[{"name":"wp","href":"https:\/\/api.w.org\/{rel}","templated":true}]}}