{"id":4166,"date":"2025-09-17T10:51:46","date_gmt":"2025-09-17T08:51:46","guid":{"rendered":"https:\/\/boreait.com\/hu\/?post_type=product&#038;p=4166"},"modified":"2026-01-12T08:24:32","modified_gmt":"2026-01-12T07:24:32","slug":"lenovo-g710-erintopad-gombjai-69n0b5t20a01","status":"publish","type":"product","link":"https:\/\/boreait.com\/hu\/termek\/lenovo-g710-erintopad-gombjai-69n0b5t20a01\/","title":{"rendered":"LENOVO G710 \u00e9rint\u0151pad gombjai 69N0B5T20A01"},"content":{"rendered":"<p>Fokozza Lenovo G710 laptopja haszn\u00e1lhat\u00f3s\u00e1g\u00e1t a Lenovo G710 \u00e9rint\u0151pad gombjaival. A laptop \u00e9rint\u0151pad funkci\u00f3inak optimaliz\u00e1l\u00e1s\u00e1ra kialak\u00edtott eredeti \u00e9rint\u0151pad gombk\u00e9szlet megb\u00edzhat\u00f3 \u00e9s \u00e9rz\u00e9keny \u00e9rint\u0151pad-haszn\u00e1latot biztos\u00edt, jav\u00edtva az \u00e1ltal\u00e1nos sz\u00e1m\u00edt\u00e1stechnikai \u00e9lm\u00e9nyt. Laptop cikksz\u00e1m: 69N0B5T20A01<\/p>\n<p>A Lenovo \u2013 a sz\u00e1m\u00edt\u00e1stechnika egyik megb\u00edzhat\u00f3 neve \u2013 \u00e1ltal gy\u00e1rtott Lenovo G710 \u00e9rint\u0151pad gombokat \u00fagy tervezt\u00e9k, hogy hat\u00e9kony \u00e9s pontos bevitelt biztos\u00edtsanak az \u00e9rint\u0151padr\u00f3l. A laptop beviteli rendszer\u00e9nek alapvet\u0151 elemeik\u00e9nt ezek a gombok kulcsszerepet j\u00e1tszanak a g\u00f6rd\u00fcl\u00e9keny \u00e9s pontos kurzorvez\u00e9rl\u00e9s \u00e9s -kiv\u00e1laszt\u00e1s megk\u00f6nny\u00edt\u00e9s\u00e9ben.<\/p>\n<p>Ak\u00e1r dokumentumok k\u00f6z\u00f6tt navig\u00e1l, b\u00f6ng\u00e9szik az interneten, vagy kreat\u00edv projekteken dolgozik, ezek az \u00e9rint\u0151pad gombjai a k\u00edv\u00e1nt k\u00e9nyelmet \u00e9s pontoss\u00e1got k\u00edn\u00e1lj\u00e1k. Prec\u00edzi\u00f3s tervez\u00e9s\u00fck konzisztens \u00e9s \u00e9rz\u00e9keny kattint\u00e1si m\u0171veleteket tesz lehet\u0151v\u00e9, intuit\u00edvabb\u00e1 \u00e9s hat\u00e9konyabb\u00e1 t\u00e9ve a laptopj\u00e1val val\u00f3 interakci\u00f3t.<\/p>\n<p>A telep\u00edt\u00e9s egyszer\u0171 az OEM-kialak\u00edt\u00e1snak k\u00f6sz\u00f6nhet\u0151en, amely illeszkedik a laptop eredeti alkatr\u00e9szeihez. Az eredeti Lenovo alkatr\u00e9szek kiv\u00e1laszt\u00e1s\u00e1val laptopja \u00e9rint\u0151pad-funkci\u00f3inak min\u0151s\u00e9g\u00e9be \u00e9s megb\u00edzhat\u00f3s\u00e1g\u00e1ba fektet be.<\/p>\n<p>Friss\u00edtse laptopja \u00e9rint\u0151padj\u00e1nak \u00e9lm\u00e9ny\u00e9t a Lenovo G710 \u00e9rint\u0151pad gombjaival. \u00c9lvezze a tov\u00e1bbfejlesztett kurzorvez\u00e9rl\u00e9st, az \u00e9rz\u00e9keny kattint\u00e1si m\u0171veleteket \u00e9s a tov\u00e1bbfejlesztett haszn\u00e1lhat\u00f3s\u00e1got Lenovo G710 k\u00e9sz\u00fcl\u00e9k\u00e9n. N\u00f6velje sz\u00e1m\u00edt\u00e1stechnikai \u00e9lm\u00e9ny\u00e9t ezzel a megb\u00edzhat\u00f3 \u00e9s hat\u00e9kony \u00e9rint\u0151pad gombk\u00e9szlettel.<\/p>\n<p>V\u00e1s\u00e1rl\u00e1s el\u0151tt ellen\u0151rizze, hogy kompatibilis-e az adott laptopmodellj\u00e9vel.<\/p>\n","protected":false},"excerpt":{"rendered":"<p>Fejlessze Lenovo G710 laptopja \u00e9rint\u0151padj\u00e1t a Lenovo G710 \u00e9rint\u0151pad gombjaival. \u00c9lvezze az \u00e9rint\u0151pad jobb haszn\u00e1lhat\u00f3s\u00e1g\u00e1t \u00e9s az \u00e9rz\u00e9keny kattint\u00e1si m\u0171veleteket.<\/p>\n","protected":false},"featured_media":4210,"template":"","meta":[],"product_brand":[],"product_cat":[27],"product_tag":[26],"class_list":{"0":"post-4166","1":"product","2":"type-product","3":"status-publish","4":"has-post-thumbnail","6":"product_cat-motherboards-board-parts","7":"product_tag-lenovo","9":"first","10":"instock","11":"taxable","12":"shipping-taxable","13":"purchasable","14":"product-type-simple"},"_links":{"self":[{"href":"https:\/\/boreait.com\/hu\/wp-json\/wp\/v2\/product\/4166","targetHints":{"allow":["GET"]}}],"collection":[{"href":"https:\/\/boreait.com\/hu\/wp-json\/wp\/v2\/product"}],"about":[{"href":"https:\/\/boreait.com\/hu\/wp-json\/wp\/v2\/types\/product"}],"wp:featuredmedia":[{"embeddable":true,"href":"https:\/\/boreait.com\/hu\/wp-json\/wp\/v2\/media\/4210"}],"wp:attachment":[{"href":"https:\/\/boreait.com\/hu\/wp-json\/wp\/v2\/media?parent=4166"}],"wp:term":[{"taxonomy":"product_brand","embeddable":true,"href":"https:\/\/boreait.com\/hu\/wp-json\/wp\/v2\/product_brand?post=4166"},{"taxonomy":"product_cat","embeddable":true,"href":"https:\/\/boreait.com\/hu\/wp-json\/wp\/v2\/product_cat?post=4166"},{"taxonomy":"product_tag","embeddable":true,"href":"https:\/\/boreait.com\/hu\/wp-json\/wp\/v2\/product_tag?post=4166"}],"curies":[{"name":"wp","href":"https:\/\/api.w.org\/{rel}","templated":true}]}}