{"id":4163,"date":"2025-09-17T10:51:46","date_gmt":"2025-09-17T08:51:46","guid":{"rendered":"https:\/\/boreait.com\/hu\/?post_type=product&#038;p=4163"},"modified":"2025-09-17T10:52:23","modified_gmt":"2025-09-17T08:52:23","slug":"hp-probook-6560b-egergomb-tabla-560200700-203-g","status":"publish","type":"product","link":"https:\/\/boreait.com\/hu\/termek\/hp-probook-6560b-egergomb-tabla-560200700-203-g\/","title":{"rendered":"HP ProBook 6560b eg\u00e9rgomb t\u00e1bla 560200700-203-G"},"content":{"rendered":"<p>N\u00f6velje HP ProBook 6560b laptopja haszn\u00e1lhat\u00f3s\u00e1g\u00e1t a HP ProBook 6560b 560200700-203-G eg\u00e9rgomb-t\u00e1bl\u00e1val. A laptop mutat\u00f3eszk\u00f6z\u00e9nek funkcionalit\u00e1s\u00e1nak optimaliz\u00e1l\u00e1s\u00e1ra tervezett eredeti cserek\u00e1rtya sima \u00e9s pontos kurzorvez\u00e9rl\u00e9st biztos\u00edt a jobb sz\u00e1m\u00edt\u00e1si \u00e9lm\u00e9ny \u00e9rdek\u00e9ben.<\/p>\n<p>A HP \u00e1ltal gy\u00e1rtott, megb\u00edzhat\u00f3 n\u00e9v a sz\u00e1m\u00edt\u00e1stechnik\u00e1ban. A HP ProBook 6560b eg\u00e9rgomb-t\u00e1bla 560200700-203-G megb\u00edzhat\u00f3 eg\u00e9rgomb-funkci\u00f3kat biztos\u00edt. A laptop beviteli rendszer\u00e9nek alapvet\u0151 elemek\u00e9nt ez a cserek\u00e1rtya kulcsfontoss\u00e1g\u00fa szerepet j\u00e1tszik a k\u00f6nny\u0171 navig\u00e1ci\u00f3 \u00e9s az eszk\u00f6zzel val\u00f3 interakci\u00f3 megk\u00f6nny\u00edt\u00e9s\u00e9ben.<\/p>\n<p>Ak\u00e1r profi, akinek pontos mutogat\u00e1sra \u00e9s kattint\u00e1sra van sz\u00fcks\u00e9ge a termel\u00e9kenys\u00e9g \u00e9rdek\u00e9ben, vagy olyan felhaszn\u00e1l\u00f3, aki \u00e9rt\u00e9keli a g\u00f6rd\u00fcl\u00e9keny \u00e9s \u00e9rz\u00e9keny kurzorvez\u00e9rl\u00e9st, ez az eg\u00e9rgombos t\u00e1bla az \u00d6n \u00e1ltal elv\u00e1rt k\u00e9nyelmet \u00e9s hat\u00e9konys\u00e1got biztos\u00edtja. \u00c9lvezze a tov\u00e1bbfejlesztett haszn\u00e1lhat\u00f3s\u00e1got olyan feladatokhoz, mint a dokumentumszerkeszt\u00e9s, a webb\u00f6ng\u00e9sz\u00e9s \u00e9s egyebek.<\/p>\n<p>A telep\u00edt\u00e9s egyszer\u0171 a laptop eredeti alkatr\u00e9szeihez igazod\u00f3 kialak\u00edt\u00e1snak k\u00f6sz\u00f6nhet\u0151en. Az eredeti HP alkatr\u00e9szek kiv\u00e1laszt\u00e1s\u00e1val laptopja bemeneti k\u00e9pess\u00e9geinek min\u0151s\u00e9g\u00e9be \u00e9s megb\u00edzhat\u00f3s\u00e1g\u00e1ba fektet be.<\/p>\n<p>Friss\u00edtse laptopja mutat\u00f3eszk\u00f6z\u00e9nek funkci\u00f3it a HP ProBook 6560b eg\u00e9rgomb-lap 560200700-203-G seg\u00edts\u00e9g\u00e9vel. \u00c9lvezze a prec\u00edz kurzorvez\u00e9rl\u00e9st, a jobb haszn\u00e1lhat\u00f3s\u00e1got \u00e9s a hat\u00e9kony navig\u00e1ci\u00f3t HP ProBook 6560b k\u00e9sz\u00fcl\u00e9k\u00e9n. N\u00f6velje sz\u00e1m\u00edt\u00e1stechnikai \u00e9lm\u00e9ny\u00e9t ezzel a megb\u00edzhat\u00f3 \u00e9s hat\u00e9kony cserek\u00e1rty\u00e1val.<\/p>\n<p>V\u00e1s\u00e1rl\u00e1s el\u0151tt ellen\u0151rizze, hogy kompatibilis-e az adott laptopmodellj\u00e9vel.<\/p>\n","protected":false},"excerpt":{"rendered":"<p>N\u00f6velje HP ProBook 6560b laptopja haszn\u00e1lhat\u00f3s\u00e1g\u00e1t a HP ProBook 6560b 560200700-203-G eg\u00e9rgomb-t\u00e1bl\u00e1val. \u00c9lvezze a sima \u00e9s prec\u00edz kurzorvez\u00e9rl\u00e9st a jobb termel\u00e9kenys\u00e9g \u00e9rdek\u00e9ben.<\/p>\n","protected":false},"featured_media":4206,"template":"","meta":[],"product_brand":[],"product_cat":[42],"product_tag":[25],"class_list":{"0":"post-4163","1":"product","2":"type-product","3":"status-publish","4":"has-post-thumbnail","6":"product_cat-laptop-touchpads","7":"product_tag-hp","9":"first","10":"instock","11":"taxable","12":"shipping-taxable","13":"purchasable","14":"product-type-simple"},"_links":{"self":[{"href":"https:\/\/boreait.com\/hu\/wp-json\/wp\/v2\/product\/4163","targetHints":{"allow":["GET"]}}],"collection":[{"href":"https:\/\/boreait.com\/hu\/wp-json\/wp\/v2\/product"}],"about":[{"href":"https:\/\/boreait.com\/hu\/wp-json\/wp\/v2\/types\/product"}],"wp:featuredmedia":[{"embeddable":true,"href":"https:\/\/boreait.com\/hu\/wp-json\/wp\/v2\/media\/4206"}],"wp:attachment":[{"href":"https:\/\/boreait.com\/hu\/wp-json\/wp\/v2\/media?parent=4163"}],"wp:term":[{"taxonomy":"product_brand","embeddable":true,"href":"https:\/\/boreait.com\/hu\/wp-json\/wp\/v2\/product_brand?post=4163"},{"taxonomy":"product_cat","embeddable":true,"href":"https:\/\/boreait.com\/hu\/wp-json\/wp\/v2\/product_cat?post=4163"},{"taxonomy":"product_tag","embeddable":true,"href":"https:\/\/boreait.com\/hu\/wp-json\/wp\/v2\/product_tag?post=4163"}],"curies":[{"name":"wp","href":"https:\/\/api.w.org\/{rel}","templated":true}]}}