{"id":4142,"date":"2025-09-17T10:51:23","date_gmt":"2025-09-17T08:51:23","guid":{"rendered":"https:\/\/boreait.com\/hu\/?post_type=product&#038;p=4142"},"modified":"2025-09-17T10:52:10","modified_gmt":"2025-09-17T08:52:10","slug":"hp-probook-6560b-lcd-kepernyo-fedel-fedel-641202-001","status":"publish","type":"product","link":"https:\/\/boreait.com\/hu\/termek\/hp-probook-6560b-lcd-kepernyo-fedel-fedel-641202-001\/","title":{"rendered":"HP ProBook 6560b LCD k\u00e9perny\u0151 fed\u00e9l fed\u00e9l 641202-001"},"content":{"rendered":"<p><strong>UGYANAZ, MINT A ADATLAP FOT\u00d3J\u00c1N!<\/strong><\/p>\n<p>N\u00f6velje HP ProBook 6560b laptopja tart\u00f3ss\u00e1g\u00e1t \u00e9s eszt\u00e9tik\u00e1j\u00e1t a HP ProBook 6560b LCD k\u00e9perny\u0151 fed\u00e9l 641202-001 fed\u00e9llel. \u00dagy tervezt\u00e9k, hogy v\u00e9delmet \u00e9s l\u00e1tv\u00e1nyt ny\u00fajtson, ezt az eredeti fed\u00e9lburkolatot \u00fagy tervezt\u00e9k, hogy z\u00f6kken\u0151mentesen illeszkedjen laptopj\u00e1hoz.<\/p>\n<p>A HP \u00e1ltal gy\u00e1rtott, megb\u00edzhat\u00f3 n\u00e9v a sz\u00e1m\u00edt\u00e1stechnik\u00e1ban. A HP ProBook 6560b LCD k\u00e9perny\u0151 fedele 641202-001 megb\u00edzhat\u00f3 megold\u00e1st k\u00edn\u00e1l laptopja kijelz\u0151j\u00e9nek v\u00e9delm\u00e9re. Nemcsak megv\u00e9di a k\u00e9perny\u0151t a karcol\u00e1sokt\u00f3l \u00e9s a kisebb \u00fct\u00e9sekt\u0151l, hanem karcs\u00fa \u00e9s professzion\u00e1lis megjelen\u00e9st k\u00f6lcs\u00f6n\u00f6z laptopj\u00e1nak.<\/p>\n<p>Ak\u00e1r profi, aki munk\u00e1ja sor\u00e1n a laptopj\u00e1ra t\u00e1maszkodik, vagy egy di\u00e1k, aki nagyra \u00e9rt\u00e9keli a j\u00f3l karbantartott eszk\u00f6zt, ez a fed\u00e9lbor\u00edt\u00e1s jav\u00edtja a HP ProBook 6560b \u00e1ltal\u00e1nos eszt\u00e9tik\u00e1j\u00e1t \u00e9s \u00e9lettartam\u00e1t. Ez elengedhetetlen eleme laptopja eredeti megjelen\u00e9s\u00e9nek meg\u0151rz\u00e9s\u00e9hez.<\/p>\n<p>A telep\u00edt\u00e9s egyszer\u0171 az OEM-kialak\u00edt\u00e1snak k\u00f6sz\u00f6nhet\u0151en, amely illeszkedik a HP ProBook 6560b eredeti fedel\u00e9hez.\u00a0 Az eredeti HP alkatr\u00e9szek kiv\u00e1laszt\u00e1s\u00e1val laptopja megjelen\u00e9s\u00e9nek \u00e9s v\u00e9delm\u00e9nek min\u0151s\u00e9g\u00e9be \u00e9s megb\u00edzhat\u00f3s\u00e1g\u00e1ba fektet be.<\/p>\n<p>N\u00f6velje laptopja tart\u00f3ss\u00e1g\u00e1t \u00e9s megjelen\u00e9s\u00e9t a HP ProBook 6560b LCD k\u00e9perny\u0151 fed\u00e9l 641202-001 fed\u00e9llel. \u00c9lvezze HP ProBook 6560b laptopja fokozott v\u00e9delm\u00e9t \u00e9s felfriss\u00fclt megjelen\u00e9s\u00e9t. Emelje fel laptopja funkcionalit\u00e1s\u00e1t \u00e9s eszt\u00e9tik\u00e1j\u00e1t ezzel a megb\u00edzhat\u00f3 \u00e9s hat\u00e9kony fed\u00e9lfed\u00e9llel.<\/p>\n<p>V\u00e1s\u00e1rl\u00e1s el\u0151tt ellen\u0151rizze, hogy kompatibilis-e az adott laptopmodellj\u00e9vel.<\/p>\n","protected":false},"excerpt":{"rendered":"<p>#VALUE!<\/p>\n","protected":false},"featured_media":4187,"template":"","meta":[],"product_brand":[],"product_cat":[16],"product_tag":[25],"class_list":{"0":"post-4142","1":"product","2":"type-product","3":"status-publish","4":"has-post-thumbnail","6":"product_cat-laptop-housing","7":"product_tag-hp","9":"first","10":"instock","11":"taxable","12":"shipping-taxable","13":"purchasable","14":"product-type-simple"},"_links":{"self":[{"href":"https:\/\/boreait.com\/hu\/wp-json\/wp\/v2\/product\/4142","targetHints":{"allow":["GET"]}}],"collection":[{"href":"https:\/\/boreait.com\/hu\/wp-json\/wp\/v2\/product"}],"about":[{"href":"https:\/\/boreait.com\/hu\/wp-json\/wp\/v2\/types\/product"}],"wp:featuredmedia":[{"embeddable":true,"href":"https:\/\/boreait.com\/hu\/wp-json\/wp\/v2\/media\/4187"}],"wp:attachment":[{"href":"https:\/\/boreait.com\/hu\/wp-json\/wp\/v2\/media?parent=4142"}],"wp:term":[{"taxonomy":"product_brand","embeddable":true,"href":"https:\/\/boreait.com\/hu\/wp-json\/wp\/v2\/product_brand?post=4142"},{"taxonomy":"product_cat","embeddable":true,"href":"https:\/\/boreait.com\/hu\/wp-json\/wp\/v2\/product_cat?post=4142"},{"taxonomy":"product_tag","embeddable":true,"href":"https:\/\/boreait.com\/hu\/wp-json\/wp\/v2\/product_tag?post=4142"}],"curies":[{"name":"wp","href":"https:\/\/api.w.org\/{rel}","templated":true}]}}