{"id":4139,"date":"2025-09-17T10:51:22","date_gmt":"2025-09-17T08:51:22","guid":{"rendered":"https:\/\/boreait.com\/hu\/?post_type=product&#038;p=4139"},"modified":"2026-01-12T08:19:32","modified_gmt":"2026-01-12T07:19:32","slug":"hp-mini-pcie-wifi-kartya-centrino-advanced-n-6205-631954-001-62205anhmw-hp-probook-6570b6470belitebook-2760p","status":"publish","type":"product","link":"https:\/\/boreait.com\/hu\/termek\/hp-mini-pcie-wifi-kartya-centrino-advanced-n-6205-631954-001-62205anhmw-hp-probook-6570b6470belitebook-2760p\/","title":{"rendered":"HP Mini PCIe WiFi k\u00e1rtya Centrino Advanced-N 6205 631954-001 62205ANHMW &#8211; HP Probook 6570b,6470b,Elitebook 2760p"},"content":{"rendered":"<p>B\u0151v\u00edtse laptopja vezet\u00e9k n\u00e9lk\u00fcli kapcsolat\u00e1t a Centrino Advanced-N 6205 631954-001 62205ANHMW HP Mini PCIe WiFi k\u00e1rty\u00e1val. A kiv\u00e9teles vezet\u00e9k n\u00e9lk\u00fcli teljes\u00edtm\u00e9nyre tervezett eredeti Mini PCIe WiFi k\u00e1rtya megb\u00edzhat\u00f3 \u00e9s nagy sebess\u00e9g\u0171 csatlakoz\u00e1st biztos\u00edt a jobb sz\u00e1m\u00edt\u00e1stechnikai \u00e9lm\u00e9ny \u00e9rdek\u00e9ben. Laptopokkal kompatibilis alkatr\u00e9sz: HP Probook 6570b, 6470b, Elitebook 2760p<\/p>\n<p>A HP \u00e1ltal gy\u00e1rtott, megb\u00edzhat\u00f3 n\u00e9v a sz\u00e1m\u00edt\u00e1stechnik\u00e1ban, a Centrino Advanced-N 6205 WiFi k\u00e1rtya z\u00f6kken\u0151mentes integr\u00e1ci\u00f3t biztos\u00edt laptopj\u00e1val. A laptop h\u00e1l\u00f3zati rendszer\u00e9nek alapvet\u0151 elemek\u00e9nt ez a k\u00e1rtya kulcsfontoss\u00e1g\u00fa szerepet j\u00e1tszik a vezet\u00e9k n\u00e9lk\u00fcli kapcsolat jav\u00edt\u00e1s\u00e1ban.<\/p>\n<p>Ak\u00e1r gyors \u00e9s stabil Wi-Fi-re van sz\u00fcks\u00e9ge b\u00f6ng\u00e9sz\u00e9shez, streamel\u00e9shez, online j\u00e1t\u00e9khoz vagy munk\u00e1val kapcsolatos feladatokhoz, ez a WiFi-k\u00e1rtya az \u00d6n \u00e1ltal elv\u00e1rt sebess\u00e9get \u00e9s megb\u00edzhat\u00f3s\u00e1got k\u00edn\u00e1lja. Speci\u00e1lis funkci\u00f3i, bele\u00e9rtve a 802.11n t\u00e1mogat\u00e1s\u00e1t, a k\u00e9ts\u00e1vos m\u0171k\u00f6d\u00e9st \u00e9s a MIMO technol\u00f3gi\u00e1t, ide\u00e1lis v\u00e1laszt\u00e1ss\u00e1 teszik a nagy teljes\u00edtm\u00e9ny\u0171 vezet\u00e9k n\u00e9lk\u00fcli kapcsolatot ig\u00e9nyl\u0151 laptopok sz\u00e1m\u00e1ra.<\/p>\n<p>A telep\u00edt\u00e9s egyszer\u0171 a Mini PCIe form\u00e1tumnak \u00e9s a PCIe interf\u00e9sznek k\u00f6sz\u00f6nhet\u0151en, amelyek illeszkednek a laptop eredeti \u00f6sszetev\u0151ihez. Az eredeti HP alkatr\u00e9szek kiv\u00e1laszt\u00e1s\u00e1val laptopja vezet\u00e9k n\u00e9lk\u00fcli kapcsolat\u00e1nak min\u0151s\u00e9g\u00e9be \u00e9s megb\u00edzhat\u00f3s\u00e1g\u00e1ba fektet be.<\/p>\n<p>Friss\u00edtse laptopja vezet\u00e9k n\u00e9lk\u00fcli k\u00e9pess\u00e9geit a Centrino Advanced-N 6205 631954-001 62205ANHMW HP Mini PCIe WiFi k\u00e1rty\u00e1val. \u00c9lvezze a gyorsabb \u00e9s megb\u00edzhat\u00f3bb vezet\u00e9k n\u00e9lk\u00fcli kapcsolatokat minden sz\u00e1m\u00edt\u00e1stechnikai ig\u00e9ny\u00e9hez. N\u00f6velje online \u00e9lm\u00e9ny\u00e9t ezzel a megb\u00edzhat\u00f3 \u00e9s hat\u00e9kony WiFi-k\u00e1rty\u00e1val.<\/p>\n<p>V\u00e1s\u00e1rl\u00e1s el\u0151tt ellen\u0151rizze, hogy kompatibilis-e az adott laptopmodellj\u00e9vel.<\/p>\n","protected":false},"excerpt":{"rendered":"<p>B\u0151v\u00edtse laptopja vezet\u00e9k n\u00e9lk\u00fcli kapcsolat\u00e1t a Centrino Advanced-N 6205 631954-001 62205ANHMW HP Mini PCIe WiFi k\u00e1rty\u00e1val. \u00c9lvezze a gyors \u00e9s megb\u00edzhat\u00f3 Wi-Fi-kapcsolatot a jobb online \u00e9lm\u00e9ny \u00e9rdek\u00e9ben.<\/p>\n","protected":false},"featured_media":4183,"template":"","meta":[],"product_brand":[],"product_cat":[27],"product_tag":[25],"class_list":{"0":"post-4139","1":"product","2":"type-product","3":"status-publish","4":"has-post-thumbnail","6":"product_cat-motherboards-board-parts","7":"product_tag-hp","9":"first","10":"instock","11":"taxable","12":"shipping-taxable","13":"purchasable","14":"product-type-simple"},"_links":{"self":[{"href":"https:\/\/boreait.com\/hu\/wp-json\/wp\/v2\/product\/4139","targetHints":{"allow":["GET"]}}],"collection":[{"href":"https:\/\/boreait.com\/hu\/wp-json\/wp\/v2\/product"}],"about":[{"href":"https:\/\/boreait.com\/hu\/wp-json\/wp\/v2\/types\/product"}],"wp:featuredmedia":[{"embeddable":true,"href":"https:\/\/boreait.com\/hu\/wp-json\/wp\/v2\/media\/4183"}],"wp:attachment":[{"href":"https:\/\/boreait.com\/hu\/wp-json\/wp\/v2\/media?parent=4139"}],"wp:term":[{"taxonomy":"product_brand","embeddable":true,"href":"https:\/\/boreait.com\/hu\/wp-json\/wp\/v2\/product_brand?post=4139"},{"taxonomy":"product_cat","embeddable":true,"href":"https:\/\/boreait.com\/hu\/wp-json\/wp\/v2\/product_cat?post=4139"},{"taxonomy":"product_tag","embeddable":true,"href":"https:\/\/boreait.com\/hu\/wp-json\/wp\/v2\/product_tag?post=4139"}],"curies":[{"name":"wp","href":"https:\/\/api.w.org\/{rel}","templated":true}]}}