{"id":4138,"date":"2025-09-17T10:51:22","date_gmt":"2025-09-17T08:51:22","guid":{"rendered":"https:\/\/boreait.com\/hu\/?post_type=product&#038;p=4138"},"modified":"2026-01-12T08:19:15","modified_gmt":"2026-01-12T07:19:15","slug":"hp-probook-2570p-6560b-sierra-wireless-airprime-mc8355-wwan-kartya-634400-001","status":"publish","type":"product","link":"https:\/\/boreait.com\/hu\/termek\/hp-probook-2570p-6560b-sierra-wireless-airprime-mc8355-wwan-kartya-634400-001\/","title":{"rendered":"HP ProBook 2570p 6560B Sierra Wireless AirPrime MC8355 WWAN k\u00e1rtya 634400-001"},"content":{"rendered":"<p>Fokozza HP ProBook 2570p vagy 6560B laptopja csatlakoztathat\u00f3s\u00e1g\u00e1t a Sierra Wireless AirPrime MC8355 WWAN 634400-001 k\u00e1rty\u00e1val. A z\u00f6kken\u0151mentes integr\u00e1ci\u00f3ra \u00e9s az optim\u00e1lis teljes\u00edtm\u00e9nyre tervezett eredeti WWAN (Wireless Wide Area Network) k\u00e1rtya megn\u00f6veli laptopja vezet\u00e9k n\u00e9lk\u00fcli k\u00e9pess\u00e9geit a csatlakoztatottabb \u00e9s produkt\u00edvabb sz\u00e1m\u00edt\u00e1stechnikai \u00e9lm\u00e9ny \u00e9rdek\u00e9ben.<\/p>\n<p>A Sierra Wireless, a vezet\u00e9k n\u00e9lk\u00fcli technol\u00f3gia megb\u00edzhat\u00f3 neve \u00e1ltal gy\u00e1rtott AirPrime MC8355 WWAN k\u00e1rty\u00e1t \u00fagy tervezt\u00e9k, hogy megb\u00edzhat\u00f3 \u00e9s hat\u00e9kony vezet\u00e9k n\u00e9lk\u00fcli kapcsolatot biztos\u00edtson. Ez a k\u00e1rtya laptopja bels\u0151 rendszereinek alapvet\u0151 elemek\u00e9nt lehet\u0151v\u00e9 teszi a mobil sz\u00e9less\u00e1v\u00fa h\u00e1l\u00f3zatok el\u00e9r\u00e9s\u00e9t, \u00edgy \u00fatk\u00f6zben is kapcsolatban maradhat.<\/p>\n<p>Ak\u00e1r profi, akinek \u00e1lland\u00f3 hozz\u00e1f\u00e9r\u00e9sre van sz\u00fcks\u00e9ge e-mailekhez \u00e9s online forr\u00e1sokhoz, ak\u00e1r utaz\u00f3, akinek internetkapcsolatra van sz\u00fcks\u00e9ge, b\u00e1rhol is tart\u00f3zkodik, ez a WWAN-k\u00e1rtya az \u00d6n \u00e1ltal elv\u00e1rt k\u00e9nyelmet \u00e9s hat\u00e9konys\u00e1got biztos\u00edtja. \u00c9lvezze a gyorsabb internetsebess\u00e9get, a megb\u00edzhat\u00f3 h\u00e1l\u00f3zati kapcsolatokat, valamint a munka \u00e9s a b\u00f6ng\u00e9sz\u00e9s szabads\u00e1g\u00e1t gyakorlatilag b\u00e1rhonnan.<\/p>\n<p>A telep\u00edt\u00e9s egyszer\u0171, k\u00f6sz\u00f6nhet\u0151en az OEM-kialak\u00edt\u00e1snak, amely illeszkedik a laptop eredeti alkatr\u00e9szeihez. Az eredeti Sierra Wireless alkatr\u00e9szek kiv\u00e1laszt\u00e1s\u00e1val laptopja vezet\u00e9k n\u00e9lk\u00fcli k\u00e9pess\u00e9geinek min\u0151s\u00e9g\u00e9be \u00e9s megb\u00edzhat\u00f3s\u00e1g\u00e1ba fektet be.<\/p>\n<p>Friss\u00edtse laptopja vezet\u00e9k n\u00e9lk\u00fcli kapcsolat\u00e1t a Sierra Wireless AirPrime MC8355 WWAN 634400-001 k\u00e1rty\u00e1val. Maradjon kapcsolatban \u00fatk\u00f6zben, \u00e9lvezze a gyors internetsebess\u00e9get, \u00e9s n\u00f6velje termel\u00e9kenys\u00e9g\u00e9t ezzel a megb\u00edzhat\u00f3 \u00e9s hat\u00e9kony WWAN-k\u00e1rty\u00e1val, amelyet arra terveztek, hogy b\u00e1rhol is legyen kapcsolatban.<\/p>\n<p>V\u00e1s\u00e1rl\u00e1s el\u0151tt ellen\u0151rizze, hogy kompatibilis-e az adott laptopmodellj\u00e9vel.<\/p>\n","protected":false},"excerpt":{"rendered":"<p>B\u0151v\u00edtse HP ProBook 2570p vagy 6560B laptopja vezet\u00e9k n\u00e9lk\u00fcli kapcsolat\u00e1t a Sierra Wireless AirPrime MC8355 WWAN 634400-001 k\u00e1rty\u00e1val. Maradjon kapcsolatban \u00fatk\u00f6zben is a gyors \u00e9s megb\u00edzhat\u00f3 mobil sz\u00e9less\u00e1v\u00fa hozz\u00e1f\u00e9r\u00e9ssel.<\/p>\n","protected":false},"featured_media":4181,"template":"","meta":[],"product_brand":[],"product_cat":[27],"product_tag":[25],"class_list":{"0":"post-4138","1":"product","2":"type-product","3":"status-publish","4":"has-post-thumbnail","6":"product_cat-motherboards-board-parts","7":"product_tag-hp","9":"first","10":"instock","11":"taxable","12":"shipping-taxable","13":"purchasable","14":"product-type-simple"},"_links":{"self":[{"href":"https:\/\/boreait.com\/hu\/wp-json\/wp\/v2\/product\/4138","targetHints":{"allow":["GET"]}}],"collection":[{"href":"https:\/\/boreait.com\/hu\/wp-json\/wp\/v2\/product"}],"about":[{"href":"https:\/\/boreait.com\/hu\/wp-json\/wp\/v2\/types\/product"}],"wp:featuredmedia":[{"embeddable":true,"href":"https:\/\/boreait.com\/hu\/wp-json\/wp\/v2\/media\/4181"}],"wp:attachment":[{"href":"https:\/\/boreait.com\/hu\/wp-json\/wp\/v2\/media?parent=4138"}],"wp:term":[{"taxonomy":"product_brand","embeddable":true,"href":"https:\/\/boreait.com\/hu\/wp-json\/wp\/v2\/product_brand?post=4138"},{"taxonomy":"product_cat","embeddable":true,"href":"https:\/\/boreait.com\/hu\/wp-json\/wp\/v2\/product_cat?post=4138"},{"taxonomy":"product_tag","embeddable":true,"href":"https:\/\/boreait.com\/hu\/wp-json\/wp\/v2\/product_tag?post=4138"}],"curies":[{"name":"wp","href":"https:\/\/api.w.org\/{rel}","templated":true}]}}