{"id":4136,"date":"2025-09-17T10:51:22","date_gmt":"2025-09-17T08:51:22","guid":{"rendered":"https:\/\/boreait.com\/hu\/?post_type=product&#038;p=4136"},"modified":"2025-09-17T10:51:55","modified_gmt":"2025-09-17T08:51:55","slug":"hp-elitebook-8470p-bluetooth-modulo-bcm92070md_-ref","status":"publish","type":"product","link":"https:\/\/boreait.com\/hu\/termek\/hp-elitebook-8470p-bluetooth-modulo-bcm92070md_-ref\/","title":{"rendered":"HP Elitebook 8470p Bluetooth Modulo BCM92070MD_ Ref"},"content":{"rendered":"<p>B\u0151v\u00edtse HP Elitebook 8470p laptopja csatlakoztathat\u00f3s\u00e1g\u00e1t a HP Elitebook 8470p Bluetooth modul BCM92070MD_Ref. Ezt az eredeti Bluetooth-modult \u00fagy tervezt\u00e9k, hogy optimaliz\u00e1lja laptopja vezet\u00e9k n\u00e9lk\u00fcli k\u00e9pess\u00e9geit, lehet\u0151v\u00e9 t\u00e9ve, hogy vezet\u00e9k n\u00e9lk\u00fcl csatlakozhasson k\u00fcl\u00f6nf\u00e9le eszk\u00f6z\u00f6kh\u00f6z.<\/p>\n<p>A HP \u00e1ltal megalkotott, megb\u00edzhat\u00f3 n\u00e9v a sz\u00e1m\u00edt\u00e1stechnik\u00e1ban, a HP Elitebook 8470p Bluetooth modul BCM92070MD_Ref z\u00f6kken\u0151mentes integr\u00e1ci\u00f3t biztos\u00edt laptopj\u00e1val. A laptop bels\u0151 rendszereinek alapvet\u0151 elemek\u00e9nt ez a modul kulcsfontoss\u00e1g\u00fa szerepet j\u00e1tszik a csatlakoz\u00e1si lehet\u0151s\u00e9gek b\u0151v\u00edt\u00e9s\u00e9ben.<\/p>\n<p>Ak\u00e1r vezet\u00e9k n\u00e9lk\u00fcli fejhallgat\u00f3t, hangsz\u00f3r\u00f3t vagy m\u00e1s Bluetooth-kompatibilis eszk\u00f6zt kell csatlakoztatnia, ez a modul az \u00d6n \u00e1ltal elv\u00e1rt k\u00e9nyelmet \u00e9s hat\u00e9konys\u00e1got biztos\u00edtja. \u00c9lvezze a probl\u00e9mamentes vezet\u00e9k n\u00e9lk\u00fcli kapcsolatokat az audio streaminghez, a f\u00e1jlmegoszt\u00e1shoz \u00e9s sok m\u00e1shoz.<\/p>\n<p>A telep\u00edt\u00e9s egyszer\u0171 az OEM-kialak\u00edt\u00e1snak k\u00f6sz\u00f6nhet\u0151en, amely illeszkedik a laptop eredeti alkatr\u00e9szeihez. Az eredeti HP alkatr\u00e9szek kiv\u00e1laszt\u00e1s\u00e1val laptopja vezet\u00e9k n\u00e9lk\u00fcli kapcsolat\u00e1nak min\u0151s\u00e9g\u00e9be \u00e9s megb\u00edzhat\u00f3s\u00e1g\u00e1ba fektet be.<\/p>\n<p>Friss\u00edtse laptopja vezet\u00e9k n\u00e9lk\u00fcli k\u00e9pess\u00e9geit a HP Elitebook 8470p Bluetooth modullal BCM92070MD_Ref. \u00c9lvezze a kib\u0151v\u00edtett csatlakoz\u00e1si lehet\u0151s\u00e9geket, a z\u00f6kken\u0151mentes Bluetooth-kapcsolatokat \u00e9s a tov\u00e1bbfejlesztett vezet\u00e9k n\u00e9lk\u00fcli funkci\u00f3kat Elitebook 8470p k\u00e9sz\u00fcl\u00e9k\u00e9n. N\u00f6velje sz\u00e1m\u00edt\u00e1stechnikai \u00e9lm\u00e9ny\u00e9t ezzel a megb\u00edzhat\u00f3 \u00e9s hat\u00e9kony Bluetooth modullal.<\/p>\n<p>V\u00e1s\u00e1rl\u00e1s el\u0151tt ellen\u0151rizze, hogy kompatibilis-e az adott laptopmodellj\u00e9vel.<\/p>\n","protected":false},"excerpt":{"rendered":"<p>Fokozza a vezet\u00e9k n\u00e9lk\u00fcli kapcsolatot HP Elitebook 8470p k\u00e9sz\u00fcl\u00e9k\u00e9n a HP Elitebook 8470p Bluetooth modul BCM92070MD_Ref. \u00c9lvezze a probl\u00e9mamentes Bluetooth-kapcsolatot sz\u00e1mos eszk\u00f6zzel.<\/p>\n","protected":false},"featured_media":4179,"template":"","meta":[],"product_brand":[],"product_cat":[27],"product_tag":[25],"class_list":{"0":"post-4136","1":"product","2":"type-product","3":"status-publish","4":"has-post-thumbnail","6":"product_cat-motherboards-board-parts","7":"product_tag-hp","9":"first","10":"instock","11":"taxable","12":"shipping-taxable","13":"purchasable","14":"product-type-simple"},"_links":{"self":[{"href":"https:\/\/boreait.com\/hu\/wp-json\/wp\/v2\/product\/4136","targetHints":{"allow":["GET"]}}],"collection":[{"href":"https:\/\/boreait.com\/hu\/wp-json\/wp\/v2\/product"}],"about":[{"href":"https:\/\/boreait.com\/hu\/wp-json\/wp\/v2\/types\/product"}],"wp:featuredmedia":[{"embeddable":true,"href":"https:\/\/boreait.com\/hu\/wp-json\/wp\/v2\/media\/4179"}],"wp:attachment":[{"href":"https:\/\/boreait.com\/hu\/wp-json\/wp\/v2\/media?parent=4136"}],"wp:term":[{"taxonomy":"product_brand","embeddable":true,"href":"https:\/\/boreait.com\/hu\/wp-json\/wp\/v2\/product_brand?post=4136"},{"taxonomy":"product_cat","embeddable":true,"href":"https:\/\/boreait.com\/hu\/wp-json\/wp\/v2\/product_cat?post=4136"},{"taxonomy":"product_tag","embeddable":true,"href":"https:\/\/boreait.com\/hu\/wp-json\/wp\/v2\/product_tag?post=4136"}],"curies":[{"name":"wp","href":"https:\/\/api.w.org\/{rel}","templated":true}]}}