{"id":4135,"date":"2025-09-17T10:51:22","date_gmt":"2025-09-17T08:51:22","guid":{"rendered":"https:\/\/boreait.com\/hu\/?post_type=product&#038;p=4135"},"modified":"2025-09-17T10:51:54","modified_gmt":"2025-09-17T08:51:54","slug":"eredeti-hp-probook-6560b-6565b-csuklotamasz-641205-001","status":"publish","type":"product","link":"https:\/\/boreait.com\/hu\/termek\/eredeti-hp-probook-6560b-6565b-csuklotamasz-641205-001\/","title":{"rendered":"Eredeti HP Probook 6560b 6565b &#8211; csukl\u00f3t\u00e1masz &#8211; 641205-001"},"content":{"rendered":"<p>N\u00f6velje HP Probook 6560b 6565b laptopja eszt\u00e9tik\u00e1j\u00e1t \u00e9s funkcionalit\u00e1s\u00e1t az eredeti HP csukl\u00f3t\u00e1masz (cikksz\u00e1m: 641205-001) seg\u00edts\u00e9g\u00e9vel. Ez a csukl\u00f3t\u00e1masz egy eredeti HP-komponens, amely z\u00f6kken\u0151mentes integr\u00e1ci\u00f3t \u00e9s jobb \u00e1ltal\u00e1nos teljes\u00edtm\u00e9nyt biztos\u00edt, hogy fokozza laptopja vizu\u00e1lis vonzerej\u00e9t \u00e9s haszn\u00e1lhat\u00f3s\u00e1g\u00e1t.<\/p>\n<p>A HP, a sz\u00e1m\u00edt\u00e1stechnika megb\u00edzhat\u00f3 vezet\u0151j\u00e9nek tervezett csukl\u00f3t\u00e1masza apr\u00f3l\u00e9kos kialak\u00edt\u00e1ssal b\u00fcszk\u00e9lkedhet, amely t\u00f6k\u00e9letesen illeszkedik a Probook 6560b-hez. A laptop fel\u00e9p\u00edt\u00e9s\u00e9nek l\u00e9tfontoss\u00e1g\u00fa elemek\u00e9nt a csukl\u00f3t\u00e1masz k\u00e9nyelmes fel\u00fcletet biztos\u00edt a csukl\u00f3j\u00e1nak g\u00e9pel\u00e9s k\u00f6zben, \u00e9s a laptop \u00e9rint\u0151padj\u00e1nak \u00e9s m\u00e1s alapvet\u0151 alkatr\u00e9szeknek ad helyet.<\/p>\n<p>Ak\u00e1r professzion\u00e1lis, aki jav\u00edtott ergon\u00f3mi\u00e1t keres, vagy h\u00e9tk\u00f6znapi felhaszn\u00e1l\u00f3, aki felfriss\u00edti laptopja megjelen\u00e9s\u00e9t, ez a csukl\u00f3t\u00e1masz \u00e9rt\u00e9kes friss\u00edt\u00e9s. Nem csak a k\u00e9nyelmet n\u00f6veli a hosszan tart\u00f3 haszn\u00e1lat sor\u00e1n, hanem egy csipetnyi eleganci\u00e1t is ad laptopja kialak\u00edt\u00e1s\u00e1hoz.<\/p>\n<p>A telep\u00edt\u00e9s egyszer\u0171 a prec\u00edz OEM-kialak\u00edt\u00e1snak k\u00f6sz\u00f6nhet\u0151en, amely illeszkedik a HP Probook 6560b 6565b eredeti alkatr\u00e9szeihez.\u00a0 Az eredeti HP alkatr\u00e9szek kiv\u00e1laszt\u00e1s\u00e1val a laptop csukl\u00f3t\u00e1masz\u00e1nak min\u0151s\u00e9g\u00e9be, tart\u00f3ss\u00e1g\u00e1ba \u00e9s kompatibilit\u00e1s\u00e1ba fektet be.<\/p>\n<p>Friss\u00edtse laptopja eszt\u00e9tik\u00e1j\u00e1t \u00e9s haszn\u00e1lhat\u00f3s\u00e1g\u00e1t az Eredeti HP Probook 6560b 6565b Palmresttel (cikksz\u00e1m: 641205-001). \u00c9lvezze a Probook 6560b 6565b jobb k\u00e9nyelm\u00e9t, felfriss\u00fclt megjelen\u00e9s\u00e9t \u00e9s tov\u00e1bbfejlesztett sz\u00e1m\u00edt\u00e1stechnikai \u00e9lm\u00e9ny\u00e9t.<\/p>\n<p>V\u00e1s\u00e1rl\u00e1s el\u0151tt ellen\u0151rizze, hogy kompatibilis-e az adott laptopmodellj\u00e9vel.<\/p>\n","protected":false},"excerpt":{"rendered":"<p>Fokozza HP Probook 6560b 6565b laptopja eszt\u00e9tik\u00e1j\u00e1t \u00e9s haszn\u00e1lhat\u00f3s\u00e1g\u00e1t az Eredeti HP csukl\u00f3t\u00e1masz (cikksz\u00e1m: 641205-001) seg\u00edts\u00e9g\u00e9vel. \u00c9lvezze laptopja nagyobb k\u00e9nyelm\u00e9t \u00e9s felfriss\u00fclt megjelen\u00e9s\u00e9t.<\/p>\n","protected":false},"featured_media":4177,"template":"","meta":[],"product_brand":[],"product_cat":[16],"product_tag":[25],"class_list":{"0":"post-4135","1":"product","2":"type-product","3":"status-publish","4":"has-post-thumbnail","6":"product_cat-laptop-housing","7":"product_tag-hp","9":"first","10":"instock","11":"taxable","12":"shipping-taxable","13":"purchasable","14":"product-type-simple"},"_links":{"self":[{"href":"https:\/\/boreait.com\/hu\/wp-json\/wp\/v2\/product\/4135","targetHints":{"allow":["GET"]}}],"collection":[{"href":"https:\/\/boreait.com\/hu\/wp-json\/wp\/v2\/product"}],"about":[{"href":"https:\/\/boreait.com\/hu\/wp-json\/wp\/v2\/types\/product"}],"wp:featuredmedia":[{"embeddable":true,"href":"https:\/\/boreait.com\/hu\/wp-json\/wp\/v2\/media\/4177"}],"wp:attachment":[{"href":"https:\/\/boreait.com\/hu\/wp-json\/wp\/v2\/media?parent=4135"}],"wp:term":[{"taxonomy":"product_brand","embeddable":true,"href":"https:\/\/boreait.com\/hu\/wp-json\/wp\/v2\/product_brand?post=4135"},{"taxonomy":"product_cat","embeddable":true,"href":"https:\/\/boreait.com\/hu\/wp-json\/wp\/v2\/product_cat?post=4135"},{"taxonomy":"product_tag","embeddable":true,"href":"https:\/\/boreait.com\/hu\/wp-json\/wp\/v2\/product_tag?post=4135"}],"curies":[{"name":"wp","href":"https:\/\/api.w.org\/{rel}","templated":true}]}}