{"id":4116,"date":"2025-09-17T10:51:00","date_gmt":"2025-09-17T08:51:00","guid":{"rendered":"https:\/\/boreait.com\/hu\/?post_type=product&#038;p=4116"},"modified":"2025-09-17T10:51:50","modified_gmt":"2025-09-17T08:51:50","slug":"hp-probook-6560b-6570b-kepernyopantok-647677-001-1a01kh100-ggs-g","status":"publish","type":"product","link":"https:\/\/boreait.com\/hu\/termek\/hp-probook-6560b-6570b-kepernyopantok-647677-001-1a01kh100-ggs-g\/","title":{"rendered":"HP Probook 6560b 6570b k\u00e9perny\u0151p\u00e1ntok \u2013 647677-001 1A01KH100-GGS-G"},"content":{"rendered":"<p>N\u00f6velje HP ProBook 6560b 6570b laptopja tart\u00f3ss\u00e1g\u00e1t \u00e9s funkcionalit\u00e1s\u00e1t ezekkel a kiv\u00e1l\u00f3 min\u0151s\u00e9g\u0171 cserek\u00e9perny\u0151 zsan\u00e9rokkal. A HP \u2013 a sz\u00e1m\u00edt\u00e1stechnik\u00e1ban megb\u00edzhat\u00f3 n\u00e9v \u2013 szigor\u00fa szabv\u00e1nyainak megfelel\u0151en kialak\u00edtott k\u00e9perny\u0151p\u00e1ntok biztons\u00e1gos \u00e9s megb\u00edzhat\u00f3 csukl\u00f3p\u00e1ntot biztos\u00edtanak laptopja kijelz\u0151j\u00e9hez. Cikksz\u00e1mok: 647677-001 1A01KH100-GGS-G<\/p>\n<p>Id\u0151vel a kop\u00e1s \u00e9s elhaszn\u00e1l\u00f3d\u00e1s hat\u00e1ssal lehet laptopja k\u00e9perny\u0151j\u00e9nek csukl\u00f3p\u00e1ntjaira, ami ingadoz\u00e1shoz, laza kijelz\u0151h\u00f6z vagy ak\u00e1r a csukl\u00f3p\u00e1ntok meghib\u00e1sod\u00e1s\u00e1hoz vezethet. Ha ezeket az eredeti HP ProBook 6560b k\u00e9perny\u0151p\u00e1ntokra cser\u00e9li, helyre\u00e1ll\u00edthatja laptopja stabilit\u00e1s\u00e1t \u00e9s meghosszabb\u00edthatja \u00e9lettartam\u00e1t.<\/p>\n<p>A prec\u00edz illeszked\u00e9sre tervezett zsan\u00e9rok z\u00f6kken\u0151mentesen nyitj\u00e1k \u00e9s z\u00e1rj\u00e1k a laptop kijelz\u0151j\u00e9t, megtartva az optim\u00e1lis l\u00e1t\u00f3sz\u00f6get. Ak\u00e1r profi, aki munk\u00e1ja sor\u00e1n haszn\u00e1lja laptopj\u00e1t, ak\u00e1r di\u00e1k, aki tanulm\u00e1nyaihoz haszn\u00e1lja, ezek a zsan\u00e9rok jav\u00edtj\u00e1k laptopja haszn\u00e1lhat\u00f3s\u00e1g\u00e1t.<\/p>\n<p>A telep\u00edt\u00e9s egyszer\u0171, k\u00f6sz\u00f6nhet\u0151en az OEM-kialak\u00edt\u00e1snak, amely illeszkedik a HP ProBook 6560b 6570b eredeti zsan\u00e9rjaihoz. Az eredeti HP alkatr\u00e9szek kiv\u00e1laszt\u00e1s\u00e1val garant\u00e1lja laptopja hossz\u00fa \u00e9lettartam\u00e1t \u00e9s megb\u00edzhat\u00f3s\u00e1g\u00e1t.<\/p>\n<p>Friss\u00edtse laptopja k\u00e9perny\u0151p\u00e1ntjait a HP ProBook 6560b 6570b k\u00e9perny\u0151p\u00e1ntokkal, \u00e9s \u00e9lvezze a stabilabb \u00e9s tart\u00f3sabb megjelen\u00edt\u00e9si mechanizmust. \u00c1ll\u00edtsa vissza laptopja teljes\u00edtm\u00e9ny\u00e9t, \u00e9s b\u0151v\u00edtse haszn\u00e1lhat\u00f3s\u00e1g\u00e1t ezekkel a megb\u00edzhat\u00f3 cserep\u00e1ntokkal.<\/p>\n<p>V\u00e1s\u00e1rl\u00e1s el\u0151tt ellen\u0151rizze, hogy kompatibilis-e az adott laptopmodellj\u00e9vel.<\/p>\n","protected":false},"excerpt":{"rendered":"<p>N\u00f6velje HP ProBook 6560b 6570b laptopja tart\u00f3ss\u00e1g\u00e1t \u00e9s kijelz\u0151funkci\u00f3it az eredeti cserek\u00e9perny\u0151 zsan\u00e9rokkal. \u00c1ll\u00edtsa vissza a stabilit\u00e1st, \u00e9s hosszabb\u00edtsa meg laptopja \u00e9lettartam\u00e1t ezekkel a kiv\u00e1l\u00f3 min\u0151s\u00e9g\u0171 zsan\u00e9rokkal.<\/p>\n","protected":false},"featured_media":4175,"template":"","meta":[],"product_brand":[],"product_cat":[19],"product_tag":[25],"class_list":{"0":"post-4116","1":"product","2":"type-product","3":"status-publish","4":"has-post-thumbnail","6":"product_cat-screen-hinge","7":"product_tag-hp","9":"first","10":"instock","11":"taxable","12":"shipping-taxable","13":"purchasable","14":"product-type-simple"},"_links":{"self":[{"href":"https:\/\/boreait.com\/hu\/wp-json\/wp\/v2\/product\/4116","targetHints":{"allow":["GET"]}}],"collection":[{"href":"https:\/\/boreait.com\/hu\/wp-json\/wp\/v2\/product"}],"about":[{"href":"https:\/\/boreait.com\/hu\/wp-json\/wp\/v2\/types\/product"}],"wp:featuredmedia":[{"embeddable":true,"href":"https:\/\/boreait.com\/hu\/wp-json\/wp\/v2\/media\/4175"}],"wp:attachment":[{"href":"https:\/\/boreait.com\/hu\/wp-json\/wp\/v2\/media?parent=4116"}],"wp:term":[{"taxonomy":"product_brand","embeddable":true,"href":"https:\/\/boreait.com\/hu\/wp-json\/wp\/v2\/product_brand?post=4116"},{"taxonomy":"product_cat","embeddable":true,"href":"https:\/\/boreait.com\/hu\/wp-json\/wp\/v2\/product_cat?post=4116"},{"taxonomy":"product_tag","embeddable":true,"href":"https:\/\/boreait.com\/hu\/wp-json\/wp\/v2\/product_tag?post=4116"}],"curies":[{"name":"wp","href":"https:\/\/api.w.org\/{rel}","templated":true}]}}