{"id":4115,"date":"2025-09-17T10:51:00","date_gmt":"2025-09-17T08:51:00","guid":{"rendered":"https:\/\/boreait.com\/hu\/?post_type=product&#038;p=4115"},"modified":"2026-01-12T08:18:57","modified_gmt":"2026-01-12T07:18:57","slug":"hp-398393-002-bluetooth-modul-bt-v2-0","status":"publish","type":"product","link":"https:\/\/boreait.com\/hu\/termek\/hp-398393-002-bluetooth-modul-bt-v2-0\/","title":{"rendered":"HP 398393-002 BLUETOOTH MODUL \u2013 BT V2.0"},"content":{"rendered":"<p>N\u00f6velje csatlakoz\u00e1si lehet\u0151s\u00e9geit a HP 398393-002 Bluetooth-modullal. A Bluetooth Specification V2.0 szabv\u00e1nyoknak megfelel\u0151en tervezett eredeti HP modul z\u00f6kken\u0151mentes integr\u00e1ci\u00f3t \u00e9s megb\u00edzhat\u00f3 vezet\u00e9k n\u00e9lk\u00fcli kapcsolatokat biztos\u00edt a jobb sz\u00e1m\u00edt\u00e1stechnikai \u00e9lm\u00e9ny \u00e9rdek\u00e9ben.<\/p>\n<p>A HP \u00e1ltal megalkotott, megb\u00edzhat\u00f3 n\u00e9v a sz\u00e1m\u00edt\u00e1stechnik\u00e1ban, a 398393-002 Bluetooth Module robusztus Bluetooth-kapcsolati k\u00e9pess\u00e9geket k\u00edn\u00e1l. Az eszk\u00f6z bels\u0151 rendszereinek alapvet\u0151 elemek\u00e9nt ez a modul kulcsfontoss\u00e1g\u00fa szerepet j\u00e1tszik az eszk\u00f6z \u00e9s a kompatibilis perif\u00e9ri\u00e1k sz\u00e9les k\u00f6re k\u00f6z\u00f6tti vezet\u00e9k n\u00e9lk\u00fcli kommunik\u00e1ci\u00f3 lehet\u0151v\u00e9 t\u00e9tel\u00e9ben.<\/p>\n<p>Ak\u00e1r vezet\u00e9k n\u00e9lk\u00fcli fejhallgat\u00f3t kell csatlakoztatnia, f\u00e1jlokat kell m\u00e1solnia az eszk\u00f6z\u00f6k k\u00f6z\u00f6tt, vagy m\u00e1s Bluetooth-kompatibilis eszk\u00f6zh\u00f6z kell kapcsol\u00f3dnia, ez a modul biztos\u00edtja a k\u00edv\u00e1nt k\u00e9nyelmet \u00e9s hat\u00e9konys\u00e1got. A Bluetooth V2.0 technol\u00f3gia gyorsabb adat\u00e1tviteli sebess\u00e9get, jobb p\u00e1ros\u00edt\u00e1st \u00e9s kiterjesztett hat\u00f3t\u00e1vols\u00e1got k\u00edn\u00e1l, jav\u00edtva a vezet\u00e9k n\u00e9lk\u00fcli \u00e9lm\u00e9nyt.<\/p>\n<p>A telep\u00edt\u00e9s egyszer\u0171, mivel a kialak\u00edt\u00e1s illeszkedik az eszk\u00f6z eredeti alkatr\u00e9szeihez. Az eredeti HP alkatr\u00e9szek kiv\u00e1laszt\u00e1s\u00e1val eszk\u00f6ze Bluetooth-kapcsolat\u00e1nak min\u0151s\u00e9g\u00e9be \u00e9s megb\u00edzhat\u00f3s\u00e1g\u00e1ba fektet be.<\/p>\n<p>Friss\u00edtse eszk\u00f6ze csatlakoztathat\u00f3s\u00e1g\u00e1t a HP 398393-002 Bluetooth-modullal. \u00c9lvezze a kiterjesztett vezet\u00e9k n\u00e9lk\u00fcli k\u00e9pess\u00e9geket, a gyorsabb adat\u00e1tvitelt \u00e9s a z\u00f6kken\u0151mentes Bluetooth-kapcsolatokat HP k\u00e9sz\u00fcl\u00e9k\u00e9n. N\u00f6velje sz\u00e1m\u00edt\u00e1stechnikai \u00e9lm\u00e9ny\u00e9t ezzel a megb\u00edzhat\u00f3 \u00e9s hat\u00e9kony Bluetooth modullal.<\/p>\n<p>V\u00e1s\u00e1rl\u00e1s el\u0151tt ellen\u0151rizze, hogy kompatibilis-e az adott eszk\u00f6zmodellj\u00e9vel.<\/p>\n","protected":false},"excerpt":{"rendered":"<p>Fokozza a kapcsolatot a HP 398393-002 Bluetooth modullal, amely megfelel a Bluetooth V2.0 szabv\u00e1nynak. \u00c9lvezze a megb\u00edzhat\u00f3 vezet\u00e9k n\u00e9lk\u00fcli kapcsolatokat \u00e9s a tov\u00e1bbfejlesztett Bluetooth k\u00e9pess\u00e9geket.<\/p>\n","protected":false},"featured_media":4173,"template":"","meta":[],"product_brand":[],"product_cat":[27],"product_tag":[25],"class_list":{"0":"post-4115","1":"product","2":"type-product","3":"status-publish","4":"has-post-thumbnail","6":"product_cat-motherboards-board-parts","7":"product_tag-hp","9":"first","10":"instock","11":"taxable","12":"shipping-taxable","13":"purchasable","14":"product-type-simple"},"_links":{"self":[{"href":"https:\/\/boreait.com\/hu\/wp-json\/wp\/v2\/product\/4115","targetHints":{"allow":["GET"]}}],"collection":[{"href":"https:\/\/boreait.com\/hu\/wp-json\/wp\/v2\/product"}],"about":[{"href":"https:\/\/boreait.com\/hu\/wp-json\/wp\/v2\/types\/product"}],"wp:featuredmedia":[{"embeddable":true,"href":"https:\/\/boreait.com\/hu\/wp-json\/wp\/v2\/media\/4173"}],"wp:attachment":[{"href":"https:\/\/boreait.com\/hu\/wp-json\/wp\/v2\/media?parent=4115"}],"wp:term":[{"taxonomy":"product_brand","embeddable":true,"href":"https:\/\/boreait.com\/hu\/wp-json\/wp\/v2\/product_brand?post=4115"},{"taxonomy":"product_cat","embeddable":true,"href":"https:\/\/boreait.com\/hu\/wp-json\/wp\/v2\/product_cat?post=4115"},{"taxonomy":"product_tag","embeddable":true,"href":"https:\/\/boreait.com\/hu\/wp-json\/wp\/v2\/product_tag?post=4115"}],"curies":[{"name":"wp","href":"https:\/\/api.w.org\/{rel}","templated":true}]}}