{"id":4114,"date":"2025-09-17T10:51:00","date_gmt":"2025-09-17T08:51:00","guid":{"rendered":"https:\/\/boreait.com\/hu\/?post_type=product&#038;p=4114"},"modified":"2026-01-12T08:18:40","modified_gmt":"2026-01-12T07:18:40","slug":"hp-compaq-6820s-laptop-eredeti-halozati-kartya-boritotok-cserealkatresz","status":"publish","type":"product","link":"https:\/\/boreait.com\/hu\/termek\/hp-compaq-6820s-laptop-eredeti-halozati-kartya-boritotok-cserealkatresz\/","title":{"rendered":"HP Compaq 6820s laptop eredeti h\u00e1l\u00f3zati k\u00e1rtya bor\u00edt\u00f3tok cserealkatr\u00e9sz"},"content":{"rendered":"<p><strong>Eredeti h\u00e1l\u00f3zati k\u00e1rtya tok HP Compaq 6820s laptophoz<\/strong>:<\/p>\n<p>Ha szeretn\u00e9 meg\u0151rizni HP Compaq 6820s laptopja kifog\u00e1stalan \u00e1llapot\u00e1t, vagy egyszer\u0171en csak cserebor\u00edt\u00e1sra van sz\u00fcks\u00e9ge a h\u00e1l\u00f3zati k\u00e1rty\u00e1hoz, ez az eredeti bor\u00edt\u00f3tok a t\u00f6k\u00e9letes v\u00e1laszt\u00e1s. A HP prec\u00edz szabv\u00e1nyai szerint gy\u00e1rtva pontos illeszked\u00e9st \u00e9s hossz\u00fa \u00e9lettartamot \u00edg\u00e9r.<\/p>\n<p><strong>F\u0151bb jellemz\u0151k<\/strong>:<\/p>\n<ol>\n<li><strong>Testreszabott diz\u00e1jn<\/strong>: Kiz\u00e1r\u00f3lag a HP Compaq 6820s k\u00e9sz\u00fcl\u00e9khez k\u00e9sz\u00fclt, \u00edgy biztos\u00edtva a k\u00e9nyelmes \u00e9s z\u00f6kken\u0151mentes illeszked\u00e9st.<\/li>\n<li><strong>Eredeti HP alkatr\u00e9sz<\/strong>: B\u00edzzon az eredeti HP cserealkatr\u00e9szekkel egy\u00fctt j\u00e1r\u00f3 megb\u00edzhat\u00f3 min\u0151s\u00e9gben \u00e9s kompatibilit\u00e1sban.<\/li>\n<li><strong>Tart\u00f3s konstrukci\u00f3<\/strong>: Kiv\u00e1l\u00f3 min\u0151s\u00e9g\u0171 anyagokb\u00f3l k\u00e9sz\u00fclt, \u00e9s \u00fagy tervezt\u00e9k, hogy ellen\u00e1lljon a rendszeres haszn\u00e1latnak, mik\u00f6zben meg\u0151rzi a csiszolt megjelen\u00e9s\u00e9t.<\/li>\n<li><strong>K\u00f6nny\u0171 telep\u00edt\u00e9s<\/strong>: A bor\u00edt\u00f3tokot \u00fagy tervezt\u00e9k, hogy k\u00f6nnyen elhelyezhet\u0151 legyen, \u00edgy probl\u00e9mamentesen telep\u00edthet\u0151.<\/li>\n<\/ol>\n<p><strong>Egy\u00e9b kiemel\u00e9sek<\/strong>:<\/p>\n<ul>\n<li><strong>V\u00e9d\u0151pajzs<\/strong>: Ezzel a robusztus bor\u00edt\u00f3tokkal \u00f3vja laptop h\u00e1l\u00f3zati k\u00e1rty\u00e1j\u00e1t az esetleges s\u00e9r\u00fcl\u00e9sekt\u0151l, port\u00f3l vagy t\u00f6rmel\u00e9kt\u0151l.<\/li>\n<li><strong>Eszt\u00e9tikailag tetszet\u0151s<\/strong>: funkcion\u00e1lis el\u0151nyei mellett a bor\u00edt\u00f3tok meg\u0151rzi HP Compaq 6820s laptopja \u00f6sszetart\u00f3 megjelen\u00e9s\u00e9t is.<\/li>\n<li><strong>T\u00f6k\u00e9letes helyre\u00e1ll\u00edt\u00e1shoz<\/strong>: Ak\u00e1r fel\u00faj\u00edt\u00e1st, ak\u00e1r jav\u00edt\u00e1st v\u00e9gez, ez az ide\u00e1lis alkatr\u00e9sz laptopja kifog\u00e1stalan \u00e1llapot\u00e1nak helyre\u00e1ll\u00edt\u00e1s\u00e1hoz.<\/li>\n<\/ul>\n<p>V\u00e1lassza ezt az eredeti HP Compaq 6820s h\u00e1l\u00f3zati k\u00e1rtya bor\u00edt\u00f3 tokot, hogy laptopja csatlakoztathat\u00f3s\u00e1ga kompromisszumok n\u00e9lk\u00fcl maradjon, \u00e9s formaterve is letisztult. K\u00f6telez\u0151 darab azok sz\u00e1m\u00e1ra, akik szeretn\u00e9k meg\u0151rizni eszk\u00f6z\u00fck \u00e9rintetlen \u00e1llapot\u00e1t.<\/p>\n","protected":false},"excerpt":{"rendered":"<p>Eredeti h\u00e1l\u00f3zati k\u00e1rtya tok, amelyet kiz\u00e1r\u00f3lag a HP Compaq 6820s laptophoz terveztek. Ezzel az eredeti cserealkatr\u00e9szrel \u0151rizze meg laptopja eleg\u00e1ns megjelen\u00e9s\u00e9t, \u00e9s v\u00e9dje meg a l\u00e9tfontoss\u00e1g\u00fa h\u00e1l\u00f3zati \u00f6sszetev\u0151t.<\/p>\n","protected":false},"featured_media":4160,"template":"","meta":[],"product_brand":[],"product_cat":[16],"product_tag":[25],"class_list":{"0":"post-4114","1":"product","2":"type-product","3":"status-publish","4":"has-post-thumbnail","6":"product_cat-laptop-housing","7":"product_tag-hp","9":"first","10":"instock","11":"taxable","12":"shipping-taxable","13":"purchasable","14":"product-type-simple"},"_links":{"self":[{"href":"https:\/\/boreait.com\/hu\/wp-json\/wp\/v2\/product\/4114","targetHints":{"allow":["GET"]}}],"collection":[{"href":"https:\/\/boreait.com\/hu\/wp-json\/wp\/v2\/product"}],"about":[{"href":"https:\/\/boreait.com\/hu\/wp-json\/wp\/v2\/types\/product"}],"wp:featuredmedia":[{"embeddable":true,"href":"https:\/\/boreait.com\/hu\/wp-json\/wp\/v2\/media\/4160"}],"wp:attachment":[{"href":"https:\/\/boreait.com\/hu\/wp-json\/wp\/v2\/media?parent=4114"}],"wp:term":[{"taxonomy":"product_brand","embeddable":true,"href":"https:\/\/boreait.com\/hu\/wp-json\/wp\/v2\/product_brand?post=4114"},{"taxonomy":"product_cat","embeddable":true,"href":"https:\/\/boreait.com\/hu\/wp-json\/wp\/v2\/product_cat?post=4114"},{"taxonomy":"product_tag","embeddable":true,"href":"https:\/\/boreait.com\/hu\/wp-json\/wp\/v2\/product_tag?post=4114"}],"curies":[{"name":"wp","href":"https:\/\/api.w.org\/{rel}","templated":true}]}}