{"id":4110,"date":"2025-09-17T10:50:59","date_gmt":"2025-09-17T08:50:59","guid":{"rendered":"https:\/\/boreait.com\/hu\/?post_type=product&#038;p=4110"},"modified":"2026-01-12T08:17:30","modified_gmt":"2026-01-12T07:17:30","slug":"hp-compaq-6820s-telefonos-modem-d40-kartya-449139-001","status":"publish","type":"product","link":"https:\/\/boreait.com\/hu\/termek\/hp-compaq-6820s-telefonos-modem-d40-kartya-449139-001\/","title":{"rendered":"HP Compaq 6820s telefonos modem D40 k\u00e1rtya 449139-001"},"content":{"rendered":"<p>B\u0151v\u00edtse HP Compaq 6820s laptopja csatlakoztat\u00e1si lehet\u0151s\u00e9geit a HP Compaq 6820s Dial Up Modem D40 449139-001 k\u00e1rty\u00e1val. A laptop kommunik\u00e1ci\u00f3s k\u00e9pess\u00e9geinek b\u0151v\u00edt\u00e9s\u00e9re tervezett eredeti modemk\u00e1rtya megb\u00edzhat\u00f3 bet\u00e1rcs\u00e1z\u00f3s kapcsolatot biztos\u00edt a tov\u00e1bbfejlesztett sz\u00e1m\u00edt\u00e1stechnikai \u00e9lm\u00e9ny \u00e9rdek\u00e9ben.<\/p>\n<p>A HP \u00e1ltal gy\u00e1rtott, megb\u00edzhat\u00f3 n\u00e9v a sz\u00e1m\u00edt\u00e1stechnik\u00e1ban, a HP Compaq 6820s Dial Up Modem D40 449139-001 k\u00e1rty\u00e1t \u00fagy tervezt\u00e9k, hogy hat\u00e9kony bet\u00e1rcs\u00e1z\u00f3s modemet biztos\u00edtson. A laptop bels\u0151 rendszereinek alapvet\u0151 elemek\u00e9nt ez a k\u00e1rtya kulcsfontoss\u00e1g\u00fa szerepet j\u00e1tszik a bet\u00e1rcs\u00e1z\u00f3s internet-hozz\u00e1f\u00e9r\u00e9s \u00e9s kommunik\u00e1ci\u00f3 megk\u00f6nny\u00edt\u00e9s\u00e9ben.<\/p>\n<p>Ak\u00e1r bet\u00e1rcs\u00e1z\u00f3s internetkapcsolatot kell l\u00e9trehoznia, ak\u00e1r faxokat kell k\u00fcldenie, ak\u00e1r t\u00e1voli rendszerekhez kell csatlakoznia, ez a modemk\u00e1rtya a k\u00edv\u00e1nt k\u00e9nyelmet \u00e9s megb\u00edzhat\u00f3s\u00e1got k\u00edn\u00e1lja. Ide\u00e1lis megold\u00e1s azoknak a felhaszn\u00e1l\u00f3knak, akik bizonyos feladatokhoz bet\u00e1rcs\u00e1z\u00f3s kapcsolatot haszn\u00e1lnak, vagy olyan ter\u00fcleteken, ahol korl\u00e1tozott a sz\u00e9less\u00e1v\u00fa hozz\u00e1f\u00e9r\u00e9s.<\/p>\n<p>A telep\u00edt\u00e9s egyszer\u0171 az OEM-kialak\u00edt\u00e1snak k\u00f6sz\u00f6nhet\u0151en, amely illeszkedik a laptop eredeti alkatr\u00e9szeihez. Az eredeti HP alkatr\u00e9szek kiv\u00e1laszt\u00e1s\u00e1val laptopja telefonos kapcsolat\u00e1nak min\u0151s\u00e9g\u00e9be \u00e9s megb\u00edzhat\u00f3s\u00e1g\u00e1ba fektet be.<\/p>\n<p>Friss\u00edtse laptopja kommunik\u00e1ci\u00f3s k\u00e9pess\u00e9geit a HP Compaq 6820s bet\u00e1rcs\u00e1z\u00f3s modem D40 449139-001 k\u00e1rty\u00e1val. \u00c9lvezze a megb\u00edzhat\u00f3 telefonos internet-hozz\u00e1f\u00e9r\u00e9st, faxol\u00e1st \u00e9s t\u00e1voli csatlakoz\u00e1st Compaq 6820s k\u00e9sz\u00fcl\u00e9k\u00e9n. N\u00f6velje sz\u00e1m\u00edt\u00e1stechnikai \u00e9lm\u00e9ny\u00e9t ezzel a megb\u00edzhat\u00f3 \u00e9s hat\u00e9kony modemk\u00e1rty\u00e1val.<\/p>\n<p>V\u00e1s\u00e1rl\u00e1s el\u0151tt ellen\u0151rizze, hogy kompatibilis-e az adott laptopmodellj\u00e9vel.<\/p>\n","protected":false},"excerpt":{"rendered":"<p>N\u00f6velje HP Compaq 6820s laptopja kommunik\u00e1ci\u00f3s k\u00e9pess\u00e9geit a HP Compaq 6820s bet\u00e1rcs\u00e1z\u00f3s modem D40 449139-001 k\u00e1rty\u00e1val. \u00c9lvezze a megb\u00edzhat\u00f3 telefonos kapcsolatot az internet-hozz\u00e1f\u00e9r\u00e9shez, faxol\u00e1shoz \u00e9s t\u00e1voli kommunik\u00e1ci\u00f3hoz.<\/p>\n","protected":false},"featured_media":4154,"template":"","meta":[],"product_brand":[],"product_cat":[27],"product_tag":[25],"class_list":{"0":"post-4110","1":"product","2":"type-product","3":"status-publish","4":"has-post-thumbnail","6":"product_cat-motherboards-board-parts","7":"product_tag-hp","9":"first","10":"instock","11":"taxable","12":"shipping-taxable","13":"purchasable","14":"product-type-simple"},"_links":{"self":[{"href":"https:\/\/boreait.com\/hu\/wp-json\/wp\/v2\/product\/4110","targetHints":{"allow":["GET"]}}],"collection":[{"href":"https:\/\/boreait.com\/hu\/wp-json\/wp\/v2\/product"}],"about":[{"href":"https:\/\/boreait.com\/hu\/wp-json\/wp\/v2\/types\/product"}],"wp:featuredmedia":[{"embeddable":true,"href":"https:\/\/boreait.com\/hu\/wp-json\/wp\/v2\/media\/4154"}],"wp:attachment":[{"href":"https:\/\/boreait.com\/hu\/wp-json\/wp\/v2\/media?parent=4110"}],"wp:term":[{"taxonomy":"product_brand","embeddable":true,"href":"https:\/\/boreait.com\/hu\/wp-json\/wp\/v2\/product_brand?post=4110"},{"taxonomy":"product_cat","embeddable":true,"href":"https:\/\/boreait.com\/hu\/wp-json\/wp\/v2\/product_cat?post=4110"},{"taxonomy":"product_tag","embeddable":true,"href":"https:\/\/boreait.com\/hu\/wp-json\/wp\/v2\/product_tag?post=4110"}],"curies":[{"name":"wp","href":"https:\/\/api.w.org\/{rel}","templated":true}]}}