{"id":4108,"date":"2025-09-17T10:50:59","date_gmt":"2025-09-17T08:50:59","guid":{"rendered":"https:\/\/boreait.com\/hu\/?post_type=product&#038;p=4108"},"modified":"2025-09-17T10:51:35","modified_gmt":"2025-09-17T08:51:35","slug":"hp-compaq-6820s-bekapcsologomb-kabel","status":"publish","type":"product","link":"https:\/\/boreait.com\/hu\/termek\/hp-compaq-6820s-bekapcsologomb-kabel\/","title":{"rendered":"HP Compaq 6820s bekapcsol\u00f3gomb + k\u00e1bel"},"content":{"rendered":"<p>B\u0151v\u00edtse HP Compaq 6820s laptopja funkcionalit\u00e1s\u00e1t a HP Compaq 6820s bekapcsol\u00f3gomb + k\u00e1bel seg\u00edts\u00e9g\u00e9vel. A laptop haszn\u00e1lhat\u00f3s\u00e1g\u00e1nak jav\u00edt\u00e1s\u00e1ra tervezett eredeti bekapcsol\u00f3gomb-k\u00e1bel z\u00f6kken\u0151mentes integr\u00e1ci\u00f3t \u00e9s jobb teljes\u00edtm\u00e9nyt biztos\u00edt az optimaliz\u00e1lt sz\u00e1m\u00edt\u00e1stechnikai \u00e9lm\u00e9ny \u00e9rdek\u00e9ben.<\/p>\n<p>A HP \u00e1ltal megalkotott, megb\u00edzhat\u00f3 n\u00e9v a sz\u00e1m\u00edt\u00e1stechnik\u00e1ban, a HP Compaq 6820s bekapcsol\u00f3gomb k\u00e1belt \u00fagy tervezt\u00e9k, hogy megb\u00edzhat\u00f3 bekapcsol\u00f3gomb-funkci\u00f3kat biztos\u00edtson. A laptop felhaszn\u00e1l\u00f3i fel\u00fclet\u00e9nek alapvet\u0151 elemek\u00e9nt ez a k\u00e1bel kulcsfontoss\u00e1g\u00fa szerepet j\u00e1tszik abban, hogy k\u00f6nnyen ind\u00edtsa \u00e9s le\u00e1ll\u00edtsa laptopj\u00e1t.<\/p>\n<p>Ak\u00e1r egy szakember, akinek sz\u00fcks\u00e9ge van egy gyors bekapcsol\u00f3gombra a munk\u00e1hoz, vagy olyan felhaszn\u00e1l\u00f3, aki \u00e9rt\u00e9keli a megb\u00edzhat\u00f3 teljes\u00edtm\u00e9nyszab\u00e1lyoz\u00e1s k\u00e9nyelm\u00e9t, ez a k\u00e1bel biztos\u00edtja a sz\u00fcks\u00e9ges t\u00e1mogat\u00e1st. A telep\u00edt\u00e9s egyszer\u0171 az OEM-kialak\u00edt\u00e1snak k\u00f6sz\u00f6nhet\u0151en, amely illeszkedik a HP Compaq 6820s laptop eredeti alkatr\u00e9szeihez. Az eredeti HP alkatr\u00e9szek kiv\u00e1laszt\u00e1s\u00e1val laptopja t\u00e1pell\u00e1t\u00e1s\u00e1nak min\u0151s\u00e9g\u00e9be \u00e9s megb\u00edzhat\u00f3s\u00e1g\u00e1ba fektet be.<\/p>\n<p>Friss\u00edtse laptopja bekapcsol\u00f3gombj\u00e1t a HP Compaq 6820s bekapcsol\u00f3gomb k\u00e1bellel. \u00c9lvezze az \u00e9rz\u00e9keny \u00e9s megb\u00edzhat\u00f3 teljes\u00edtm\u00e9nyszab\u00e1lyoz\u00e1si \u00e9lm\u00e9nyt HP Compaq 6820s k\u00e9sz\u00fcl\u00e9k\u00e9n. Emelje fel felhaszn\u00e1l\u00f3i fel\u00fclet\u00e9t, \u00e9s hozza ki a legt\u00f6bbet laptopja funkci\u00f3ib\u00f3l ezzel a megb\u00edzhat\u00f3 \u00e9s hat\u00e9kony bekapcsol\u00f3gomb k\u00e1bellel.<\/p>\n<p>V\u00e1s\u00e1rl\u00e1s el\u0151tt ellen\u0151rizze, hogy kompatibilis-e az adott laptopmodellj\u00e9vel.<\/p>\n","protected":false},"excerpt":{"rendered":"<p>Fokozza a HP Compaq 6820s laptop bekapcsol\u00f3gomb funkci\u00f3it a HP Compaq 6820s bekapcsol\u00f3gomb k\u00e1bellel. \u00c9lvezze az \u00e9rz\u00e9keny \u00e9s megb\u00edzhat\u00f3 teljes\u00edtm\u00e9nyszab\u00e1lyoz\u00e1si \u00e9lm\u00e9nyt.<\/p>\n","protected":false},"featured_media":4151,"template":"","meta":[],"product_brand":[],"product_cat":[20],"product_tag":[25],"class_list":{"0":"post-4108","1":"product","2":"type-product","3":"status-publish","4":"has-post-thumbnail","6":"product_cat-cables","7":"product_tag-hp","9":"first","10":"instock","11":"taxable","12":"shipping-taxable","13":"purchasable","14":"product-type-simple"},"_links":{"self":[{"href":"https:\/\/boreait.com\/hu\/wp-json\/wp\/v2\/product\/4108","targetHints":{"allow":["GET"]}}],"collection":[{"href":"https:\/\/boreait.com\/hu\/wp-json\/wp\/v2\/product"}],"about":[{"href":"https:\/\/boreait.com\/hu\/wp-json\/wp\/v2\/types\/product"}],"wp:featuredmedia":[{"embeddable":true,"href":"https:\/\/boreait.com\/hu\/wp-json\/wp\/v2\/media\/4151"}],"wp:attachment":[{"href":"https:\/\/boreait.com\/hu\/wp-json\/wp\/v2\/media?parent=4108"}],"wp:term":[{"taxonomy":"product_brand","embeddable":true,"href":"https:\/\/boreait.com\/hu\/wp-json\/wp\/v2\/product_brand?post=4108"},{"taxonomy":"product_cat","embeddable":true,"href":"https:\/\/boreait.com\/hu\/wp-json\/wp\/v2\/product_cat?post=4108"},{"taxonomy":"product_tag","embeddable":true,"href":"https:\/\/boreait.com\/hu\/wp-json\/wp\/v2\/product_tag?post=4108"}],"curies":[{"name":"wp","href":"https:\/\/api.w.org\/{rel}","templated":true}]}}