{"id":4107,"date":"2025-09-17T10:50:59","date_gmt":"2025-09-17T08:50:59","guid":{"rendered":"https:\/\/boreait.com\/hu\/?post_type=product&#038;p=4107"},"modified":"2025-09-17T10:51:32","modified_gmt":"2025-09-17T08:51:32","slug":"hp-compaq-6820s-hatlap-6070b0212201","status":"publish","type":"product","link":"https:\/\/boreait.com\/hu\/termek\/hp-compaq-6820s-hatlap-6070b0212201\/","title":{"rendered":"HP Compaq 6820S h\u00e1tlap 6070B0212201"},"content":{"rendered":"<p>N\u00f6velje HP Compaq 6820S laptopja tart\u00f3ss\u00e1g\u00e1t \u00e9s eszt\u00e9tik\u00e1j\u00e1t a HP Compaq 6820S h\u00e1tlap cser\u00e9j\u00e9vel \u2013 6070B0212201. Ezt az eredeti csereburkolatot \u00fagy tervezt\u00e9k, hogy t\u00f6k\u00e9letes illeszked\u00e9st biztos\u00edtson, \u00e9s visszaadja laptopja eleg\u00e1ns, professzion\u00e1lis megjelen\u00e9s\u00e9t.<\/p>\n<p>A HP \u00e1ltal gy\u00e1rtott, megb\u00edzhat\u00f3 n\u00e9v a sz\u00e1m\u00edt\u00e1stechnik\u00e1ban, a HP Compaq 6820S h\u00e1tlap cser\u00e9je prec\u00edzen \u00e9s a r\u00e9szletekre val\u00f3 odafigyel\u00e9ssel k\u00e9sz\u00fclt. Megb\u00edzhat\u00f3 v\u00e9delmet ny\u00fajt a laptop k\u00e9nyes bels\u0151 alkatr\u00e9szei sz\u00e1m\u00e1ra, mik\u00f6zben jav\u00edtja annak \u00e1ltal\u00e1nos megjelen\u00e9s\u00e9t.<\/p>\n<p>Ha a jelenlegi h\u00e1tlapja megrepedt, megkarcol\u00f3dott vagy b\u00e1rmilyen m\u00f3don megs\u00e9r\u00fclt, okos v\u00e1laszt\u00e1s, ha lecser\u00e9li erre az eredeti HP alkatr\u00e9szre. A huzat kiv\u00e1l\u00f3 min\u0151s\u00e9g\u0171 anyagokb\u00f3l k\u00e9sz\u00fclt a hossz\u00fa \u00e9lettartam \u00e9rdek\u00e9ben, kialak\u00edt\u00e1sa pedig illeszkedik az eredetihez, biztos\u00edtva a z\u00f6kken\u0151mentes illeszked\u00e9st.<\/p>\n<p>A telep\u00edt\u00e9s egyszer\u0171, \u00edgy ez egy probl\u00e9mamentes bark\u00e1csprojekt.\u00a0 Legyen sz\u00f3 profir\u00f3l, akinek kifog\u00e1stalan laptopra van sz\u00fcks\u00e9ge a munk\u00e1hoz, vagy di\u00e1knak, aki meg akarja \u0151rizni k\u00e9sz\u00fcl\u00e9ke megjelen\u00e9s\u00e9t, ez a cserebor\u00edt\u00f3 biztosan megtal\u00e1lja a fedezetet.<\/p>\n<p>Friss\u00edtse HP Compaq 6820S laptopja megjelen\u00e9s\u00e9t \u00e9s v\u00e9delm\u00e9t a HP Compaq 6820S h\u00e1tlapj\u00e1nak cser\u00e9j\u00e9vel. \u00c9lvezze azt a laptopot, amely nem csak hib\u00e1tlanul m\u0171k\u00f6dik, hanem olyan j\u00f3l is n\u00e9z ki, mint az \u00faj.<\/p>\n<p>V\u00e1s\u00e1rl\u00e1s el\u0151tt ellen\u0151rizze, hogy kompatibilis-e az adott laptopmodellj\u00e9vel.<\/p>\n","protected":false},"excerpt":{"rendered":"<p>N\u00f6velje HP Compaq 6820S laptopja megjelen\u00e9s\u00e9t \u00e9s v\u00e9delm\u00e9t a HP Compaq 6820S h\u00e1tlap cser\u00e9j\u00e9vel. Ezzel az eredeti cserehuzattal \u00e1ll\u00edtsa vissza karcs\u00fa, professzion\u00e1lis megjelen\u00e9s\u00e9t.<\/p>\n","protected":false},"featured_media":4149,"template":"","meta":[],"product_brand":[],"product_cat":[16],"product_tag":[25],"class_list":{"0":"post-4107","1":"product","2":"type-product","3":"status-publish","4":"has-post-thumbnail","6":"product_cat-laptop-housing","7":"product_tag-hp","9":"first","10":"instock","11":"taxable","12":"shipping-taxable","13":"purchasable","14":"product-type-simple"},"_links":{"self":[{"href":"https:\/\/boreait.com\/hu\/wp-json\/wp\/v2\/product\/4107","targetHints":{"allow":["GET"]}}],"collection":[{"href":"https:\/\/boreait.com\/hu\/wp-json\/wp\/v2\/product"}],"about":[{"href":"https:\/\/boreait.com\/hu\/wp-json\/wp\/v2\/types\/product"}],"wp:featuredmedia":[{"embeddable":true,"href":"https:\/\/boreait.com\/hu\/wp-json\/wp\/v2\/media\/4149"}],"wp:attachment":[{"href":"https:\/\/boreait.com\/hu\/wp-json\/wp\/v2\/media?parent=4107"}],"wp:term":[{"taxonomy":"product_brand","embeddable":true,"href":"https:\/\/boreait.com\/hu\/wp-json\/wp\/v2\/product_brand?post=4107"},{"taxonomy":"product_cat","embeddable":true,"href":"https:\/\/boreait.com\/hu\/wp-json\/wp\/v2\/product_cat?post=4107"},{"taxonomy":"product_tag","embeddable":true,"href":"https:\/\/boreait.com\/hu\/wp-json\/wp\/v2\/product_tag?post=4107"}],"curies":[{"name":"wp","href":"https:\/\/api.w.org\/{rel}","templated":true}]}}