{"id":4106,"date":"2025-09-17T10:50:59","date_gmt":"2025-09-17T08:50:59","guid":{"rendered":"https:\/\/boreait.com\/hu\/?post_type=product&#038;p=4106"},"modified":"2025-09-17T10:51:28","modified_gmt":"2025-09-17T08:51:28","slug":"hp-compaq-6820s-kepernyopantok","status":"publish","type":"product","link":"https:\/\/boreait.com\/hu\/termek\/hp-compaq-6820s-kepernyopantok\/","title":{"rendered":"HP Compaq 6820s k\u00e9perny\u0151p\u00e1ntok"},"content":{"rendered":"<p>N\u00f6velje HP Compaq 6820s laptopja tart\u00f3ss\u00e1g\u00e1t \u00e9s funkcionalit\u00e1s\u00e1t a HP Compaq 6820s k\u00e9perny\u0151p\u00e1ntokkal. A laptop k\u00e9perny\u0151j\u00e9nek optim\u00e1lis t\u00e1mogat\u00e1s\u00e1ra kialak\u00edtott eredeti k\u00e9perny\u0151p\u00e1ntok robusztus fel\u00e9p\u00edt\u00e9st \u00e9s z\u00f6kken\u0151mentes integr\u00e1ci\u00f3t k\u00edn\u00e1lnak a jobb sz\u00e1m\u00edt\u00e1stechnikai \u00e9lm\u00e9ny \u00e9rdek\u00e9ben.<\/p>\n<p>A HP \u00e1ltal gy\u00e1rtott, megb\u00edzhat\u00f3 n\u00e9v a sz\u00e1m\u00edt\u00e1stechnik\u00e1ban, a HP Compaq 6820s k\u00e9perny\u0151p\u00e1ntok megb\u00edzhat\u00f3 teljes\u00edtm\u00e9nyt \u00e9s hossz\u00fa \u00e9lettartamot biztos\u00edtanak. Ezek a zsan\u00e9rok a laptop alapvet\u0151 alkot\u00f3elemeik\u00e9nt kulcsszerepet j\u00e1tszanak a kijelz\u0151 csatlakoztat\u00e1s\u00e1ban \u00e9s megt\u00e1maszt\u00e1s\u00e1ban, lehet\u0151v\u00e9 t\u00e9ve a laptop egyszer\u0171 kinyit\u00e1s\u00e1t \u00e9s z\u00e1r\u00e1s\u00e1t.<\/p>\n<p>Ak\u00e1r egy profi, aki a laptopj\u00e1ra t\u00e1maszkodik munk\u00e1ja sor\u00e1n, vagy egy di\u00e1k, akinek megb\u00edzhat\u00f3 eszk\u00f6zre van sz\u00fcks\u00e9ge tanulm\u00e1nyaihoz, ezek a k\u00e9perny\u0151p\u00e1ntok a sz\u00fcks\u00e9ges alapvet\u0151 t\u00e1mogat\u00e1st ny\u00fajtj\u00e1k. \u00dagy tervezt\u00e9k, hogy kib\u00edrj\u00e1k a mindennapi haszn\u00e1lat f\u00e1radalmait, biztos\u00edtva, hogy laptopja k\u00e9perny\u0151je biztons\u00e1gosan a hely\u00e9n maradjon.<\/p>\n<p>A telep\u00edt\u00e9s egyszer\u0171 az OEM-kialak\u00edt\u00e1snak k\u00f6sz\u00f6nhet\u0151en, amely illeszkedik a laptop eredeti alkatr\u00e9szeihez. Az eredeti HP alkatr\u00e9szek kiv\u00e1laszt\u00e1s\u00e1val laptopja k\u00e9perny\u0151t\u00e1mogat\u00e1s\u00e1nak min\u0151s\u00e9g\u00e9be \u00e9s megb\u00edzhat\u00f3s\u00e1g\u00e1ba fektet be.<\/p>\n<p>Friss\u00edtse laptopja k\u00e9perny\u0151-t\u00e1mogat\u00e1s\u00e1t a HP Compaq 6820s k\u00e9perny\u0151p\u00e1ntokkal. \u00c9lvezze a megn\u00f6velt tart\u00f3ss\u00e1got, funkcionalit\u00e1st \u00e9s nyugalmat annak tudat\u00e1ban, hogy laptopja k\u00e9perny\u0151je biztons\u00e1gosan van r\u00f6gz\u00edtve. N\u00f6velje sz\u00e1m\u00edt\u00e1stechnikai \u00e9lm\u00e9ny\u00e9t ezekkel a megb\u00edzhat\u00f3 \u00e9s hat\u00e9kony k\u00e9perny\u0151p\u00e1ntokkal.<\/p>\n<p>V\u00e1s\u00e1rl\u00e1s el\u0151tt ellen\u0151rizze, hogy kompatibilis-e az adott laptopmodellj\u00e9vel.<\/p>\n","protected":false},"excerpt":{"rendered":"<p>Fejlessze fel HP Compaq 6820s laptopj\u00e1t a HP Compaq 6820s k\u00e9perny\u0151p\u00e1ntokkal. Jav\u00edtsa a k\u00e9perny\u0151 t\u00e1mogat\u00e1s\u00e1t, a tart\u00f3ss\u00e1got \u00e9s a funkcionalit\u00e1st a jobb sz\u00e1m\u00edt\u00e1stechnikai \u00e9lm\u00e9ny \u00e9rdek\u00e9ben.<\/p>\n","protected":false},"featured_media":4148,"template":"","meta":[],"product_brand":[],"product_cat":[19],"product_tag":[25],"class_list":{"0":"post-4106","1":"product","2":"type-product","3":"status-publish","4":"has-post-thumbnail","6":"product_cat-screen-hinge","7":"product_tag-hp","9":"first","10":"instock","11":"taxable","12":"shipping-taxable","13":"purchasable","14":"product-type-simple"},"_links":{"self":[{"href":"https:\/\/boreait.com\/hu\/wp-json\/wp\/v2\/product\/4106","targetHints":{"allow":["GET"]}}],"collection":[{"href":"https:\/\/boreait.com\/hu\/wp-json\/wp\/v2\/product"}],"about":[{"href":"https:\/\/boreait.com\/hu\/wp-json\/wp\/v2\/types\/product"}],"wp:featuredmedia":[{"embeddable":true,"href":"https:\/\/boreait.com\/hu\/wp-json\/wp\/v2\/media\/4148"}],"wp:attachment":[{"href":"https:\/\/boreait.com\/hu\/wp-json\/wp\/v2\/media?parent=4106"}],"wp:term":[{"taxonomy":"product_brand","embeddable":true,"href":"https:\/\/boreait.com\/hu\/wp-json\/wp\/v2\/product_brand?post=4106"},{"taxonomy":"product_cat","embeddable":true,"href":"https:\/\/boreait.com\/hu\/wp-json\/wp\/v2\/product_cat?post=4106"},{"taxonomy":"product_tag","embeddable":true,"href":"https:\/\/boreait.com\/hu\/wp-json\/wp\/v2\/product_tag?post=4106"}],"curies":[{"name":"wp","href":"https:\/\/api.w.org\/{rel}","templated":true}]}}