{"id":4088,"date":"2025-09-17T10:50:35","date_gmt":"2025-09-17T08:50:35","guid":{"rendered":"https:\/\/boreait.com\/hu\/?post_type=product&#038;p=4088"},"modified":"2026-01-10T16:47:33","modified_gmt":"2026-01-10T15:47:33","slug":"hdd-laptop-merevlemez-fujitsu-mhy2250bh-ca06889-b30900c1-250gb-sata-457671-001","status":"publish","type":"product","link":"https:\/\/boreait.com\/hu\/termek\/hdd-laptop-merevlemez-fujitsu-mhy2250bh-ca06889-b30900c1-250gb-sata-457671-001\/","title":{"rendered":"HDD Laptop Merevlemez Fujitsu MHY2250BH CA06889-B30900C1 250GB SATA 457671-001"},"content":{"rendered":"<p>N\u00f6velje laptopja t\u00e1rol\u00f3kapacit\u00e1s\u00e1t a Fujitsu MHY2250BH CA06889-B30900C1 250 GB-os SATA 457671-001 laptop merevlemez-meghajt\u00f3val. A megb\u00edzhat\u00f3 \u00e9s hat\u00e9kony adatt\u00e1rol\u00e1sra tervezett eredeti Fujitsu merevlemez b\u0151s\u00e9ges helyet \u00e9s teljes\u00edtm\u00e9nyt biztos\u00edt az \u00d6n sz\u00e1m\u00edt\u00e1stechnikai ig\u00e9nyeinek.<\/p>\n<p>A Fujitsu, a t\u00e1rol\u00f3technol\u00f3gia neves neve \u00e1ltal k\u00e9sz\u00edtett MHY2250BH merevlemez-meghajt\u00f3 z\u00f6kken\u0151mentes integr\u00e1ci\u00f3t k\u00edn\u00e1l laptopj\u00e1val. A b\u0151s\u00e9ges, 250 GB kapacit\u00e1s\u00fa SATA-meghajt\u00f3 b\u0151s\u00e9ges helyet biztos\u00edt oper\u00e1ci\u00f3s rendszer\u00e9nek, alkalmaz\u00e1sainak, dokumentumoknak \u00e9s multim\u00e9di\u00e1s f\u00e1jljainak.<\/p>\n<p>Ak\u00e1r profi, akinek munk\u00e1val kapcsolatos adatok t\u00e1rol\u00e1s\u00e1ra van sz\u00fcks\u00e9ge, ak\u00e1r tanul\u00f3, akinek egyre t\u00f6bb dokumentum- \u00e9s adathordoz\u00f3-gy\u0171jtem\u00e9nye van, ez a merevlemez-meghajt\u00f3 mindenre k\u00e9pes. A SATA interf\u00e9sz biztos\u00edtja a kompatibilit\u00e1st a laptopok sz\u00e9les v\u00e1laszt\u00e9k\u00e1val \u00e9s gyors adat\u00e1tviteli sebess\u00e9get.<\/p>\n<p>A telep\u00edt\u00e9s egyszer\u0171, \u00e9s ez a meghajt\u00f3 alkalmas egy megl\u00e9v\u0151 meghajt\u00f3 helyettes\u00edt\u00e9s\u00e9re vagy friss\u00edt\u00e9sk\u00e9nt a t\u00e1rol\u00f3kapacit\u00e1s b\u0151v\u00edt\u00e9s\u00e9re. Az eredeti Fujitsu alkatr\u00e9szek kiv\u00e1laszt\u00e1s\u00e1val laptopja t\u00e1rol\u00e1s\u00e1nak min\u0151s\u00e9g\u00e9be \u00e9s megb\u00edzhat\u00f3s\u00e1g\u00e1ba fektet be.<\/p>\n<p>N\u00f6velje laptopja t\u00e1rol\u00f3kapacit\u00e1s\u00e1t a Fujitsu MHY2250BH CA06889-B30900C1 250 GB-os SATA 457671-001 merevlemez-meghajt\u00f3val. \u00c9lvezze a b\u0151s\u00e9ges helyet az adatok sz\u00e1m\u00e1ra, a z\u00f6kken\u0151mentes teljes\u00edtm\u00e9nyt \u00e9s a megb\u00edzhat\u00f3 t\u00e1rhelyet laptopj\u00e1n. N\u00f6velje sz\u00e1m\u00edt\u00e1stechnikai \u00e9lm\u00e9ny\u00e9t ezzel a megb\u00edzhat\u00f3 \u00e9s hat\u00e9kony merevlemez-meghajt\u00f3val.<\/p>\n<p>V\u00e1s\u00e1rl\u00e1s el\u0151tt ellen\u0151rizze, hogy kompatibilis-e az adott laptopmodellj\u00e9vel.<\/p>\n","protected":false},"excerpt":{"rendered":"<p>B\u0151v\u00edtse laptopja t\u00e1rhely\u00e9t a Fujitsu MHY2250BH CA06889-B30900C1 250 GB-os SATA 457671-001 merevlemez-meghajt\u00f3val. \u00c9lvezze a b\u0151s\u00e9ges helyet \u00e9s a megb\u00edzhat\u00f3 teljes\u00edtm\u00e9nyt sz\u00e1m\u00edt\u00e1stechnikai ig\u00e9nyeinek megfelel\u0151en.<\/p>\n","protected":false},"featured_media":4147,"template":"","meta":[],"product_brand":[],"product_cat":[61,31],"product_tag":[],"class_list":{"0":"post-4088","1":"product","2":"type-product","3":"status-publish","4":"has-post-thumbnail","6":"product_cat-2-5-hdd","7":"product_cat-ssd-hdd-drives","9":"first","10":"instock","11":"taxable","12":"shipping-taxable","13":"purchasable","14":"product-type-simple"},"_links":{"self":[{"href":"https:\/\/boreait.com\/hu\/wp-json\/wp\/v2\/product\/4088","targetHints":{"allow":["GET"]}}],"collection":[{"href":"https:\/\/boreait.com\/hu\/wp-json\/wp\/v2\/product"}],"about":[{"href":"https:\/\/boreait.com\/hu\/wp-json\/wp\/v2\/types\/product"}],"wp:featuredmedia":[{"embeddable":true,"href":"https:\/\/boreait.com\/hu\/wp-json\/wp\/v2\/media\/4147"}],"wp:attachment":[{"href":"https:\/\/boreait.com\/hu\/wp-json\/wp\/v2\/media?parent=4088"}],"wp:term":[{"taxonomy":"product_brand","embeddable":true,"href":"https:\/\/boreait.com\/hu\/wp-json\/wp\/v2\/product_brand?post=4088"},{"taxonomy":"product_cat","embeddable":true,"href":"https:\/\/boreait.com\/hu\/wp-json\/wp\/v2\/product_cat?post=4088"},{"taxonomy":"product_tag","embeddable":true,"href":"https:\/\/boreait.com\/hu\/wp-json\/wp\/v2\/product_tag?post=4088"}],"curies":[{"name":"wp","href":"https:\/\/api.w.org\/{rel}","templated":true}]}}