{"id":4086,"date":"2025-09-17T10:50:35","date_gmt":"2025-09-17T08:50:35","guid":{"rendered":"https:\/\/boreait.com\/hu\/?post_type=product&#038;p=4086"},"modified":"2026-01-10T16:47:18","modified_gmt":"2026-01-10T15:47:18","slug":"hp-15-r099sm-15-r-wifi-tokburkolat","status":"publish","type":"product","link":"https:\/\/boreait.com\/hu\/termek\/hp-15-r099sm-15-r-wifi-tokburkolat\/","title":{"rendered":"HP 15-r099sm 15-R WIFI tokburkolat"},"content":{"rendered":"<p>HP 15-r099sm 15-R eredeti WIFI-tokbor\u00edt\u00f3 \u2013 prec\u00edzi\u00f3s kialak\u00edt\u00e1s a t\u00f6k\u00e9letes illeszked\u00e9s \u00e9rdek\u00e9ben:<\/p>\n<p>Ha megb\u00edzhat\u00f3 \u00e9s val\u00f3di cser\u00e9t keres HP 15-r099sm 15-R laptopja WIFI tokj\u00e1hoz, akkor j\u00f3 helyen j\u00e1r. A prec\u00edzen megtervezett \u00e9s a tart\u00f3ss\u00e1gra k\u00e9sz\u00fclt WIFI tok biztos\u00edtja, hogy laptopja kiv\u00e1l\u00f3 \u00e1llapotban maradjon.<\/p>\n<p><strong>F\u0151bb jellemz\u0151k<\/strong>:<\/p>\n<ol>\n<li><strong>Optim\u00e1lis kapcsolat<\/strong>: Ez a burkolat t\u00f6k\u00e9letes kialak\u00edt\u00e1s\u00fa, \u00e9s nem akad\u00e1lyozza a WIFI jeler\u0151ss\u00e9g\u00e9t, \u00edgy egyenletes vezet\u00e9k n\u00e9lk\u00fcli kapcsolatot biztos\u00edt.<\/li>\n<li><strong>Eredeti HP min\u0151s\u00e9g<\/strong>: Eredeti HP alkatr\u00e9sz, amely t\u00f6k\u00e9letes illeszked\u00e9st \u00e9s optim\u00e1lis v\u00e9delmet biztos\u00edt. B\u00edzhat min\u0151s\u00e9g\u00e9ben, kialak\u00edt\u00e1s\u00e1ban \u00e9s tart\u00f3ss\u00e1g\u00e1ban.<\/li>\n<li><strong>Megv\u00e9di a bels\u0151 alkatr\u00e9szeket<\/strong>: Az eszt\u00e9tikai megjelen\u00e9s mellett ez a burkolat kulcsfontoss\u00e1g\u00fa szerepet j\u00e1tszik a bels\u0151 WIFI \u00f6sszetev\u0151k k\u00fcls\u0151 t\u00e9nyez\u0151k \u00e1ltal okozott esetleges k\u00e1rosod\u00e1sok elleni v\u00e9delm\u00e9ben.<\/li>\n<li><strong>Egyszer\u0171 telep\u00edt\u00e9s<\/strong>: A HP 15-r099sm 15-R k\u00e9sz\u00fcl\u00e9khez k\u00e9sz\u00fclt, \u00e9s probl\u00e9mamentes telep\u00edt\u00e9st biztos\u00edt. Ha r\u00e9gi vagy s\u00e9r\u00fclt alkatr\u00e9szt cser\u00e9l, ez a burkolat k\u00f6nnyed\u00e9n becs\u00faszik.<\/li>\n<li><strong>Eleg\u00e1ns diz\u00e1jn<\/strong>: illeszkedik HP laptopja eleg\u00e1ns diz\u00e1jnj\u00e1hoz, biztos\u00edtva, hogy az eszt\u00e9tika z\u00f6kken\u0151mentes maradjon.<\/li>\n<\/ol>\n<p>A HP 15-r099sm 15-R laptop integrit\u00e1s\u00e1nak \u00e9s funkcionalit\u00e1s\u00e1nak meg\u0151rz\u00e9se kulcsfontoss\u00e1g\u00fa, \u00e9s ez az eredeti WIFI-tok bor\u00edt\u00e1sa n\u00e9lk\u00fcl\u00f6zhetetlen laptop-alkatr\u00e9sz, amely seg\u00edt el\u00e9rni ezt. Ak\u00e1r egy r\u00e9gebbi k\u00e9sz\u00fcl\u00e9ket \u00faj\u00edt fel, ak\u00e1r egy s\u00e9r\u00fclt burkolatot cser\u00e9l ki, ez a term\u00e9k min\u0151s\u00e9get, illeszked\u00e9st \u00e9s m\u0171k\u00f6d\u00e9st \u00edg\u00e9r. Biztos\u00edtsa laptopja vezet\u00e9k n\u00e9lk\u00fcli k\u00e9pess\u00e9geit \u00e9s \u00e1ltal\u00e1nos eg\u00e9szs\u00e9g\u00e9t, ha ezt az eredeti HP WIFI-tokot v\u00e1lasztja.<\/p>\n","protected":false},"excerpt":{"rendered":"<p>Eredeti WIFI tokburkolat a HP 15-r099sm 15-R k\u00e9sz\u00fcl\u00e9khez: Biztos\u00edtsa az optim\u00e1lis vezet\u00e9k n\u00e9lk\u00fcli kapcsolatot \u00e9s v\u00e9dje a bels\u0151 alkatr\u00e9szeket ezzel az eredeti cserealkatr\u00e9szsel.<\/p>\n","protected":false},"featured_media":4133,"template":"","meta":[],"product_brand":[],"product_cat":[16],"product_tag":[25],"class_list":{"0":"post-4086","1":"product","2":"type-product","3":"status-publish","4":"has-post-thumbnail","6":"product_cat-laptop-housing","7":"product_tag-hp","9":"first","10":"instock","11":"taxable","12":"shipping-taxable","13":"purchasable","14":"product-type-simple"},"_links":{"self":[{"href":"https:\/\/boreait.com\/hu\/wp-json\/wp\/v2\/product\/4086","targetHints":{"allow":["GET"]}}],"collection":[{"href":"https:\/\/boreait.com\/hu\/wp-json\/wp\/v2\/product"}],"about":[{"href":"https:\/\/boreait.com\/hu\/wp-json\/wp\/v2\/types\/product"}],"wp:featuredmedia":[{"embeddable":true,"href":"https:\/\/boreait.com\/hu\/wp-json\/wp\/v2\/media\/4133"}],"wp:attachment":[{"href":"https:\/\/boreait.com\/hu\/wp-json\/wp\/v2\/media?parent=4086"}],"wp:term":[{"taxonomy":"product_brand","embeddable":true,"href":"https:\/\/boreait.com\/hu\/wp-json\/wp\/v2\/product_brand?post=4086"},{"taxonomy":"product_cat","embeddable":true,"href":"https:\/\/boreait.com\/hu\/wp-json\/wp\/v2\/product_cat?post=4086"},{"taxonomy":"product_tag","embeddable":true,"href":"https:\/\/boreait.com\/hu\/wp-json\/wp\/v2\/product_tag?post=4086"}],"curies":[{"name":"wp","href":"https:\/\/api.w.org\/{rel}","templated":true}]}}