{"id":4085,"date":"2025-09-17T10:50:35","date_gmt":"2025-09-17T08:50:35","guid":{"rendered":"https:\/\/boreait.com\/hu\/?post_type=product&#038;p=4085"},"modified":"2026-01-10T16:46:59","modified_gmt":"2026-01-10T15:46:59","slug":"hp-15-r099sm-meghajto-vedoburkolat","status":"publish","type":"product","link":"https:\/\/boreait.com\/hu\/termek\/hp-15-r099sm-meghajto-vedoburkolat\/","title":{"rendered":"HP 15-r099sm meghajt\u00f3 v\u00e9d\u0151burkolat"},"content":{"rendered":"<p>N\u00f6velje HP 15-r099sm laptopja v\u00e9delm\u00e9t \u00e9s eszt\u00e9tik\u00e1j\u00e1t a HP 15-r099sm meghajt\u00f3 v\u00e9d\u0151burkolattal. A laptop bels\u0151 meghajt\u00f3j\u00e1nak v\u00e9delm\u00e9re \u00e9s eleg\u00e1ns megjelen\u00e9s\u00e9nek meg\u0151rz\u00e9s\u00e9re tervezett eredeti HP bor\u00edt\u00f3v\u00e9d\u0151 a funkcionalit\u00e1s \u00e9s a st\u00edlus kombin\u00e1ci\u00f3j\u00e1t k\u00edn\u00e1lja. Kompatibilis: HP 15-R 15-G 250 255 256 G3 &#8211; V\u00e1s\u00e1rl\u00e1s el\u0151tt ellen\u0151rizze!<\/p>\n<p>A HP \u00e1ltal tervezett, megb\u00edzhat\u00f3 n\u00e9v a sz\u00e1m\u00edt\u00e1stechnik\u00e1ban, a HP 15-r099sm Drive Cover Guard t\u00f6k\u00e9letes illeszked\u00e9st biztos\u00edt laptopj\u00e1hoz. Alapvet\u0151 tartoz\u00e9kk\u00e9nt megv\u00e9di bels\u0151 meghajt\u00f3j\u00e1t a port\u00f3l, szennyez\u0151d\u00e9sekt\u0151l \u00e9s kisebb \u00fct\u00e9sekt\u0151l, seg\u00edt meghosszabb\u00edtani \u00e9lettartam\u00e1t \u00e9s fenntartani az optim\u00e1lis teljes\u00edtm\u00e9nyt.<\/p>\n<p>A v\u00e9d\u0151 funkci\u00f3ja mellett ez a meghajt\u00f3burkolat-v\u00e9d\u0151 hozz\u00e1j\u00e1rul laptopja \u00e1ltal\u00e1nos megjelen\u00e9s\u00e9hez. Z\u00f6kken\u0151mentesen illeszkedik a laptop diz\u00e1jnj\u00e1hoz, egy csipetnyi eleganci\u00e1t adva k\u00e9sz\u00fcl\u00e9k\u00e9hez. Legyen sz\u00f3 profir\u00f3l, aki \u00e9rt\u00e9keli a csiszolt megjelen\u00e9st, vagy egy felhaszn\u00e1l\u00f3, aki \u00e9rt\u00e9keli a tart\u00f3ss\u00e1got, ez a v\u00e9d\u0151burkolat biztos\u00edtja a sz\u00fcks\u00e9ges v\u00e9delmet \u00e9s st\u00edlust.<\/p>\n<p>A telep\u00edt\u00e9s gyerekj\u00e1t\u00e9k, k\u00f6sz\u00f6nhet\u0151en a prec\u00edzi\u00f3s kialak\u00edt\u00e1snak, amely illeszkedik a laptop eredeti alkatr\u00e9szeihez. Ha hiteles HP-tartoz\u00e9kot v\u00e1laszt, laptopja v\u00e9delm\u00e9be \u00e9s l\u00e1tv\u00e1nyoss\u00e1g\u00e1ba is fektet.<\/p>\n<p>N\u00f6velje laptopja v\u00e9delm\u00e9t \u00e9s eszt\u00e9tik\u00e1j\u00e1t a HP 15-r099sm Drive Cover Guard seg\u00edts\u00e9g\u00e9vel. Nyugodtan tudhatja meg, hogy bels\u0151 meghajt\u00f3ja v\u00e9dve van az esetleges k\u00e1rokt\u00f3l, mik\u00f6zben egy csipetnyi kifinomults\u00e1got ad HP 15-r099sm laptopj\u00e1hoz.<\/p>\n<p>V\u00e1s\u00e1rl\u00e1s el\u0151tt ellen\u0151rizze, hogy kompatibilis-e az adott laptopmodellj\u00e9vel.<\/p>\n","protected":false},"excerpt":{"rendered":"<p>Fokozza a v\u00e9delmet \u00e9s a st\u00edlust a HP 15-r099sm Drive Cover Guard seg\u00edts\u00e9g\u00e9vel. V\u00e9dje meg laptopja bels\u0151 meghajt\u00f3j\u00e1t, mik\u00f6zben eleg\u00e1ns megjelen\u00e9st ad.<\/p>\n","protected":false},"featured_media":4131,"template":"","meta":[],"product_brand":[],"product_cat":[16],"product_tag":[25],"class_list":{"0":"post-4085","1":"product","2":"type-product","3":"status-publish","4":"has-post-thumbnail","6":"product_cat-laptop-housing","7":"product_tag-hp","9":"first","10":"instock","11":"taxable","12":"shipping-taxable","13":"purchasable","14":"product-type-simple"},"_links":{"self":[{"href":"https:\/\/boreait.com\/hu\/wp-json\/wp\/v2\/product\/4085","targetHints":{"allow":["GET"]}}],"collection":[{"href":"https:\/\/boreait.com\/hu\/wp-json\/wp\/v2\/product"}],"about":[{"href":"https:\/\/boreait.com\/hu\/wp-json\/wp\/v2\/types\/product"}],"wp:featuredmedia":[{"embeddable":true,"href":"https:\/\/boreait.com\/hu\/wp-json\/wp\/v2\/media\/4131"}],"wp:attachment":[{"href":"https:\/\/boreait.com\/hu\/wp-json\/wp\/v2\/media?parent=4085"}],"wp:term":[{"taxonomy":"product_brand","embeddable":true,"href":"https:\/\/boreait.com\/hu\/wp-json\/wp\/v2\/product_brand?post=4085"},{"taxonomy":"product_cat","embeddable":true,"href":"https:\/\/boreait.com\/hu\/wp-json\/wp\/v2\/product_cat?post=4085"},{"taxonomy":"product_tag","embeddable":true,"href":"https:\/\/boreait.com\/hu\/wp-json\/wp\/v2\/product_tag?post=4085"}],"curies":[{"name":"wp","href":"https:\/\/api.w.org\/{rel}","templated":true}]}}