{"id":4084,"date":"2025-09-17T10:50:35","date_gmt":"2025-09-17T08:50:35","guid":{"rendered":"https:\/\/boreait.com\/hu\/?post_type=product&#038;p=4084"},"modified":"2025-09-17T10:51:16","modified_gmt":"2025-09-17T08:51:16","slug":"775087-001-ap14d000d00-eredeti-hp-alapburkolat-a-hp-15-r-15-g-250-255-256-g3-tipushoz","status":"publish","type":"product","link":"https:\/\/boreait.com\/hu\/termek\/775087-001-ap14d000d00-eredeti-hp-alapburkolat-a-hp-15-r-15-g-250-255-256-g3-tipushoz\/","title":{"rendered":"775087-001 AP14D000D00 EREDETI HP ALAPBURKOLAT A HP 15-R 15-G 250 255 256 G3 t\u00edpushoz"},"content":{"rendered":"<p>N\u00f6velje HP 15-G 15-G023CL laptopja v\u00e9delm\u00e9t \u00e9s eszt\u00e9tik\u00e1j\u00e1t a 775087-001 AP14D000D00 eredeti HP alapburkolattal. \u00dagy tervezt\u00e9k, hogy t\u00f6k\u00e9letes illeszked\u00e9st \u00e9s megb\u00edzhat\u00f3 tart\u00f3ss\u00e1got biztos\u00edtson, ez az eredeti alapburkolat jav\u00edtja laptopja \u00e1ltal\u00e1nos megjelen\u00e9s\u00e9t, mik\u00f6zben meg\u00f3vja alapvet\u0151 bels\u0151 alkatr\u00e9szeit. Kompatibilis: HP 15-R 15-G 250 255 256 G3 749643-001 HP 15 15-r104nf<\/p>\n<p>A HP, a sz\u00e1m\u00edt\u00e1stechnika megb\u00edzhat\u00f3 vezet\u0151je \u00e1ltal k\u00e9sz\u00edtett 775087-001 AP14D000D00 alapburkolat z\u00f6kken\u0151mentes integr\u00e1ci\u00f3t biztos\u00edt HP 15-G 15-G023CL laptopj\u00e1val. Kritikus elemk\u00e9nt ez az alapburkolat kulcsszerepet j\u00e1tszik a laptop bels\u0151 rendszereinek port\u00f3l, t\u00f6rmel\u00e9kt\u0151l \u00e9s kisebb \u00fct\u00e9sekt\u0151l val\u00f3 v\u00e9delm\u00e9ben.<\/p>\n<p>Ak\u00e1r egy profi, aki agg\u00f3dik laptopja hossz\u00fa \u00e9lettartama miatt, vagy olyan felhaszn\u00e1l\u00f3, aki \u00e9rt\u00e9keli az eleg\u00e1ns \u00e9s j\u00f3l karbantartott megjelen\u00e9st, ez az alapburkolat az \u00d6n \u00e1ltal k\u00edv\u00e1nt v\u00e9delmet \u00e9s eszt\u00e9tik\u00e1t k\u00edn\u00e1lja. Prec\u00edzi\u00f3s tervez\u00e9se \u00e9s robusztus fel\u00e9p\u00edt\u00e9se garant\u00e1lja a hossz\u00fa t\u00e1v\u00fa teljes\u00edtm\u00e9nyt.<\/p>\n<p>A telep\u00edt\u00e9s egyszer\u0171 az OEM-kialak\u00edt\u00e1snak k\u00f6sz\u00f6nhet\u0151en, amely t\u00f6k\u00e9letesen illeszkedik a laptop eredeti alkatr\u00e9szeihez. Az eredeti HP alkatr\u00e9szek kiv\u00e1laszt\u00e1s\u00e1val laptopja v\u00e9delm\u00e9nek \u00e9s megjelen\u00e9s\u00e9nek min\u0151s\u00e9g\u00e9be \u00e9s megb\u00edzhat\u00f3s\u00e1g\u00e1ba fektet be.<\/p>\n<p>N\u00f6velje laptopja v\u00e9delm\u00e9t \u00e9s eszt\u00e9tik\u00e1j\u00e1t a 775087-001 AP14D000D00 eredeti HP alapburkolattal. \u00c9lvezze az eleg\u00e1ns \u00e9s j\u00f3l karbantartott megjelen\u00e9st, mik\u00f6zben meg\u00f3vja HP \u200b\u200b15-G 15-G023CL laptopja bels\u0151 alkatr\u00e9szeit. N\u00f6velje sz\u00e1m\u00edt\u00e1stechnikai \u00e9lm\u00e9ny\u00e9t ezzel a megb\u00edzhat\u00f3 \u00e9s hat\u00e9kony alapburkolattal.<\/p>\n<p>V\u00e1s\u00e1rl\u00e1s el\u0151tt ellen\u0151rizze, hogy kompatibilis-e az adott laptopmodellj\u00e9vel.<\/p>\n","protected":false},"excerpt":{"rendered":"<p>Fokozza HP 15-G 15-G023CL laptopja v\u00e9delm\u00e9t \u00e9s eszt\u00e9tik\u00e1j\u00e1t a 775087-001 AP14D000D00 eredeti HP alapburkolattal. \u00c9lvezze az eleg\u00e1ns megjelen\u00e9st \u00e9s a megb\u00edzhat\u00f3 tart\u00f3ss\u00e1got.<\/p>\n","protected":false},"featured_media":4130,"template":"","meta":[],"product_brand":[],"product_cat":[16],"product_tag":[25],"class_list":{"0":"post-4084","1":"product","2":"type-product","3":"status-publish","4":"has-post-thumbnail","6":"product_cat-laptop-housing","7":"product_tag-hp","9":"first","10":"instock","11":"taxable","12":"shipping-taxable","13":"purchasable","14":"product-type-simple"},"_links":{"self":[{"href":"https:\/\/boreait.com\/hu\/wp-json\/wp\/v2\/product\/4084","targetHints":{"allow":["GET"]}}],"collection":[{"href":"https:\/\/boreait.com\/hu\/wp-json\/wp\/v2\/product"}],"about":[{"href":"https:\/\/boreait.com\/hu\/wp-json\/wp\/v2\/types\/product"}],"wp:featuredmedia":[{"embeddable":true,"href":"https:\/\/boreait.com\/hu\/wp-json\/wp\/v2\/media\/4130"}],"wp:attachment":[{"href":"https:\/\/boreait.com\/hu\/wp-json\/wp\/v2\/media?parent=4084"}],"wp:term":[{"taxonomy":"product_brand","embeddable":true,"href":"https:\/\/boreait.com\/hu\/wp-json\/wp\/v2\/product_brand?post=4084"},{"taxonomy":"product_cat","embeddable":true,"href":"https:\/\/boreait.com\/hu\/wp-json\/wp\/v2\/product_cat?post=4084"},{"taxonomy":"product_tag","embeddable":true,"href":"https:\/\/boreait.com\/hu\/wp-json\/wp\/v2\/product_tag?post=4084"}],"curies":[{"name":"wp","href":"https:\/\/api.w.org\/{rel}","templated":true}]}}