{"id":4082,"date":"2025-09-17T10:50:35","date_gmt":"2025-09-17T08:50:35","guid":{"rendered":"https:\/\/boreait.com\/hu\/?post_type=product&#038;p=4082"},"modified":"2025-09-17T10:51:12","modified_gmt":"2025-09-17T08:51:12","slug":"wlan-802-11-bgn-rl-hmc-1x1-690020-005","status":"publish","type":"product","link":"https:\/\/boreait.com\/hu\/termek\/wlan-802-11-bgn-rl-hmc-1x1-690020-005\/","title":{"rendered":"WLAN 802.11 BGN RL HMC 1&#215;1 690020-005"},"content":{"rendered":"<p>B\u0151v\u00edtse laptopja vezet\u00e9k n\u00e9lk\u00fcli kapcsolat\u00e1t a WLAN 802.11 BGN RL HMC 1&#215;1 690020-005 seg\u00edts\u00e9g\u00e9vel. A vezet\u00e9k n\u00e9lk\u00fcli \u00e9lm\u00e9ny optimaliz\u00e1l\u00e1s\u00e1ra k\u00e9sz\u00fclt, ez az eredeti vezet\u00e9k n\u00e9lk\u00fcli k\u00e1rtya megb\u00edzhat\u00f3 \u00e9s gyors csatlakoz\u00e1st k\u00edn\u00e1l a tov\u00e1bbfejlesztett sz\u00e1m\u00edt\u00e1stechnikai \u00e9lm\u00e9ny \u00e9rdek\u00e9ben.<\/p>\n<p>Az ipar\u00e1gi szabv\u00e1nyoknak megfelel\u0151en gy\u00e1rtott 690020-005 WLAN k\u00e1rtya t\u00e1mogatja a 802.11 b\/g\/n vezet\u00e9k n\u00e9lk\u00fcli szabv\u00e1nyokat, \u00edgy a Wi-Fi h\u00e1l\u00f3zatok sz\u00e9les sk\u00e1l\u00e1j\u00e1val kompatibilis. Ak\u00e1r az interneten kell b\u00f6ng\u00e9szni, ak\u00e1r tartalmat streamelni, ak\u00e1r m\u00e1s eszk\u00f6z\u00f6kh\u00f6z kapcsol\u00f3dni, ez a k\u00e1rtya biztos\u00edtja a k\u00edv\u00e1nt k\u00e9nyelmet \u00e9s sebess\u00e9get.<\/p>\n<p>A telep\u00edt\u00e9s egyszer\u0171 a HMC (Half Mini Card) form\u00e1j\u00e1nak k\u00f6sz\u00f6nhet\u0151en, amely illeszkedik a laptop eredeti alkatr\u00e9szeihez. Ha hiteles csereeszk\u00f6zt v\u00e1laszt, akkor laptopja vezet\u00e9k n\u00e9lk\u00fcli kapcsolat\u00e1nak min\u0151s\u00e9g\u00e9be \u00e9s megb\u00edzhat\u00f3s\u00e1g\u00e1ba fektet be.<\/p>\n<p>Friss\u00edtse laptopja vezet\u00e9k n\u00e9lk\u00fcli k\u00e9pess\u00e9geit a WLAN 802.11 BGN RL HMC 1&#215;1 690020-005 seg\u00edts\u00e9g\u00e9vel. \u00c9lvezze a gyors \u00e9s megb\u00edzhat\u00f3 vezet\u00e9k n\u00e9lk\u00fcli kapcsolatokat, a z\u00f6kken\u0151mentes b\u00f6ng\u00e9sz\u00e9st \u00e9s a hat\u00e9kony adat\u00e1tvitelt laptopj\u00e1n. N\u00f6velje sz\u00e1m\u00edt\u00e1stechnikai \u00e9lm\u00e9ny\u00e9t ezzel a megb\u00edzhat\u00f3 \u00e9s hat\u00e9kony WLAN-k\u00e1rty\u00e1val.<\/p>\n<p>V\u00e1s\u00e1rl\u00e1s el\u0151tt ellen\u0151rizze, hogy kompatibilis-e az adott laptopmodellj\u00e9vel.<\/p>\n","protected":false},"excerpt":{"rendered":"<p>Fokozza laptopja vezet\u00e9k n\u00e9lk\u00fcli kapcsolat\u00e1t a WLAN 802.11 BGN RL HMC 1&#215;1 690020-005 seg\u00edts\u00e9g\u00e9vel. \u00c9lvezze a gyors \u00e9s megb\u00edzhat\u00f3 Wi-Fi kapcsolatokat a jobb sz\u00e1m\u00edt\u00e1stechnikai \u00e9lm\u00e9ny \u00e9rdek\u00e9ben.<\/p>\n","protected":false},"featured_media":4127,"template":"","meta":[],"product_brand":[],"product_cat":[27],"product_tag":[25],"class_list":{"0":"post-4082","1":"product","2":"type-product","3":"status-publish","4":"has-post-thumbnail","6":"product_cat-motherboards-board-parts","7":"product_tag-hp","9":"first","10":"instock","11":"taxable","12":"shipping-taxable","13":"purchasable","14":"product-type-simple"},"_links":{"self":[{"href":"https:\/\/boreait.com\/hu\/wp-json\/wp\/v2\/product\/4082","targetHints":{"allow":["GET"]}}],"collection":[{"href":"https:\/\/boreait.com\/hu\/wp-json\/wp\/v2\/product"}],"about":[{"href":"https:\/\/boreait.com\/hu\/wp-json\/wp\/v2\/types\/product"}],"wp:featuredmedia":[{"embeddable":true,"href":"https:\/\/boreait.com\/hu\/wp-json\/wp\/v2\/media\/4127"}],"wp:attachment":[{"href":"https:\/\/boreait.com\/hu\/wp-json\/wp\/v2\/media?parent=4082"}],"wp:term":[{"taxonomy":"product_brand","embeddable":true,"href":"https:\/\/boreait.com\/hu\/wp-json\/wp\/v2\/product_brand?post=4082"},{"taxonomy":"product_cat","embeddable":true,"href":"https:\/\/boreait.com\/hu\/wp-json\/wp\/v2\/product_cat?post=4082"},{"taxonomy":"product_tag","embeddable":true,"href":"https:\/\/boreait.com\/hu\/wp-json\/wp\/v2\/product_tag?post=4082"}],"curies":[{"name":"wp","href":"https:\/\/api.w.org\/{rel}","templated":true}]}}