{"id":4080,"date":"2025-09-17T10:50:34","date_gmt":"2025-09-17T08:50:34","guid":{"rendered":"https:\/\/boreait.com\/hu\/?post_type=product&#038;p=4080"},"modified":"2025-09-17T10:51:08","modified_gmt":"2025-09-17T08:51:08","slug":"hp-15-g-15-r-15-g094sa-erintopad-gombkartya-es-ls-a992p-kabel","status":"publish","type":"product","link":"https:\/\/boreait.com\/hu\/termek\/hp-15-g-15-r-15-g094sa-erintopad-gombkartya-es-ls-a992p-kabel\/","title":{"rendered":"HP 15-G 15-R 15-G094SA \u00e9rint\u0151pad gombk\u00e1rtya \u00e9s LS-A992P k\u00e1bel"},"content":{"rendered":"<p>Fokozza HP 15-G 15-G094SA laptopja funkcionalit\u00e1s\u00e1t a HP LS-A992P \u00e9rint\u0151pad gombk\u00e1rty\u00e1j\u00e1val \u00e9s k\u00e1bel\u00e9vel. A laptop \u00e9rint\u0151padj\u00e1nak \u00e9s gombjainak optimaliz\u00e1l\u00e1s\u00e1ra tervezt\u00e9k, ez az eredeti HP-komponens z\u00f6kken\u0151mentes integr\u00e1ci\u00f3t \u00e9s jobb haszn\u00e1lhat\u00f3s\u00e1got biztos\u00edt a jobb sz\u00e1m\u00edt\u00e1stechnikai \u00e9lm\u00e9ny \u00e9rdek\u00e9ben.<\/p>\n<p>A HP, a sz\u00e1m\u00edt\u00e1stechnika megb\u00edzhat\u00f3 vezet\u0151 gy\u00e1rt\u00f3ja \u00e1ltal megalkotott LS-A992P \u00e9rint\u0151pad gombk\u00e1rty\u00e1t \u00e9s k\u00e1belt \u00fagy tervezt\u00e9k, hogy megb\u00edzhat\u00f3 \u00e9rint\u0151pad \u00e9s gombfunkci\u00f3kat biztos\u00edtson. A laptop bemeneti rendszer\u00e9nek alapvet\u0151 elemeik\u00e9nt ez a k\u00e1rtya \u00e9s k\u00e1belk\u00e9szlet kulcsfontoss\u00e1g\u00fa szerepet j\u00e1tszik a laptop haszn\u00e1lhat\u00f3s\u00e1g\u00e1nak \u00e9s reag\u00e1l\u00f3k\u00e9pess\u00e9g\u00e9nek jav\u00edt\u00e1s\u00e1ban.<\/p>\n<p>Ak\u00e1r dokumentumok k\u00f6z\u00f6tt navig\u00e1l, b\u00f6ng\u00e9szik az interneten, vagy k\u00fcl\u00f6nf\u00e9le sz\u00e1m\u00edt\u00e1stechnikai feladatokat v\u00e9gez, ez az \u00e9rint\u0151pad gombpanel \u00e9s k\u00e1belk\u00e9szlet az \u00d6n \u00e1ltal elv\u00e1rt k\u00e9nyelmet \u00e9s hat\u00e9konys\u00e1got biztos\u00edtja. Az \u00e9rint\u0151pad prec\u00edz kurzorvez\u00e9rl\u00e9st tesz lehet\u0151v\u00e9, m\u00edg a gombok tapinthat\u00f3 visszajelz\u00e9st adnak a z\u00f6kken\u0151mentes m\u0171k\u00f6d\u00e9s \u00e9rdek\u00e9ben.<\/p>\n<p>A telep\u00edt\u00e9s egyszer\u0171 az OEM-kialak\u00edt\u00e1snak k\u00f6sz\u00f6nhet\u0151en, amely illeszkedik a laptop eredeti alkatr\u00e9szeihez. Az eredeti HP alkatr\u00e9szek kiv\u00e1laszt\u00e1s\u00e1val laptopja beviteli rendszer\u00e9nek min\u0151s\u00e9g\u00e9be \u00e9s megb\u00edzhat\u00f3s\u00e1g\u00e1ba fektet be.<\/p>\n<p>Friss\u00edtse laptopja \u00e9rint\u0151pad- \u00e9s gombfunkci\u00f3it a HP LS-A992P \u00e9rint\u0151pad gombk\u00e1rty\u00e1val \u00e9s -k\u00e1bellel. \u00c9lvezze a tov\u00e1bbfejlesztett navig\u00e1ci\u00f3t, a prec\u00edz kurzorvez\u00e9rl\u00e9st \u00e9s a tov\u00e1bbfejlesztett haszn\u00e1lhat\u00f3s\u00e1got HP 15-G 15-G094SA laptopj\u00e1n. N\u00f6velje sz\u00e1m\u00edt\u00e1stechnikai \u00e9lm\u00e9ny\u00e9t ezzel a megb\u00edzhat\u00f3 \u00e9s hat\u00e9kony k\u00e1rtya- \u00e9s k\u00e1belk\u00e9szlettel.<\/p>\n<p>V\u00e1s\u00e1rl\u00e1s el\u0151tt ellen\u0151rizze, hogy kompatibilis-e az adott laptopmodellj\u00e9vel.<\/p>\n","protected":false},"excerpt":{"rendered":"<p>N\u00f6velje HP 15-G 15-G094SA laptopja \u00e9rint\u0151padj\u00e1nak \u00e9s gombjainak teljes\u00edtm\u00e9ny\u00e9t a HP LS-A992P \u00e9rint\u0151pad gombk\u00e1rty\u00e1j\u00e1val \u00e9s k\u00e1bel\u00e9vel. \u00c9lvezze a tov\u00e1bbfejlesztett navig\u00e1ci\u00f3t \u00e9s a jobb haszn\u00e1lhat\u00f3s\u00e1got.<\/p>\n","protected":false},"featured_media":4123,"template":"","meta":[],"product_brand":[],"product_cat":[27],"product_tag":[25],"class_list":{"0":"post-4080","1":"product","2":"type-product","3":"status-publish","4":"has-post-thumbnail","6":"product_cat-motherboards-board-parts","7":"product_tag-hp","9":"first","10":"instock","11":"taxable","12":"shipping-taxable","13":"purchasable","14":"product-type-simple"},"_links":{"self":[{"href":"https:\/\/boreait.com\/hu\/wp-json\/wp\/v2\/product\/4080","targetHints":{"allow":["GET"]}}],"collection":[{"href":"https:\/\/boreait.com\/hu\/wp-json\/wp\/v2\/product"}],"about":[{"href":"https:\/\/boreait.com\/hu\/wp-json\/wp\/v2\/types\/product"}],"wp:featuredmedia":[{"embeddable":true,"href":"https:\/\/boreait.com\/hu\/wp-json\/wp\/v2\/media\/4123"}],"wp:attachment":[{"href":"https:\/\/boreait.com\/hu\/wp-json\/wp\/v2\/media?parent=4080"}],"wp:term":[{"taxonomy":"product_brand","embeddable":true,"href":"https:\/\/boreait.com\/hu\/wp-json\/wp\/v2\/product_brand?post=4080"},{"taxonomy":"product_cat","embeddable":true,"href":"https:\/\/boreait.com\/hu\/wp-json\/wp\/v2\/product_cat?post=4080"},{"taxonomy":"product_tag","embeddable":true,"href":"https:\/\/boreait.com\/hu\/wp-json\/wp\/v2\/product_tag?post=4080"}],"curies":[{"name":"wp","href":"https:\/\/api.w.org\/{rel}","templated":true}]}}