{"id":4079,"date":"2025-09-17T10:50:34","date_gmt":"2025-09-17T08:50:34","guid":{"rendered":"https:\/\/boreait.com\/hu\/?post_type=product&#038;p=4079"},"modified":"2025-09-17T10:51:06","modified_gmt":"2025-09-17T08:51:06","slug":"hp-778186-005-697243-001-500-gb-sata-2-5-merevlemez-toshiba-mq01abf050","status":"publish","type":"product","link":"https:\/\/boreait.com\/hu\/termek\/hp-778186-005-697243-001-500-gb-sata-2-5-merevlemez-toshiba-mq01abf050\/","title":{"rendered":"HP 778186-005 697243-001 500 GB SATA 2.5 MEREVLEMEZ TOSHIBA MQ01ABF050"},"content":{"rendered":"<p>B\u0151v\u00edtse t\u00e1rol\u00f3kapacit\u00e1s\u00e1t a HP 778186-005 697243-001 500 GB-os SATA 2.5 merevlemezzel, amely a Toshiba MQ01ABF050-et tartalmazza. Ez az eredeti HP merevlemez b\u0151s\u00e9ges helyet k\u00edn\u00e1l a f\u00e1jloknak, alkalmaz\u00e1soknak \u00e9s adatoknak, valamint megb\u00edzhat\u00f3 teljes\u00edtm\u00e9nyt \u00e9s kompatibilit\u00e1st.<\/p>\n<p>A HP 778186-005 697243-001 merevlemez a Toshiba MQ01ABF050 technol\u00f3gi\u00e1j\u00e1val van felszerelve, amely a tart\u00f3ss\u00e1g\u00e1r\u00f3l \u00e9s hat\u00e9konys\u00e1g\u00e1r\u00f3l ismert. Az 500 GB-os t\u00e1rol\u00f3kapacit\u00e1snak k\u00f6sz\u00f6nhet\u0151en hatalmas mennyis\u00e9g\u0171 dokumentumot, fot\u00f3t, vide\u00f3t \u00e9s egyebeket t\u00e1rolhat, \u00edgy kiv\u00e1l\u00f3 v\u00e1laszt\u00e1s laptopja t\u00e1rhely\u00e9nek b\u0151v\u00edt\u00e9s\u00e9re vagy egy r\u00e9gi meghajt\u00f3 cser\u00e9j\u00e9re.<\/p>\n<p>A SATA interf\u00e9sz egyszer\u0171 telep\u00edt\u00e9st \u00e9s kompatibilit\u00e1st biztos\u00edt laptopok \u00e9s eszk\u00f6z\u00f6k sz\u00e9les v\u00e1laszt\u00e9k\u00e1val. Ak\u00e1r profi, akinek tov\u00e1bbi t\u00e1rhelyre van sz\u00fcks\u00e9ge a munk\u00e1val kapcsolatos f\u00e1jljaihoz, vagy egy h\u00e9tk\u00f6znapi felhaszn\u00e1l\u00f3, aki t\u00f6bb helyet keres multim\u00e9di\u00e1s gy\u0171jtem\u00e9ny\u00e9hez, ez a merevlemez biztos\u00edtja a sz\u00fcks\u00e9ges sokoldal\u00fas\u00e1got.<\/p>\n<p>A telep\u00edt\u00e9s egyszer\u0171, \u00edgy ide\u00e1lis v\u00e1laszt\u00e1s mind a technik\u00e1ban j\u00e1rtas egy\u00e9nek, mind a hardverfriss\u00edt\u00e9seket kezd\u0151k sz\u00e1m\u00e1ra.<\/p>\n<p>N\u00f6velje t\u00e1rol\u00f3kapacit\u00e1s\u00e1t, n\u00f6velje a teljes\u00edtm\u00e9nyt \u00e9s biztos\u00edtsa az adatok megb\u00edzhat\u00f3s\u00e1g\u00e1t ezzel az eredeti HP merevlemezzel, amely a Toshiba MQ01ABF050-et tartalmazza. \u00c9lvezze a megn\u00f6vekedett t\u00e1rhely el\u0151nyeit \u00e9s azt a nyugalmat, amely azzal j\u00e1r, ha megb\u00edzhat\u00f3 m\u00e1rk\u00e1t v\u00e1laszt t\u00e1rol\u00e1si ig\u00e9nyeihez.<\/p>\n<p>V\u00e1s\u00e1rl\u00e1s el\u0151tt ellen\u0151rizze, hogy kompatibilis-e az adott laptopj\u00e1val vagy eszk\u00f6zmodellj\u00e9vel.<\/p>\n","protected":false},"excerpt":{"rendered":"<p>B\u0151v\u00edtse laptopja t\u00e1rhely\u00e9t a HP 778186-005 697243-001 500 GB-os SATA 2.5 merevlemezzel, amely Toshiba MQ01ABF050-et tartalmaz. \u00c9lvezze a b\u0151s\u00e9ges t\u00e1rhelyet \u00e9s a megb\u00edzhat\u00f3 teljes\u00edtm\u00e9nyt.<\/p>\n","protected":false},"featured_media":4122,"template":"","meta":[],"product_brand":[],"product_cat":[61,31],"product_tag":[],"class_list":{"0":"post-4079","1":"product","2":"type-product","3":"status-publish","4":"has-post-thumbnail","6":"product_cat-2-5-hdd","7":"product_cat-ssd-hdd-drives","9":"first","10":"instock","11":"taxable","12":"shipping-taxable","13":"purchasable","14":"product-type-simple"},"_links":{"self":[{"href":"https:\/\/boreait.com\/hu\/wp-json\/wp\/v2\/product\/4079","targetHints":{"allow":["GET"]}}],"collection":[{"href":"https:\/\/boreait.com\/hu\/wp-json\/wp\/v2\/product"}],"about":[{"href":"https:\/\/boreait.com\/hu\/wp-json\/wp\/v2\/types\/product"}],"wp:featuredmedia":[{"embeddable":true,"href":"https:\/\/boreait.com\/hu\/wp-json\/wp\/v2\/media\/4122"}],"wp:attachment":[{"href":"https:\/\/boreait.com\/hu\/wp-json\/wp\/v2\/media?parent=4079"}],"wp:term":[{"taxonomy":"product_brand","embeddable":true,"href":"https:\/\/boreait.com\/hu\/wp-json\/wp\/v2\/product_brand?post=4079"},{"taxonomy":"product_cat","embeddable":true,"href":"https:\/\/boreait.com\/hu\/wp-json\/wp\/v2\/product_cat?post=4079"},{"taxonomy":"product_tag","embeddable":true,"href":"https:\/\/boreait.com\/hu\/wp-json\/wp\/v2\/product_tag?post=4079"}],"curies":[{"name":"wp","href":"https:\/\/api.w.org\/{rel}","templated":true}]}}