{"id":4078,"date":"2025-09-17T10:50:34","date_gmt":"2025-09-17T08:50:34","guid":{"rendered":"https:\/\/boreait.com\/hu\/?post_type=product&#038;p=4078"},"modified":"2026-01-10T16:46:42","modified_gmt":"2026-01-10T15:46:42","slug":"hp-15-g-15-r-15-r221tx-eseten-bekapcsolo-gomb-kikapcsolas-kartya-w-kabel-ls-a991p","status":"publish","type":"product","link":"https:\/\/boreait.com\/hu\/termek\/hp-15-g-15-r-15-r221tx-eseten-bekapcsolo-gomb-kikapcsolas-kartya-w-kabel-ls-a991p\/","title":{"rendered":"HP 15-G 15-R 15-R221TX eset\u00e9n Bekapcsol\u00f3 gomb Kikapcsol\u00e1s k\u00e1rtya W k\u00e1bel LS-A991P"},"content":{"rendered":"<p>Fokozza HP 15-G, 15-R vagy 15-R221TX laptopja funkcionalit\u00e1s\u00e1t a HP bekapcsol\u00f3gombos be-\/kikapcsol\u00f3 LS-A991P k\u00e1rtya W-k\u00e1bellel. Ez az eredeti k\u00e1beles cserek\u00e1rtya c\u00e9lja, hogy optimaliz\u00e1lja laptopja bekapcsol\u00f3gombj\u00e1nak m\u0171k\u00f6d\u00e9s\u00e9t, biztos\u00edtva a z\u00f6kken\u0151mentes integr\u00e1ci\u00f3t \u00e9s a jobb haszn\u00e1lhat\u00f3s\u00e1got a jobb sz\u00e1m\u00edt\u00e1stechnikai \u00e9lm\u00e9ny \u00e9rdek\u00e9ben.<\/p>\n<p>A HP, a sz\u00e1m\u00edt\u00e1stechnika megb\u00edzhat\u00f3 vezet\u0151 gy\u00e1rt\u00f3ja \u00e1ltal megalkotott, LS-A991P k\u00e1bellel ell\u00e1tott HP bekapcsol\u00f3gombos be- \u00e9s kikapcsol\u00f3k\u00e1rty\u00e1t \u00fagy tervezt\u00e9k, hogy megb\u00edzhat\u00f3 teljes\u00edtm\u00e9nyszab\u00e1lyoz\u00e1si k\u00e9pess\u00e9geket biztos\u00edtson. A laptop bels\u0151 rendszereinek alapvet\u0151 elemek\u00e9nt ez a k\u00e1rtya- \u00e9s k\u00e1belk\u00e9szlet kulcsszerepet j\u00e1tszik a bekapcsol\u00f3gomb megfelel\u0151 m\u0171k\u00f6d\u00e9s\u00e9nek biztos\u00edt\u00e1s\u00e1ban.<\/p>\n<p>Ak\u00e1r be kell kapcsolnia laptopj\u00e1t, ak\u00e1r kecses le\u00e1ll\u00edt\u00e1st kell kezdem\u00e9nyeznie, ak\u00e1r alv\u00f3 m\u00f3dot kell v\u00e1ltania, ez a k\u00e1beles cserek\u00e1rtya az \u00d6n \u00e1ltal elv\u00e1rt k\u00e9nyelmet \u00e9s hat\u00e9konys\u00e1got biztos\u00edtja. Lehet\u0151v\u00e9 teszi a laptop energiaell\u00e1t\u00e1si funkci\u00f3inak prec\u00edz vez\u00e9rl\u00e9s\u00e9t, hozz\u00e1j\u00e1rulva a g\u00f6rd\u00fcl\u00e9kenyebb \u00e9s felhaszn\u00e1l\u00f3bar\u00e1tabb \u00e9lm\u00e9nyhez.<\/p>\n<p>A telep\u00edt\u00e9s egyszer\u0171 a laptop eredeti alkatr\u00e9szeihez igazod\u00f3 kialak\u00edt\u00e1snak k\u00f6sz\u00f6nhet\u0151en. Az eredeti HP alkatr\u00e9szek kiv\u00e1laszt\u00e1s\u00e1val laptopja energiagazd\u00e1lkod\u00e1s\u00e1nak min\u0151s\u00e9g\u00e9be \u00e9s megb\u00edzhat\u00f3s\u00e1g\u00e1ba fektet be.<\/p>\n<p>Friss\u00edtse laptopja bekapcsol\u00f3gombj\u00e1nak funkci\u00f3it a HP bekapcsol\u00f3gomb be-\/kikapcsol\u00f3 k\u00e1rtya LS-A991P k\u00e1bel\u00e9vel. \u00c9lvezze a tov\u00e1bbfejlesztett vez\u00e9rl\u00e9st, a z\u00f6kken\u0151mentes energiagazd\u00e1lkod\u00e1st \u00e9s a fokozott haszn\u00e1lhat\u00f3s\u00e1got HP 15-G, 15-R vagy 15-R221TX laptopj\u00e1n. N\u00f6velje sz\u00e1m\u00edt\u00e1stechnikai \u00e9lm\u00e9ny\u00e9t ezzel a megb\u00edzhat\u00f3 \u00e9s hat\u00e9kony cserek\u00e1rty\u00e1val \u00e9s k\u00e1bellel.<\/p>\n<p>V\u00e1s\u00e1rl\u00e1s el\u0151tt ellen\u0151rizze, hogy kompatibilis-e az adott laptopmodellj\u00e9vel.<\/p>\n","protected":false},"excerpt":{"rendered":"<p>N\u00f6velje HP 15-G, 15-R vagy 15-R221TX laptopja bekapcsol\u00f3gomb-funkci\u00f3it a HP be-\/kikapcsol\u00f3 gomb LS-A991P W-k\u00e1bellel. \u00c9lvezze a jobb teljes\u00edtm\u00e9nyszab\u00e1lyoz\u00e1st \u00e9s haszn\u00e1lhat\u00f3s\u00e1got.<\/p>\n","protected":false},"featured_media":4120,"template":"","meta":[],"product_brand":[],"product_cat":[27],"product_tag":[25],"class_list":{"0":"post-4078","1":"product","2":"type-product","3":"status-publish","4":"has-post-thumbnail","6":"product_cat-motherboards-board-parts","7":"product_tag-hp","9":"first","10":"instock","11":"taxable","12":"shipping-taxable","13":"purchasable","14":"product-type-simple"},"_links":{"self":[{"href":"https:\/\/boreait.com\/hu\/wp-json\/wp\/v2\/product\/4078","targetHints":{"allow":["GET"]}}],"collection":[{"href":"https:\/\/boreait.com\/hu\/wp-json\/wp\/v2\/product"}],"about":[{"href":"https:\/\/boreait.com\/hu\/wp-json\/wp\/v2\/types\/product"}],"wp:featuredmedia":[{"embeddable":true,"href":"https:\/\/boreait.com\/hu\/wp-json\/wp\/v2\/media\/4120"}],"wp:attachment":[{"href":"https:\/\/boreait.com\/hu\/wp-json\/wp\/v2\/media?parent=4078"}],"wp:term":[{"taxonomy":"product_brand","embeddable":true,"href":"https:\/\/boreait.com\/hu\/wp-json\/wp\/v2\/product_brand?post=4078"},{"taxonomy":"product_cat","embeddable":true,"href":"https:\/\/boreait.com\/hu\/wp-json\/wp\/v2\/product_cat?post=4078"},{"taxonomy":"product_tag","embeddable":true,"href":"https:\/\/boreait.com\/hu\/wp-json\/wp\/v2\/product_tag?post=4078"}],"curies":[{"name":"wp","href":"https:\/\/api.w.org\/{rel}","templated":true}]}}