{"id":4076,"date":"2025-09-17T10:50:34","date_gmt":"2025-09-17T08:50:34","guid":{"rendered":"https:\/\/boreait.com\/hu\/?post_type=product&#038;p=4076"},"modified":"2026-01-10T16:46:26","modified_gmt":"2026-01-10T15:46:26","slug":"hp-15-g-15-r-15-h-15-t-250-g3-255-g3-billentyuzettarto-billentyuzettarto","status":"publish","type":"product","link":"https:\/\/boreait.com\/hu\/termek\/hp-15-g-15-r-15-h-15-t-250-g3-255-g3-billentyuzettarto-billentyuzettarto\/","title":{"rendered":"HP 15-G 15-R 15-H 15-T 250 G3 255 G3 billenty\u0171zettart\u00f3 \/ billenty\u0171zettart\u00f3"},"content":{"rendered":"<p>N\u00f6velje HP 15-r099sm laptopja haszn\u00e1lhat\u00f3s\u00e1g\u00e1t \u00e9s funkcionalit\u00e1s\u00e1t a HP 15-r099sm billenty\u0171zettart\u00f3val. Kompatibilis a HP 15-G 15-R 15-H 15-T 250 G3 255 G3 k\u00e9sz\u00fcl\u00e9kkel is. Ezt az eredeti billenty\u0171zettart\u00f3t \u00fagy tervezt\u00e9k, hogy r\u00f6gz\u00edtse \u00e9s t\u00e1mogassa laptopja billenty\u0171zet\u00e9t, biztos\u00edtva, hogy haszn\u00e1lat k\u00f6zben is stabil maradjon.<\/p>\n<p>A HP \u00e1ltal megalkotott, megb\u00edzhat\u00f3 n\u00e9v a sz\u00e1m\u00edt\u00e1stechnik\u00e1ban, a HP 15-r099sm billenty\u0171zettart\u00f3t \u00fagy tervezt\u00e9k, hogy z\u00f6kken\u0151mentesen integr\u00e1lhat\u00f3 legyen laptopj\u00e1val. Biztons\u00e1gos alapot biztos\u00edt a billenty\u0171zet sz\u00e1m\u00e1ra, megakad\u00e1lyozza a nem k\u00edv\u00e1nt mozg\u00e1st \u00e9s k\u00e9nyelmes g\u00e9pel\u00e9st biztos\u00edt.<\/p>\n<p>Ak\u00e1r egy profi, aki \u00f3r\u00e1kig g\u00e9pel, vagy egy tanul\u00f3, aki feladatokat hajt v\u00e9gre, ez a billenty\u0171zettart\u00f3 biztos\u00edtja a sz\u00fcks\u00e9ges stabilit\u00e1st. Seg\u00edt meg\u0151rizni a laptop billenty\u0171zet\u00e9nek integrit\u00e1s\u00e1t, megakad\u00e1lyozza a hajl\u00edt\u00e1st, \u00e9s biztos\u00edtja a konzisztens gombnyom\u00e1s-v\u00e1laszt.<\/p>\n<p>A telep\u00edt\u00e9s egyszer\u0171, k\u00f6sz\u00f6nhet\u0151en a prec\u00edz kialak\u00edt\u00e1snak, amely t\u00f6k\u00e9letesen illeszkedik a laptop eredeti alkatr\u00e9szeihez.\u00a0 Eredeti HP-alkatr\u00e9szek v\u00e1laszt\u00e1s\u00e1val laptopja billenty\u0171zett\u00e1mogat\u00e1s\u00e1nak min\u0151s\u00e9g\u00e9be \u00e9s megb\u00edzhat\u00f3s\u00e1g\u00e1ba fektet be.<\/p>\n<p>Friss\u00edtse laptopja billenty\u0171zet-t\u00e1mogat\u00e1s\u00e1t a HP 15-r099sm billenty\u0171zettart\u00f3val. \u00c9lvezze a stabil \u00e9s k\u00e9nyelmes g\u00e9pel\u00e9si \u00e9lm\u00e9nyt, ak\u00e1r fontos dokumentumokon dolgozik, ak\u00e1r egyszer\u0171en az interneten b\u00f6ng\u00e9szik. N\u00f6velje laptopja haszn\u00e1lhat\u00f3s\u00e1g\u00e1t ezzel a megb\u00edzhat\u00f3 \u00e9s hat\u00e9kony billenty\u0171zettart\u00f3val.<\/p>\n<p>V\u00e1s\u00e1rl\u00e1s el\u0151tt ellen\u0151rizze, hogy kompatibilis-e az adott laptopmodellj\u00e9vel.<\/p>\n","protected":false},"excerpt":{"rendered":"<p>N\u00f6velje HP 15-G 15-R 15-H 15-T 250 G3 255 G3 laptopja billenty\u0171zet\u00e9nek t\u00e1mogat\u00e1s\u00e1t a HP 15-r099sm billenty\u0171zettart\u00f3val. \u00c9lvezze a stabil \u00e9s k\u00e9nyelmes g\u00e9pel\u00e9st ezzel az eredeti billenty\u0171zettart\u00f3val.<\/p>\n","protected":false},"featured_media":4104,"template":"","meta":[],"product_brand":[],"product_cat":[16],"product_tag":[25],"class_list":{"0":"post-4076","1":"product","2":"type-product","3":"status-publish","4":"has-post-thumbnail","6":"product_cat-laptop-housing","7":"product_tag-hp","9":"first","10":"instock","11":"taxable","12":"shipping-taxable","13":"purchasable","14":"product-type-simple"},"_links":{"self":[{"href":"https:\/\/boreait.com\/hu\/wp-json\/wp\/v2\/product\/4076","targetHints":{"allow":["GET"]}}],"collection":[{"href":"https:\/\/boreait.com\/hu\/wp-json\/wp\/v2\/product"}],"about":[{"href":"https:\/\/boreait.com\/hu\/wp-json\/wp\/v2\/types\/product"}],"wp:featuredmedia":[{"embeddable":true,"href":"https:\/\/boreait.com\/hu\/wp-json\/wp\/v2\/media\/4104"}],"wp:attachment":[{"href":"https:\/\/boreait.com\/hu\/wp-json\/wp\/v2\/media?parent=4076"}],"wp:term":[{"taxonomy":"product_brand","embeddable":true,"href":"https:\/\/boreait.com\/hu\/wp-json\/wp\/v2\/product_brand?post=4076"},{"taxonomy":"product_cat","embeddable":true,"href":"https:\/\/boreait.com\/hu\/wp-json\/wp\/v2\/product_cat?post=4076"},{"taxonomy":"product_tag","embeddable":true,"href":"https:\/\/boreait.com\/hu\/wp-json\/wp\/v2\/product_tag?post=4076"}],"curies":[{"name":"wp","href":"https:\/\/api.w.org\/{rel}","templated":true}]}}