{"id":4058,"date":"2025-09-17T10:50:12","date_gmt":"2025-09-17T08:50:12","guid":{"rendered":"https:\/\/boreait.com\/hu\/?post_type=product&#038;p=4058"},"modified":"2025-09-17T10:50:52","modified_gmt":"2025-09-17T08:50:52","slug":"hp-probook-4540s-4545s-kepernyopantok-34-45j03-34-45j04","status":"publish","type":"product","link":"https:\/\/boreait.com\/hu\/termek\/hp-probook-4540s-4545s-kepernyopantok-34-45j03-34-45j04\/","title":{"rendered":"HP Probook 4540s 4545S k\u00e9perny\u0151p\u00e1ntok 34.45J03, 34.45J04"},"content":{"rendered":"<p>N\u00f6velje HP ProBook 4540s 4545S 34.45J03, 34.45J04 laptopja funkcionalit\u00e1s\u00e1t \u00e9s tart\u00f3ss\u00e1g\u00e1t ezekkel a kiv\u00e1l\u00f3 min\u0151s\u00e9g\u0171 k\u00e9perny\u0151p\u00e1ntokkal. Megb\u00edzhat\u00f3 t\u00e1mogat\u00e1st \u00e9s egyenletes mozg\u00e1st biztos\u00edt\u00f3 zsan\u00e9rok biztos\u00edtj\u00e1k a laptop kijelz\u0151j\u00e9nek stabil \u00e9s pontos nyit\u00e1s\u00e1t \u00e9s z\u00e1r\u00e1s\u00e1t.<\/p>\n<p>A kompatibilit\u00e1s \u00e9s a hossz\u00fa \u00e9lettartam \u00e9rdek\u00e9ben megalkotott HP ProBook 4540s 4545S k\u00e9perny\u0151p\u00e1ntok eredeti OEM cserealkatr\u00e9szek, amelyeket \u00fagy terveztek, hogy z\u00f6kken\u0151mentesen illeszkedjenek a laptophoz. F\u00fcggetlen\u00fcl att\u00f3l, hogy \u00d6n egy profi, aki munk\u00e1ja sor\u00e1n haszn\u00e1lja a laptopj\u00e1t, vagy egy di\u00e1k, aki tanulm\u00e1nyokhoz haszn\u00e1lja, ezek a zsan\u00e9rok elengedhetetlenek eszk\u00f6ze szerkezeti integrit\u00e1s\u00e1nak meg\u0151rz\u00e9s\u00e9hez.<\/p>\n<p>A zsan\u00e9rok felszerel\u00e9se egyszer\u0171, k\u00f6sz\u00f6nhet\u0151en a prec\u00edzi\u00f3s kialak\u00edt\u00e1snak, amely illeszkedik a HP ProBook 4540s eredeti alkatr\u00e9szeihez.<\/p>\n<p>Friss\u00edtse laptopja kijelz\u0151p\u00e1ntjait m\u00e9g ma, hogy megb\u00edzhat\u00f3 \u00e9s tart\u00f3s teljes\u00edtm\u00e9nyt biztos\u00edtson. Ezek a zsan\u00e9rok ide\u00e1lis v\u00e1laszt\u00e1st jelentenek a HP ProBook 4540s 4545S jobb k\u00e9perny\u0151stabilit\u00e1st \u00e9s hossz\u00fa \u00e9lettartamot keres\u0151 felhaszn\u00e1l\u00f3k sz\u00e1m\u00e1ra.<\/p>\n<p>V\u00e1s\u00e1rl\u00e1s el\u0151tt ellen\u0151rizze, hogy kompatibilis-e az adott laptopmodellj\u00e9vel.<\/p>\n","protected":false},"excerpt":{"rendered":"<p>Fejlessze fel HP ProBook 4540s 4545S laptopj\u00e1t ezekkel az eredeti OEM k\u00e9perny\u0151p\u00e1ntokkal. \u00c9lvezze a kijelz\u0151 egyenletes \u00e9s stabil mozg\u00e1s\u00e1t a jobb funkcionalit\u00e1s \u00e9s a tart\u00f3ss\u00e1g \u00e9rdek\u00e9ben.<\/p>\n","protected":false},"featured_media":4101,"template":"","meta":[],"product_brand":[],"product_cat":[19],"product_tag":[25],"class_list":{"0":"post-4058","1":"product","2":"type-product","3":"status-publish","4":"has-post-thumbnail","6":"product_cat-screen-hinge","7":"product_tag-hp","9":"first","10":"instock","11":"taxable","12":"shipping-taxable","13":"purchasable","14":"product-type-simple"},"_links":{"self":[{"href":"https:\/\/boreait.com\/hu\/wp-json\/wp\/v2\/product\/4058","targetHints":{"allow":["GET"]}}],"collection":[{"href":"https:\/\/boreait.com\/hu\/wp-json\/wp\/v2\/product"}],"about":[{"href":"https:\/\/boreait.com\/hu\/wp-json\/wp\/v2\/types\/product"}],"wp:featuredmedia":[{"embeddable":true,"href":"https:\/\/boreait.com\/hu\/wp-json\/wp\/v2\/media\/4101"}],"wp:attachment":[{"href":"https:\/\/boreait.com\/hu\/wp-json\/wp\/v2\/media?parent=4058"}],"wp:term":[{"taxonomy":"product_brand","embeddable":true,"href":"https:\/\/boreait.com\/hu\/wp-json\/wp\/v2\/product_brand?post=4058"},{"taxonomy":"product_cat","embeddable":true,"href":"https:\/\/boreait.com\/hu\/wp-json\/wp\/v2\/product_cat?post=4058"},{"taxonomy":"product_tag","embeddable":true,"href":"https:\/\/boreait.com\/hu\/wp-json\/wp\/v2\/product_tag?post=4058"}],"curies":[{"name":"wp","href":"https:\/\/api.w.org\/{rel}","templated":true}]}}