{"id":4056,"date":"2025-09-17T10:50:11","date_gmt":"2025-09-17T08:50:11","guid":{"rendered":"https:\/\/boreait.com\/hu\/?post_type=product&#038;p=4056"},"modified":"2025-09-17T10:50:49","modified_gmt":"2025-09-17T08:50:49","slug":"eredeti-hp-pavilion-dv6t-7300-dvd%c2%b1rw-belso-optikai-meghajto-657534-fc2-sn-208","status":"publish","type":"product","link":"https:\/\/boreait.com\/hu\/termek\/eredeti-hp-pavilion-dv6t-7300-dvd%c2%b1rw-belso-optikai-meghajto-657534-fc2-sn-208\/","title":{"rendered":"Eredeti HP Pavilion DV6T-7300 DVD\u00b1RW bels\u0151 optikai meghajt\u00f3 &#8211; 657534-FC2 SN-208"},"content":{"rendered":"<p>Friss\u00edtse HP Pavilion DV6T-7300 laptopja optikai meghajt\u00f3j\u00e1t az Eredeti HP Pavilion DV6T-7300 DVD\u00b1RW bels\u0151 optikai meghajt\u00f3val &#8211; 657534-FC2 SN-208. Ez az eredeti bels\u0151 optikai meghajt\u00f3 z\u00f6kken\u0151mentes integr\u00e1ci\u00f3t, valamint jobb lemezolvas\u00e1si \u00e9s -\u00edr\u00e1si teljes\u00edtm\u00e9nyt biztos\u00edt laptopja m\u00e9diak\u00e9pess\u00e9geinek jav\u00edt\u00e1s\u00e1ra, a jobb sz\u00e1m\u00edt\u00e1stechnikai \u00e9lm\u00e9ny \u00e9rdek\u00e9ben.<\/p>\n<p>A HP \u00e1ltal gy\u00e1rtott, megb\u00edzhat\u00f3 n\u00e9v a sz\u00e1m\u00edt\u00e1stechnik\u00e1ban. Az Eredeti HP Pavilion DV6T-7300 DVD\u00b1RW bels\u0151 optikai meghajt\u00f3 \u2013 657534-FC2 SN-208 \u2013 megb\u00edzhat\u00f3 optikai lemezfunkci\u00f3kat biztos\u00edt. A laptop bels\u0151 rendszereinek alapvet\u0151 elemek\u00e9nt ez az optikai meghajt\u00f3 kulcsszerepet j\u00e1tszik a CD-k \u00e9s DVD-k olvas\u00e1s\u00e1ban \u00e9s \u00edr\u00e1s\u00e1ban, \u00edgy ide\u00e1lis szoftverek telep\u00edt\u00e9s\u00e9hez, filmek n\u00e9z\u00e9s\u00e9hez vagy biztons\u00e1gi ment\u00e9sek k\u00e9sz\u00edt\u00e9s\u00e9hez.<\/p>\n<p>Ak\u00e1r profi, aki optikai adathordoz\u00f3kra t\u00e1maszkodik a szoftvertelep\u00edt\u00e9shez, vagy olyan felhaszn\u00e1l\u00f3, aki szeret DVD-ket n\u00e9zni, ez az optikai meghajt\u00f3 az \u00d6n \u00e1ltal elv\u00e1rt k\u00e9nyelmet \u00e9s hat\u00e9konys\u00e1got biztos\u00edtja. Lehet\u0151v\u00e9 teszi a CD-k \u00e9s DVD-k tartalm\u00e1nak gyors \u00e9s megb\u00edzhat\u00f3 el\u00e9r\u00e9s\u00e9t \u00e9s l\u00e9trehoz\u00e1s\u00e1t.<\/p>\n<p>A telep\u00edt\u00e9s egyszer\u0171 az OEM-kialak\u00edt\u00e1snak k\u00f6sz\u00f6nhet\u0151en, amely illeszkedik a laptop eredeti alkatr\u00e9szeihez. Az eredeti HP alkatr\u00e9szek kiv\u00e1laszt\u00e1s\u00e1val laptopja optikai lemezeinek min\u0151s\u00e9g\u00e9be \u00e9s megb\u00edzhat\u00f3s\u00e1g\u00e1ba fektet be.<\/p>\n<p>Friss\u00edtse laptopja optikai meghajt\u00f3j\u00e1t az Eredeti HP Pavilion DV6T-7300 DVD\u00b1RW bels\u0151 optikai meghajt\u00f3val &#8211; 657534-FC2 SN-208. \u00c9lvezze a jobb lemezolvas\u00e1si \u00e9s -\u00edr\u00e1si teljes\u00edtm\u00e9nyt, a z\u00f6kken\u0151mentes m\u00e9diahozz\u00e1f\u00e9r\u00e9st \u00e9s a hat\u00e9kony CD\/DVD-funkci\u00f3kat a Pavilion DV6T-7300 k\u00e9sz\u00fcl\u00e9ken. N\u00f6velje sz\u00e1m\u00edt\u00e1stechnikai \u00e9lm\u00e9ny\u00e9t ezzel a megb\u00edzhat\u00f3 \u00e9s hat\u00e9kony optikai meghajt\u00f3val.<\/p>\n<p>V\u00e1s\u00e1rl\u00e1s el\u0151tt ellen\u0151rizze, hogy kompatibilis-e az adott laptopmodellj\u00e9vel.<\/p>\n","protected":false},"excerpt":{"rendered":"<p>Friss\u00edtse HP Pavilion DV6T-7300 laptopja optikai meghajt\u00f3j\u00e1t az Eredeti HP Pavilion DV6T-7300 DVD\u00b1RW bels\u0151 optikai meghajt\u00f3val &#8211; 657534-FC2 SN-208. \u00c9lvezze a jobb lemezolvas\u00e1si \u00e9s -\u00edr\u00e1si teljes\u00edtm\u00e9nyt, valamint a hat\u00e9kony CD\/DVD-funkci\u00f3kat.<\/p>\n","protected":false},"featured_media":4099,"template":"","meta":[],"product_brand":[],"product_cat":[27],"product_tag":[25],"class_list":{"0":"post-4056","1":"product","2":"type-product","3":"status-publish","4":"has-post-thumbnail","6":"product_cat-motherboards-board-parts","7":"product_tag-hp","9":"first","10":"instock","11":"taxable","12":"shipping-taxable","13":"purchasable","14":"product-type-simple"},"_links":{"self":[{"href":"https:\/\/boreait.com\/hu\/wp-json\/wp\/v2\/product\/4056","targetHints":{"allow":["GET"]}}],"collection":[{"href":"https:\/\/boreait.com\/hu\/wp-json\/wp\/v2\/product"}],"about":[{"href":"https:\/\/boreait.com\/hu\/wp-json\/wp\/v2\/types\/product"}],"wp:featuredmedia":[{"embeddable":true,"href":"https:\/\/boreait.com\/hu\/wp-json\/wp\/v2\/media\/4099"}],"wp:attachment":[{"href":"https:\/\/boreait.com\/hu\/wp-json\/wp\/v2\/media?parent=4056"}],"wp:term":[{"taxonomy":"product_brand","embeddable":true,"href":"https:\/\/boreait.com\/hu\/wp-json\/wp\/v2\/product_brand?post=4056"},{"taxonomy":"product_cat","embeddable":true,"href":"https:\/\/boreait.com\/hu\/wp-json\/wp\/v2\/product_cat?post=4056"},{"taxonomy":"product_tag","embeddable":true,"href":"https:\/\/boreait.com\/hu\/wp-json\/wp\/v2\/product_tag?post=4056"}],"curies":[{"name":"wp","href":"https:\/\/api.w.org\/{rel}","templated":true}]}}