{"id":4055,"date":"2025-09-17T10:50:11","date_gmt":"2025-09-17T08:50:11","guid":{"rendered":"https:\/\/boreait.com\/hu\/?post_type=product&#038;p=4055"},"modified":"2025-09-17T10:50:48","modified_gmt":"2025-09-17T08:50:48","slug":"683478-001-604sj07001-eredeti-eredeti-hp-lcd-bezel-probook-4540s-4545s","status":"publish","type":"product","link":"https:\/\/boreait.com\/hu\/termek\/683478-001-604sj07001-eredeti-eredeti-hp-lcd-bezel-probook-4540s-4545s\/","title":{"rendered":"683478-001 604SJ07001 EREDETI EREDETI HP LCD BEZEL PROBOOK 4540S 4545s"},"content":{"rendered":"<p>Fokozza HP ProBook 4540S 4545s laptopja vizu\u00e1lis vonzerej\u00e9t \u00e9s v\u00e9delm\u00e9t a 683478-001 604SJ07001 eredeti HP LCD el\u0151lappal. \u00dagy tervezt\u00e9k, hogy t\u00f6k\u00e9letes illeszked\u00e9st biztos\u00edtson \u00e9s v\u00e9dje laptopja LCD-k\u00e9perny\u0151j\u00e9t, ez az eredeti HP el\u0151lap funkcionalit\u00e1st \u00e9s st\u00edlust egyar\u00e1nt k\u00edn\u00e1l.<\/p>\n<p>A HP, a sz\u00e1m\u00edt\u00e1stechnika egyik megb\u00edzhat\u00f3 vezet\u0151je k\u00e9sz\u00edtette ezt az eredeti LCD-el\u0151lapot, amely megb\u00edzhat\u00f3 integr\u00e1ci\u00f3t biztos\u00edt ProBook 4540S-vel. Alapvet\u0151 elemk\u00e9nt ez az el\u0151lap seg\u00edt meg\u00f3vni laptopja kijelz\u0151j\u00e9t a port\u00f3l, szennyez\u0151d\u00e9sekt\u0151l \u00e9s kisebb \u00fct\u00e9sekt\u0151l, mik\u00f6zben csiszolt, professzion\u00e1lis megjelen\u00e9st biztos\u00edt.<\/p>\n<p>Ak\u00e1r s\u00e9r\u00fclt el\u0151lapot kell kicser\u00e9lnie, ak\u00e1r felfriss\u00edtett megjelen\u00e9st szeretne laptopj\u00e1nak, a 683478-001 604SJ07001 el\u0151lap a t\u00f6k\u00e9letes v\u00e1laszt\u00e1s. Meg\u0151rzi a laptop diz\u00e1jnj\u00e1nak integrit\u00e1s\u00e1t, biztos\u00edtva, hogy tov\u00e1bbra is professzionalizmust sug\u00e1rozzon b\u00e1rmilyen k\u00f6rnyezetben.<\/p>\n<p>A telep\u00edt\u00e9s egyszer\u0171, k\u00f6sz\u00f6nhet\u0151en a prec\u00edz kialak\u00edt\u00e1snak, amely illeszkedik a laptop eredeti alkatr\u00e9szeihez. Az eredeti HP alkatr\u00e9szek kiv\u00e1laszt\u00e1s\u00e1val laptopja megjelen\u00e9s\u00e9nek \u00e9s v\u00e9delm\u00e9nek min\u0151s\u00e9g\u00e9be \u00e9s megb\u00edzhat\u00f3s\u00e1g\u00e1ba fektet be.<\/p>\n<p>Friss\u00edtse eszt\u00e9tik\u00e1j\u00e1t \u00e9s \u00f3vja meg laptopja kijelz\u0151j\u00e9t a 683478-001 604SJ07001 eredeti HP LCD el\u0151lappal a ProBook 4540S k\u00e9sz\u00fcl\u00e9khez. \u00c9lvezze a friss\u00edtett megjelen\u00e9st \u00e9s a fokozott v\u00e9delmet, mik\u00f6zben meg\u0151rzi ProBookja professzionalizmus\u00e1t b\u00e1rmilyen k\u00f6rnyezetben.<\/p>\n<p>V\u00e1s\u00e1rl\u00e1s el\u0151tt ellen\u0151rizze, hogy kompatibilis-e az adott laptopmodellj\u00e9vel.<\/p>\n","protected":false},"excerpt":{"rendered":"<p>Fokozza \u00e9s v\u00e9dje meg HP ProBook 4540S 4545s laptopj\u00e1t a 683478-001 604SJ07001 eredeti HP LCD el\u0151lappal. \u00c9lvezze laptopja kijelz\u0151j\u00e9nek friss\u00edtett megjelen\u00e9s\u00e9t \u00e9s professzion\u00e1lis v\u00e9delm\u00e9t.<\/p>\n","protected":false},"featured_media":4097,"template":"","meta":[],"product_brand":[],"product_cat":[16],"product_tag":[25],"class_list":{"0":"post-4055","1":"product","2":"type-product","3":"status-publish","4":"has-post-thumbnail","6":"product_cat-laptop-housing","7":"product_tag-hp","9":"first","10":"instock","11":"taxable","12":"shipping-taxable","13":"purchasable","14":"product-type-simple"},"_links":{"self":[{"href":"https:\/\/boreait.com\/hu\/wp-json\/wp\/v2\/product\/4055","targetHints":{"allow":["GET"]}}],"collection":[{"href":"https:\/\/boreait.com\/hu\/wp-json\/wp\/v2\/product"}],"about":[{"href":"https:\/\/boreait.com\/hu\/wp-json\/wp\/v2\/types\/product"}],"wp:featuredmedia":[{"embeddable":true,"href":"https:\/\/boreait.com\/hu\/wp-json\/wp\/v2\/media\/4097"}],"wp:attachment":[{"href":"https:\/\/boreait.com\/hu\/wp-json\/wp\/v2\/media?parent=4055"}],"wp:term":[{"taxonomy":"product_brand","embeddable":true,"href":"https:\/\/boreait.com\/hu\/wp-json\/wp\/v2\/product_brand?post=4055"},{"taxonomy":"product_cat","embeddable":true,"href":"https:\/\/boreait.com\/hu\/wp-json\/wp\/v2\/product_cat?post=4055"},{"taxonomy":"product_tag","embeddable":true,"href":"https:\/\/boreait.com\/hu\/wp-json\/wp\/v2\/product_tag?post=4055"}],"curies":[{"name":"wp","href":"https:\/\/api.w.org\/{rel}","templated":true}]}}