{"id":4054,"date":"2025-09-17T10:50:11","date_gmt":"2025-09-17T08:50:11","guid":{"rendered":"https:\/\/boreait.com\/hu\/?post_type=product&#038;p=4054"},"modified":"2026-01-10T16:46:10","modified_gmt":"2026-01-10T15:46:10","slug":"usb-csatlakozo-50-4sj03-021-hp-probook-4740s-hez","status":"publish","type":"product","link":"https:\/\/boreait.com\/hu\/termek\/usb-csatlakozo-50-4sj03-021-hp-probook-4740s-hez\/","title":{"rendered":"USB-csatlakoz\u00f3 50.4sj03.021 HP Probook 4740s-hez"},"content":{"rendered":"<p>N\u00f6velje HP Probook 4740s laptopja csatlakoztathat\u00f3s\u00e1g\u00e1t az 50.4sj03.021 USB-csatlakoz\u00f3val. A laptop USB-funkci\u00f3inak optimaliz\u00e1l\u00e1s\u00e1ra kialak\u00edtott eredeti USB-csatlakoz\u00f3 z\u00f6kken\u0151mentes integr\u00e1ci\u00f3t \u00e9s jobb haszn\u00e1lhat\u00f3s\u00e1got biztos\u00edt a jobb sz\u00e1m\u00edt\u00e1stechnikai \u00e9lm\u00e9ny \u00e9rdek\u00e9ben.<\/p>\n<p>A HP sz\u00e1m\u00e1ra gy\u00e1rtott, megb\u00edzhat\u00f3 n\u00e9v a sz\u00e1m\u00edt\u00e1stechnik\u00e1ban, az 50.4sj03.021 USB-csatlakoz\u00f3t \u00fagy tervezt\u00e9k, hogy megb\u00edzhat\u00f3 \u00e9s hat\u00e9kony USB-kapcsolatot biztos\u00edtson. A laptop bels\u0151 rendszereinek n\u00e9lk\u00fcl\u00f6zhetetlen elemek\u00e9nt ez a csatlakoz\u00f3 kulcsfontoss\u00e1g\u00fa szerepet j\u00e1tszik az USB csatlakoz\u00e1si lehet\u0151s\u00e9gek b\u0151v\u00edt\u00e9s\u00e9ben.<\/p>\n<p>Ak\u00e1r k\u00fcls\u0151 eszk\u00f6z\u00f6k csatlakoztat\u00e1s\u00e1ra, adatok \u00e1tvitel\u00e9re vagy perif\u00e9ri\u00e1k t\u00f6lt\u00e9s\u00e9re van sz\u00fcks\u00e9ge, ez az USB-csatlakoz\u00f3 biztos\u00edtja a k\u00edv\u00e1nt k\u00e9nyelmet \u00e9s hat\u00e9konys\u00e1got. A rendelkez\u00e9s\u00e9re \u00e1ll\u00f3 t\u00f6bb USB-porttal k\u00f6nnyed\u00e9n elhelyezhet k\u00fcl\u00f6nf\u00e9le eszk\u00f6z\u00f6ket an\u00e9lk\u00fcl, hogy tov\u00e1bbi adapterekre vagy hubokra lenne sz\u00fcks\u00e9ge.<\/p>\n<p>A telep\u00edt\u00e9s egyszer\u0171 a laptop eredeti alkatr\u00e9szeihez igazod\u00f3 kialak\u00edt\u00e1snak k\u00f6sz\u00f6nhet\u0151en. Az eredeti HP alkatr\u00e9szek kiv\u00e1laszt\u00e1s\u00e1val laptopja csatlakoz\u00e1s\u00e1nak min\u0151s\u00e9g\u00e9be \u00e9s megb\u00edzhat\u00f3s\u00e1g\u00e1ba fektet be.<\/p>\n<p>Friss\u00edtse laptopja csatlakoztathat\u00f3s\u00e1g\u00e1t a HP Probook 4740s 50.4sj03.021 USB-csatlakoz\u00f3val. N\u00f6velje USB-k\u00e9pess\u00e9geit, egyszer\u0171s\u00edtse a munkafolyamatokat, \u00e9s csatlakoztassa a k\u00fcls\u0151 eszk\u00f6z\u00f6ket k\u00f6nnyed\u00e9n ezzel a megb\u00edzhat\u00f3 \u00e9s hat\u00e9kony csatlakoz\u00f3val.<\/p>\n<p>V\u00e1s\u00e1rl\u00e1s el\u0151tt ellen\u0151rizze, hogy kompatibilis-e az adott laptopmodellj\u00e9vel.<\/p>\n","protected":false},"excerpt":{"rendered":"<p>N\u00f6velje HP Probook 4740s laptopja csatlakoztathat\u00f3s\u00e1g\u00e1t az 50.4sj03.021 USB-csatlakoz\u00f3val. \u00c9lvezze a kib\u0151v\u00edtett USB-k\u00e9pess\u00e9geket \u00e9s az egyszer\u0171 eszk\u00f6zcsatlakoz\u00e1sokat.<\/p>\n","protected":false},"featured_media":4096,"template":"","meta":[],"product_brand":[],"product_cat":[20],"product_tag":[25],"class_list":{"0":"post-4054","1":"product","2":"type-product","3":"status-publish","4":"has-post-thumbnail","6":"product_cat-cables","7":"product_tag-hp","9":"first","10":"instock","11":"taxable","12":"shipping-taxable","13":"purchasable","14":"product-type-simple"},"_links":{"self":[{"href":"https:\/\/boreait.com\/hu\/wp-json\/wp\/v2\/product\/4054","targetHints":{"allow":["GET"]}}],"collection":[{"href":"https:\/\/boreait.com\/hu\/wp-json\/wp\/v2\/product"}],"about":[{"href":"https:\/\/boreait.com\/hu\/wp-json\/wp\/v2\/types\/product"}],"wp:featuredmedia":[{"embeddable":true,"href":"https:\/\/boreait.com\/hu\/wp-json\/wp\/v2\/media\/4096"}],"wp:attachment":[{"href":"https:\/\/boreait.com\/hu\/wp-json\/wp\/v2\/media?parent=4054"}],"wp:term":[{"taxonomy":"product_brand","embeddable":true,"href":"https:\/\/boreait.com\/hu\/wp-json\/wp\/v2\/product_brand?post=4054"},{"taxonomy":"product_cat","embeddable":true,"href":"https:\/\/boreait.com\/hu\/wp-json\/wp\/v2\/product_cat?post=4054"},{"taxonomy":"product_tag","embeddable":true,"href":"https:\/\/boreait.com\/hu\/wp-json\/wp\/v2\/product_tag?post=4054"}],"curies":[{"name":"wp","href":"https:\/\/api.w.org\/{rel}","templated":true}]}}